{"id":42858,"date":"2025-11-19T18:47:31","date_gmt":"2025-11-19T21:47:31","guid":{"rendered":"https:\/\/www.unisantos.br\/graduacao\/?page_id=42858"},"modified":"2026-03-17T15:59:15","modified_gmt":"2026-03-17T18:59:15","slug":"analise-e-desenvolvimento-de-sistemas-ead","status":"publish","type":"page","link":"https:\/\/www.unisantos.br\/graduacao\/analise-e-desenvolvimento-de-sistemas-ead\/","title":{"rendered":"An\u00e1lise e Desenvolvimento de Sistemas"},"content":{"rendered":"","protected":false},"excerpt":{"rendered":"","protected":false},"author":1,"featured_media":0,"parent":0,"menu_order":0,"comment_status":"closed","ping_status":"closed","template":"curso.php","meta":{"footnotes":""},"acf":{"repetidor_video":[{"imagem_video":"https:\/\/www.unisantos.br\/graduacao\/wp-content\/uploads\/sites\/4\/2025\/11\/Analise-e-Desenvolvimento-de-Sistemas.jpg","video":"","link":""}],"icone":false,"subtitulo":"","selo":false,"texto_premio":"","premios":false,"titulo_conv":"Aguarde! Em breve, lan\u00e7amento do Edital. Junte-se a n\u00f3s!","convenios":false,"descricao_conv":"O profissional de An\u00e1lise e Desenvolvimento de Sistemas est\u00e1 entre os mais procurados do mercado, criando, implementando e mantendo sistemas que garantem efici\u00eancia, inova\u00e7\u00e3o e competitividade \u00e0s empresas. Se voc\u00ea quer entrar ou crescer na \u00e1rea de tecnologia, mesmo come\u00e7ando do zero, este \u00e9 um dos caminhos mais r\u00e1pidos e seguros para conquistar novas oportunidades.","conteudos":false,"titulo_diferenciais":"","diferenciais":false,"certificados":false,"estrutura_unica":"\u00c9 uma forma\u00e7\u00e3o pr\u00e1tica e atual, pensada para quem precisa conciliar estudo e trabalho, e quer evoluir r\u00e1pido com o suporte de uma universidade tradicional e reconhecida. No curso de ADS EaD da UNISANTOS, voc\u00ea estuda e aprende exatamente o que o mercado exige: programa\u00e7\u00e3o, banco de dados, desenvolvimento web, seguran\u00e7a da informa\u00e7\u00e3o e muito mais. ","onde_trabalhar":"Um profissional de An\u00e1lise e Desenvolvimento de Sistemas (ADS) possui um dos perfis mais procurados no mercado de tecnologia. Ele pode atuar em diversas \u00e1reas, desde a cria\u00e7\u00e3o de softwares at\u00e9 a infraestrutura que mant\u00e9m sistemas funcionando.","coordenador":"","diretor":"","menu":false,"codigo":"910","endereco":"","rodape":"","percursos_formativos":false,"periodo":[],"duracao":"5 semestres","conceito-mec":{"conceito":"Conceito MEC","valor":"EXCELENTE"},"conteudo_curricular":"","modalidade":["ead"],"mais_informacoes":[{"icone":false,"titulo":"Curso reconhecido pelo MEC","link":""},{"icone":false,"titulo":"Cursos em conformidade com o Decreto n\u00ba 12.456\/2025 ","link":""},{"icone":false,"titulo":"","link":""},{"icone":false,"titulo":"","link":""}],"botao_especial":{"imagem":false,"link":""},"depoimentos":false},"_links":{"self":[{"href":"https:\/\/www.unisantos.br\/graduacao\/wp-json\/wp\/v2\/pages\/42858"}],"collection":[{"href":"https:\/\/www.unisantos.br\/graduacao\/wp-json\/wp\/v2\/pages"}],"about":[{"href":"https:\/\/www.unisantos.br\/graduacao\/wp-json\/wp\/v2\/types\/page"}],"author":[{"embeddable":true,"href":"https:\/\/www.unisantos.br\/graduacao\/wp-json\/wp\/v2\/users\/1"}],"replies":[{"embeddable":true,"href":"https:\/\/www.unisantos.br\/graduacao\/wp-json\/wp\/v2\/comments?post=42858"}],"version-history":[{"count":37,"href":"https:\/\/www.unisantos.br\/graduacao\/wp-json\/wp\/v2\/pages\/42858\/revisions"}],"predecessor-version":[{"id":43248,"href":"https:\/\/www.unisantos.br\/graduacao\/wp-json\/wp\/v2\/pages\/42858\/revisions\/43248"}],"wp:attachment":[{"href":"https:\/\/www.unisantos.br\/graduacao\/wp-json\/wp\/v2\/media?parent=42858"}],"curies":[{"name":"wp","href":"https:\/\/api.w.org\/{rel}","templated":true}]}}