{"id":39133,"date":"2021-11-05T14:29:25","date_gmt":"2021-11-05T17:29:25","guid":{"rendered":"http:\/\/www.unisantos.br\/teste-vest22\/?page_id=39133"},"modified":"2022-12-09T15:48:46","modified_gmt":"2022-12-09T18:48:46","slug":"transferencias","status":"publish","type":"page","link":"https:\/\/www.unisantos.br\/graduacao\/transferencias\/","title":{"rendered":"Transfer\u00eancias"},"content":{"rendered":"","protected":false},"excerpt":{"rendered":"","protected":false},"author":12,"featured_media":0,"parent":0,"menu_order":0,"comment_status":"closed","ping_status":"closed","template":"","meta":{"footnotes":""},"acf":{"conteudo":[{"acf_fc_layout":"texto","texto":"<h1 class=\"entry-sub-title\">Transfira-se para uma das melhores universidades do pa\u00eds!<\/h1>\n<p>Se voc\u00ea quer mais para o seu futuro profissional, transfira-se para a universidade que mais valoriza voc\u00ea no mercado de trabalho \u2013 a UniSantos. Voc\u00ea ver\u00e1 que faz diferen\u00e7a estudar em uma institui\u00e7\u00e3o comprometida com o ensino de qualidade e o desenvolvimento humano. E n\u00e3o s\u00f3 isso. Voc\u00ea tamb\u00e9m poder\u00e1 participar do maior programa de bolsas da regi\u00e3o, com desconto nas demais mensalidades.<\/p>\n<p>Consulte a nossa rela\u00e7\u00e3o de cursos. Escolha aquele de seu interesse e entre em contato conosco.<\/p>\n"},{"acf_fc_layout":"botoes","botoes":[{"link":{"title":"CHAT ONLINE","url":"https:\/\/api.whatsapp.com\/send\/?phone=551332055555&amp;text=Tenho+interesse+em+estudar+na+UNISANTOS&amp;type=phone_number&amp;app_absent=0","target":""}}]},{"acf_fc_layout":"galeria","galeria":[{"imagem":{"ID":39159,"id":39159,"title":"TRENDS_039","filename":"TRENDS_039.jpg","filesize":336123,"url":"https:\/\/www.unisantos.br\/graduacao\/wp-content\/uploads\/sites\/4\/2021\/11\/TRENDS_039.jpg","link":"https:\/\/www.unisantos.br\/graduacao\/transferencias\/trends_039-3\/","alt":"","author":"12","description":"","caption":"","name":"trends_039-3","status":"inherit","uploaded_to":39133,"date":"2021-11-05 18:06:27","modified":"2021-11-05 18:06:27","menu_order":0,"mime_type":"image\/jpeg","type":"image","subtype":"jpeg","icon":"https:\/\/www.unisantos.br\/graduacao\/wp-includes\/images\/media\/default.png","width":1198,"height":800,"sizes":{"thumbnail":"https:\/\/www.unisantos.br\/graduacao\/wp-content\/uploads\/sites\/4\/2021\/11\/TRENDS_039-150x150.jpg","thumbnail-width":150,"thumbnail-height":150,"medium":"https:\/\/www.unisantos.br\/graduacao\/wp-content\/uploads\/sites\/4\/2021\/11\/TRENDS_039-300x200.jpg","medium-width":300,"medium-height":200,"medium_large":"https:\/\/www.unisantos.br\/graduacao\/wp-content\/uploads\/sites\/4\/2021\/11\/TRENDS_039-768x513.jpg","medium_large-width":768,"medium_large-height":513,"large":"https:\/\/www.unisantos.br\/graduacao\/wp-content\/uploads\/sites\/4\/2021\/11\/TRENDS_039-1024x684.jpg","large-width":1024,"large-height":684,"1536x1536":"https:\/\/www.unisantos.br\/graduacao\/wp-content\/uploads\/sites\/4\/2021\/11\/TRENDS_039.jpg","1536x1536-width":1198,"1536x1536-height":800,"2048x2048":"https:\/\/www.unisantos.br\/graduacao\/wp-content\/uploads\/sites\/4\/2021\/11\/TRENDS_039.jpg","2048x2048-width":1198,"2048x2048-height":800}}},{"imagem":{"ID":39162,"id":39162,"title":"WhatsApp-Image-2021-10-29-at-14.17","filename":"WhatsApp-Image-2021-10-29-at-14.17.jpg","filesize":249183,"url":"https:\/\/www.unisantos.br\/graduacao\/wp-content\/uploads\/sites\/4\/2021\/11\/WhatsApp-Image-2021-10-29-at-14.17.jpg","link":"https:\/\/www.unisantos.br\/graduacao\/transferencias\/whatsapp-image-2021-10-29-at-14-17-2\/","alt":"","author":"12","description":"","caption":"","name":"whatsapp-image-2021-10-29-at-14-17-2","status":"inherit","uploaded_to":39133,"date":"2021-11-05 18:06:29","modified":"2021-11-05 18:06:29","menu_order":0,"mime_type":"image\/jpeg","type":"image","subtype":"jpeg","icon":"https:\/\/www.unisantos.br\/graduacao\/wp-includes\/images\/media\/default.png","width":1200,"height":750,"sizes":{"thumbnail":"https:\/\/www.unisantos.br\/graduacao\/wp-content\/uploads\/sites\/4\/2021\/11\/WhatsApp-Image-2021-10-29-at-14.17-150x150.jpg","thumbnail-width":150,"thumbnail-height":150,"medium":"https:\/\/www.unisantos.br\/graduacao\/wp-content\/uploads\/sites\/4\/2021\/11\/WhatsApp-Image-2021-10-29-at-14.17-300x188.jpg","medium-width":300,"medium-height":188,"medium_large":"https:\/\/www.unisantos.br\/graduacao\/wp-content\/uploads\/sites\/4\/2021\/11\/WhatsApp-Image-2021-10-29-at-14.17-768x480.jpg","medium_large-width":768,"medium_large-height":480,"large":"https:\/\/www.unisantos.br\/graduacao\/wp-content\/uploads\/sites\/4\/2021\/11\/WhatsApp-Image-2021-10-29-at-14.17-1024x640.jpg","large-width":1024,"large-height":640,"1536x1536":"https:\/\/www.unisantos.br\/graduacao\/wp-content\/uploads\/sites\/4\/2021\/11\/WhatsApp-Image-2021-10-29-at-14.17.jpg","1536x1536-width":1200,"1536x1536-height":750,"2048x2048":"https:\/\/www.unisantos.br\/graduacao\/wp-content\/uploads\/sites\/4\/2021\/11\/WhatsApp-Image-2021-10-29-at-14.17.jpg","2048x2048-width":1200,"2048x2048-height":750}}},{"imagem":{"ID":39160,"id":39160,"title":"TRENDS_068","filename":"TRENDS_068.jpg","filesize":278253,"url":"https:\/\/www.unisantos.br\/graduacao\/wp-content\/uploads\/sites\/4\/2021\/11\/TRENDS_068.jpg","link":"https:\/\/www.unisantos.br\/graduacao\/transferencias\/trends_068-3\/","alt":"","author":"12","description":"","caption":"","name":"trends_068-3","status":"inherit","uploaded_to":39133,"date":"2021-11-05 18:06:28","modified":"2021-11-05 18:06:28","menu_order":0,"mime_type":"image\/jpeg","type":"image","subtype":"jpeg","icon":"https:\/\/www.unisantos.br\/graduacao\/wp-includes\/images\/media\/default.png","width":1204,"height":800,"sizes":{"thumbnail":"https:\/\/www.unisantos.br\/graduacao\/wp-content\/uploads\/sites\/4\/2021\/11\/TRENDS_068-150x150.jpg","thumbnail-width":150,"thumbnail-height":150,"medium":"https:\/\/www.unisantos.br\/graduacao\/wp-content\/uploads\/sites\/4\/2021\/11\/TRENDS_068-300x199.jpg","medium-width":300,"medium-height":199,"medium_large":"https:\/\/www.unisantos.br\/graduacao\/wp-content\/uploads\/sites\/4\/2021\/11\/TRENDS_068-768x510.jpg","medium_large-width":768,"medium_large-height":510,"large":"https:\/\/www.unisantos.br\/graduacao\/wp-content\/uploads\/sites\/4\/2021\/11\/TRENDS_068-1024x680.jpg","large-width":1024,"large-height":680,"1536x1536":"https:\/\/www.unisantos.br\/graduacao\/wp-content\/uploads\/sites\/4\/2021\/11\/TRENDS_068.jpg","1536x1536-width":1204,"1536x1536-height":800,"2048x2048":"https:\/\/www.unisantos.br\/graduacao\/wp-content\/uploads\/sites\/4\/2021\/11\/TRENDS_068.jpg","2048x2048-width":1204,"2048x2048-height":800}}}]}]},"_links":{"self":[{"href":"https:\/\/www.unisantos.br\/graduacao\/wp-json\/wp\/v2\/pages\/39133"}],"collection":[{"href":"https:\/\/www.unisantos.br\/graduacao\/wp-json\/wp\/v2\/pages"}],"about":[{"href":"https:\/\/www.unisantos.br\/graduacao\/wp-json\/wp\/v2\/types\/page"}],"author":[{"embeddable":true,"href":"https:\/\/www.unisantos.br\/graduacao\/wp-json\/wp\/v2\/users\/12"}],"replies":[{"embeddable":true,"href":"https:\/\/www.unisantos.br\/graduacao\/wp-json\/wp\/v2\/comments?post=39133"}],"version-history":[{"count":0,"href":"https:\/\/www.unisantos.br\/graduacao\/wp-json\/wp\/v2\/pages\/39133\/revisions"}],"wp:attachment":[{"href":"https:\/\/www.unisantos.br\/graduacao\/wp-json\/wp\/v2\/media?parent=39133"}],"curies":[{"name":"wp","href":"https:\/\/api.w.org\/{rel}","templated":true}]}}