{"id":38301,"date":"2021-10-28T21:12:51","date_gmt":"2021-10-29T00:12:51","guid":{"rendered":"https:\/\/www.unisantos.br\/vest22\/?page_id=38301"},"modified":"2023-11-13T15:40:14","modified_gmt":"2023-11-13T18:40:14","slug":"biotecnologia","status":"publish","type":"page","link":"https:\/\/www.unisantos.br\/graduacao\/biotecnologia\/","title":{"rendered":"Biotecnologia"},"content":{"rendered":"","protected":false},"excerpt":{"rendered":"","protected":false},"author":1,"featured_media":38396,"parent":0,"menu_order":0,"comment_status":"closed","ping_status":"closed","template":"curso.php","meta":{"footnotes":""},"acf":{"video":"","icone":"https:\/\/www.unisantos.br\/graduacao\/wp-content\/uploads\/sites\/4\/2021\/11\/BIOTECNOLOGIA.svg","texto_premio":"<B>CURSO NOVO!<\/B> CONHE\u00c7A<br \/>\r\nO CURSO DE BIOTECNOLOGIA<br \/>\r\nDE UMA DAS <B>UNIVERSIDADES<br \/>\r\nMAIS PREMIADAS DO P\u00c1IS<\/B>","premios":[{"imagem":"https:\/\/www.unisantos.br\/graduacao\/wp-content\/uploads\/sites\/4\/2021\/11\/selo-mec-inovacao-1-e1727894656677.png","link":""}],"titulo_conv":"<b>PARCERIAS<\/b> ESTRAT\u00c9GICAS","convenios":[{"logo":"https:\/\/www.unisantos.br\/graduacao\/wp-content\/uploads\/sites\/4\/2021\/11\/dell.png","link":""},{"logo":"https:\/\/www.unisantos.br\/graduacao\/wp-content\/uploads\/sites\/4\/2021\/11\/Latin-american-universities-alliance.png","link":""},{"logo":"https:\/\/www.unisantos.br\/graduacao\/wp-content\/uploads\/sites\/4\/2021\/11\/fund-parque-tecnologico.png","link":""},{"logo":"https:\/\/www.unisantos.br\/graduacao\/wp-content\/uploads\/sites\/4\/2021\/11\/cbh-bs.png","link":""},{"logo":"https:\/\/www.unisantos.br\/graduacao\/wp-content\/uploads\/sites\/4\/2021\/11\/ALGETEC-1.png","link":""},{"logo":"https:\/\/www.unisantos.br\/graduacao\/wp-content\/uploads\/sites\/4\/2021\/11\/IMERSYS-1.png","link":""},{"logo":"https:\/\/www.unisantos.br\/graduacao\/wp-content\/uploads\/sites\/4\/2021\/11\/ACM-BOOKS-1.png","link":""},{"logo":"https:\/\/www.unisantos.br\/graduacao\/wp-content\/uploads\/sites\/4\/2021\/11\/artmed-2.png","link":""},{"logo":"https:\/\/www.unisantos.br\/graduacao\/wp-content\/uploads\/sites\/4\/2021\/11\/artes-medicas-1.png","link":""},{"logo":"https:\/\/www.unisantos.br\/graduacao\/wp-content\/uploads\/sites\/4\/2021\/11\/BIBLIOTECA-DIGITAL-SARAIVA-1.png","link":""},{"logo":"https:\/\/www.unisantos.br\/graduacao\/wp-content\/uploads\/sites\/4\/2021\/11\/bookman-1.png","link":""},{"logo":"https:\/\/www.unisantos.br\/graduacao\/wp-content\/uploads\/sites\/4\/2021\/11\/mcgraw-1.png","link":""},{"logo":"https:\/\/www.unisantos.br\/graduacao\/wp-content\/uploads\/sites\/4\/2021\/11\/bireme.png","link":""},{"logo":"https:\/\/www.unisantos.br\/graduacao\/wp-content\/uploads\/sites\/4\/2021\/11\/gerco.png","link":""},{"logo":"https:\/\/www.unisantos.br\/graduacao\/wp-content\/uploads\/sites\/4\/2021\/11\/associacao-comercial-santos.png","link":""},{"logo":"https:\/\/www.unisantos.br\/graduacao\/wp-content\/uploads\/sites\/4\/2021\/11\/pref-santos.png","link":""},{"logo":"https:\/\/www.unisantos.br\/graduacao\/wp-content\/uploads\/sites\/4\/2021\/11\/pref-sao-vicente.png","link":""},{"logo":"https:\/\/www.unisantos.br\/graduacao\/wp-content\/uploads\/sites\/4\/2021\/11\/pref-guaruja.png","link":""},{"logo":"https:\/\/www.unisantos.br\/graduacao\/wp-content\/uploads\/sites\/4\/2021\/11\/pref-praia-grande-1.png","link":""},{"logo":"https:\/\/www.unisantos.br\/graduacao\/wp-content\/uploads\/sites\/4\/2021\/11\/pref-cubatao.png","link":""},{"logo":"https:\/\/www.unisantos.br\/graduacao\/wp-content\/uploads\/sites\/4\/2021\/11\/PREFEITURA-BERTIOGA-1.png","link":""},{"logo":"https:\/\/www.unisantos.br\/graduacao\/wp-content\/uploads\/sites\/4\/2021\/11\/pearson.png","link":""},{"logo":"https:\/\/www.unisantos.br\/graduacao\/wp-content\/uploads\/sites\/4\/2021\/11\/c\u00e1ritas.png","link":""},{"logo":"https:\/\/www.unisantos.br\/graduacao\/wp-content\/uploads\/sites\/4\/2021\/11\/santander.png","link":""},{"logo":"https:\/\/www.unisantos.br\/graduacao\/wp-content\/uploads\/sites\/4\/2021\/11\/google-1.png","link":""},{"logo":"https:\/\/www.unisantos.br\/graduacao\/wp-content\/uploads\/sites\/4\/2021\/11\/microsoft-1.png","link":""},{"logo":"https:\/\/www.unisantos.br\/graduacao\/wp-content\/uploads\/sites\/4\/2021\/11\/regions4-1.png","link":""},{"logo":"https:\/\/www.unisantos.br\/graduacao\/wp-content\/uploads\/sites\/4\/2021\/11\/sec-infra-e-meio-ambiente.png","link":""},{"logo":"https:\/\/www.unisantos.br\/graduacao\/wp-content\/uploads\/sites\/4\/2021\/11\/apasem-1.png","link":""}],"descricao_conv":"O Curso de Gradua\u00e7\u00e3o em Biotecnologia da UNISANTOS abordar\u00e1 em especial o potencial biotecnol\u00f3gico da diversidade vegetal e microbiana de ambientes costeiros, com \u00eanfase no seu aproveitamento de forma sustent\u00e1vel e \u00e9tica. Esta abordagem ser\u00e1 enfatizada semestre a semestre por meio do desenvolvimento de projetos de pesquisa e de desenvolvimento tecnol\u00f3gico em uma dada \u00e1rea de atua\u00e7\u00e3o da Biotecnologia a saber: Biotecnologia Marinha, Biotecnologia Industrial, Biotecnologia de Alimentos, Biotecnologia Agr\u00edcola, Biotecnologia para a Sa\u00fade humana, Biotecnologia para a Sa\u00fade animal, Biotecnologia Ambiental e Biotecnologia para o Tratamento de res\u00edduos.","periodo":["manha","noite"],"duracao":"8 semestres","conceito-mec":{"conceito":"Conceito Enade","valor":""},"conteudos":[{"area":{"value":"diferenciais","label":"Diferenciais do Curso"},"tipo":"texto","texto":"<p>\u2022\u00a0Maior infraestrutura de laborat\u00f3rios da regi\u00e3o provida de equipamentos anal\u00edticos de \u00faltima gera\u00e7\u00e3o, entre eles de An\u00e1lise Instrumental, Biologia Molecular, Bioqu\u00edmica e Biotecnologia, Processos Biotecnol\u00f3gicos e Sustentabilidade, Qu\u00edmica Ambiental, Qu\u00edmica Anal\u00edtica, Qu\u00edmica Geral, Qu\u00edmica Org\u00e2nica e Sala Verde.<\/p>\n<p>\u2022 Maior estrutura de Laborat\u00f3rios de Inform\u00e1tica da regi\u00e3o; \u2022 Ampla Biblioteca dispondo de muitos dos t\u00edtulos indicados pelas disciplinas do curso. Como o curso ser\u00e1 oferecido na modalidade EAD-h\u00edbrido, todos os estudantes ter\u00e3o acesso a esses t\u00edtulos.<\/p>\n<p>\u2022 Corpo docente altamente qualificado constitu\u00eddos por Mestres e Doutores; \u2022 Pesquisa curricularizada, ou seja, atividades de pesquisa desenvolvidas regularmente ao longo do curso.<\/p>\n<p>\u2022 Atividades de Extens\u00e3o que levam os estudantes ao desenvolvimento de projetos em \u00e1reas tem\u00e1ticas da Biotecnologia a cada semestre do curso com \u00eanfase na resolu\u00e7\u00e3o de problemas regionais.<\/p>\n<p>\u2022 4 percursos formativos opcionais para que o estudante possa aprofundar seus conhecimentos em \u00e1reas de interesse complementando de forma diferenciada a sua forma\u00e7\u00e3o como Biotecn\u00f3logo.<\/p>\n<p>\u2022 Oportunidade de uma viv\u00eancia no exterior, por meio do rol de universidades parceiras e da oferta de bolsas.<\/p>\n","link":""},{"area":{"value":"pesquisa","label":"Pesquisa"},"tipo":"texto","texto":"<ul>\n<li><strong>\u00c1reas de pesquisa:<\/strong><\/li>\n<\/ul>\n<p>Biorremedia\u00e7\u00e3o, biodegrada\u00e7\u00e3o e biocompostos; Bioprospec\u00e7\u00e3o de microrganismos de interesse biotecnol\u00f3gico; Inibidores Verdes para Corros\u00e3o de Metais e ligas met\u00e1licas ferrosas e n\u00e3o ferrosas e Qu\u00edmica verde.<\/p>\n<ul>\n<li><strong>Grupos de pesquisa:\u00a0<\/strong><\/li>\n<\/ul>\n<p>Biotecnologia<\/p>\n<p>Energia e Meio Ambiente<\/p>\n<p>Grupo de Avalia\u00e7\u00e3o de Exposi\u00e7\u00e3o e Risco Ambiental<\/p>\n<p>Grupo de Pesquisa e Desenvolvimento em Efici\u00eancia Energ\u00e9tica e Energias Alternativas<\/p>\n<p>Grupo de Pesquisa em Intelig\u00eancia Artificial (GPIA)<\/p>\n<p>Grupo Interdisciplinar de Pesquisa em Sa\u00fade<\/p>\n<p>Laborat\u00f3rio de Engenharia Geof\u00edsica (LEG)<\/p>\n<p>Laborat\u00f3rio de Projetos de Circuitos Integrados Anal\u00f3gicos e Digitais (LPCIAD)<\/p>\n<p>Laborat\u00f3rio de Sustentabilidade (Labsus)<\/p>\n","link":"https:\/\/www.unisantos.br\/pesquisa\/"},{"area":{"value":"extensao","label":"Extens\u00e3o"},"tipo":"texto","texto":"<p><strong>ESPA\u00c7O CI\u00caNCIA <\/strong><\/p>\n<p>Trata-se de um espa\u00e7o de aprendizagem dedicado ao desenvolvimento de atividades orientadas de ci\u00eancias: oficinas, atividades pr\u00e1ticas, leituras, visitas a ambientes virtuais e atividades de campo, entre outras. A proposta \u00e9 investir na experimenta\u00e7\u00e3o como forma\u00e7\u00e3o cient\u00edfica para a educa\u00e7\u00e3o b\u00e1sica: &#8211; proporcionar aos alunos o acesso a diferentes conhecimentos cient\u00edficos de forma a estimul\u00e1-los a terem um novo olhar sobre o mundo que os cerca e fazerem escolhas e interven\u00e7\u00f5es conscientes e pautadas nos princ\u00edpios da sustentabilidade e do bem comum.<\/p>\n<p>Cada um dos diferentes ambientes que compreendem o Espa\u00e7o Ci\u00eancia \u00e9 denominado <em>Esta\u00e7\u00e3o Ci\u00eancia<\/em> e s\u00e3o tematizadas para atenderem os objetivos de forma\u00e7\u00e3o integral, atendendo, portanto, \u00e0s necessidades do Curso de Biotecnologia uma vez que se trata de uma \u00e1rea interdisciplinar com gera\u00e7\u00e3o de material cient\u00edfico em v\u00e1rios componentes curriculares oportunizando assim a integra\u00e7\u00e3o e intera\u00e7\u00e3o com a comunidade.<\/p>\n<p>&nbsp;<\/p>\n<p><strong>TRILHAS FORMATIVAS<\/strong><\/p>\n<p>Conjunto de oportunidades oferecidas pela Universidade Cat\u00f3lica de Santos aos alunos do Ensino M\u00e9dio de escolas parceiras participantes do Programa de Educa\u00e7\u00e3o Cient\u00edfica para Ensino M\u00e9dio, para complementa\u00e7\u00e3o e aprofundamento dos Itiner\u00e1rios Formativos e Unidades Curriculares desenvolvidos pela escola, em atendimento \u00e0s novas Diretrizes Curriculares Nacionais que definem o Novo Ensino M\u00e9dio. Considerando que os IF tem como objetivo contribuir para a forma\u00e7\u00e3o integral e s\u00f3lida do aluno, atendendo \u00e0s suas necessidades e expectativas e fortalecendo suas escolhas futuras, al\u00e9m de fomentar o desenvolvimento de habilidades e compet\u00eancias que se esperam no mundo do trabalho, os estudantes de Biotecnologia poder\u00e3o participar de oficinas, palestras, na elabora\u00e7\u00e3o de conte\u00fados e corroborando para elaborar conte\u00fados t\u00e9cnicos da \u00e1rea que colaborem com o aprofundamento do conhecimento dos estudantes na \u00e1rea.<\/p>\n<p>&nbsp;<\/p>\n<p><strong>SALA VERDE <\/strong><\/p>\n<p>Compreende um espa\u00e7o did\u00e1tico e de pesquisa a servi\u00e7o da interdisciplinaridade e da extens\u00e3o com foco nas quest\u00f5es voltadas ao meio ambiente e sustentabilidade. Pretende-se, oferecer oficinas e palestras a comunidades carentes com foco, por exemplo em evitar o descarte do res\u00edduo de \u00f3leo de cozinha e estimular a convers\u00e3o em sab\u00e3o. A proposta \u00e9 estimular a gera\u00e7\u00e3o de renda ao mesmo tempo que se estimula o cuidado com o meio ambiente.<\/p>\n<p><strong>\u00a0<\/strong><\/p>\n<p><strong>ESCRIT\u00d3RIO DE PROJETOS<\/strong><\/p>\n<p>\u00c9 uma iniciativa proposta pela unidade universit\u00e1ria do CCEAE e seus cursos, incluindo o Bacharelado em Biotecnologia, que busca incentivar a participa\u00e7\u00e3o dos alunos e docentes em atividades de est\u00e1gio obrigat\u00f3rio, est\u00e1gio n\u00e3o obrigat\u00f3rio, extens\u00e3o universit\u00e1ria e pesquisa com realiza\u00e7\u00e3o de trabalhos volunt\u00e1rios ou remunerados e atendimento \u00e0 comunidade acad\u00eamica, as empresas, a sociedade civil organizada e a comunidade em geral, como forma de estreitar a liga\u00e7\u00e3o entre a Universidade e sociedade.<\/p>\n<p>&nbsp;<\/p>\n<p><strong>COMPONENTES CURRICULARES ESPEC\u00cdFICOS DO CURSO<\/strong><\/p>\n<p>Os componentes Biotecnologia Industrial, Biotecnologia Marinha, Biotecnologia de Alimentos, Biotecnologia Agr\u00edcola, Biotecnologia para Sa\u00fade Humana, Biotecnologia para Sa\u00fade Animal, Biotecnologia Meio Ambiente e Biotecnologia Tratamento de Res\u00edduos tematizam, cada um deles, um dos semestres do curso. Possibilitando ao estudante de Biotecnologia da Universidade Cat\u00f3lica de Santos uma vis\u00e3o generalista da \u00e1rea de atua\u00e7\u00e3o do Biotecn\u00f3logo. No Quadro 1, segue a rela\u00e7\u00e3o de todos os projetos que se prop\u00f5em realizar em cada um desses componentes curriculares e, a materializa\u00e7\u00e3o da a\u00e7\u00e3o bem como o p\u00fablico alvo.<\/p>\n","link":""},{"area":{"value":"conteudo-curricular","label":"Conte\u00fado Curricular"},"tipo":"link","texto":"","link":"https:\/\/www.unisantos.br\/wp-content\/uploads\/2023\/11\/Biotecnologia_2024.pdf"},{"area":{"value":"estagio","label":"Est\u00e1gio"},"tipo":"texto","texto":"<p>O aluno da UNISANTOS tem a oportunidade de estagiar em \u00f3rg\u00e3os e departamentos municipais, como Aqu\u00e1rio, Horto, Jardim Bot\u00e2nico, Secretaria de Meio Ambiente, Instituto Florestal, al\u00e9m do conv\u00eanio in\u00e9dito com a USP para programa de est\u00e1gio no Monumento Nacional Ru\u00ednas Engenho S\u00e3o Jorge dos Erasmos e empresas da \u00e1rea ambiental.<\/p>\n","link":""},{"area":{"value":"noticias","label":"Not\u00edcias"},"tipo":"link","texto":"","link":"https:\/\/www.unisantos.br\/portal\/categoria\/noticias\/"}],"certificados":false,"estrutura_unica":"H\u00e1 em andamento, na UNISANTOS, mais de uma dezena de projetos em desenvolvimento de interesse do Comit\u00ea da Bacia Hidrogr\u00e1fica da Baixada Santista, com fomento do Fundo Estadual de Recursos H\u00eddricos, que possibilitam aos estudantes de Biotecnologia a experimenta\u00e7\u00e3o pr\u00e1tica em laborat\u00f3rios espec\u00edficos com tecnologia de ponta na \u00e1rea e tamb\u00e9m o desenvolvimento de est\u00e1gio remunerado.","onde_trabalhar":"Biotecnologia Marinha \/ Biotecnologia Industrial \/ Biotecnologia de Alimentos \/ Biotecnologia Agr\u00edcola \/ Biotecnologia\r\npara a Sa\u00fade Humana \/ Biotecnologia para a Sa\u00fade Animal \/ Biotecnologia Ambiental \/ Biotecnologia para o Tratamento de Res\u00edduos \/ Biotecnologia Forense \/ Biotecnologia Farmac\u00eautica \/ Divulga\u00e7\u00e3o Cient\u00edfica \/ Fotografia Cient\u00edfica","coordenador":"<p><img loading=\"lazy\" decoding=\"async\" class=\"alignnone size-full wp-image-41620\" src=\"https:\/\/www.unisantos.br\/graduacao\/wp-content\/uploads\/sites\/4\/2023\/02\/Adriana-Florentino_quimica-e-biotecnologia_tamanho-ideal.png\" alt=\"\" width=\"190\" height=\"190\" srcset=\"https:\/\/www.unisantos.br\/graduacao\/wp-content\/uploads\/sites\/4\/2023\/02\/Adriana-Florentino_quimica-e-biotecnologia_tamanho-ideal.png 190w, https:\/\/www.unisantos.br\/graduacao\/wp-content\/uploads\/sites\/4\/2023\/02\/Adriana-Florentino_quimica-e-biotecnologia_tamanho-ideal-150x150.png 150w\" sizes=\"(max-width: 190px) 100vw, 190px\" \/><\/p>\n<p><strong>Coordenadora do Curso de Biotecnologia<\/strong><\/p>\n<p>Prof\u00aa.\u00a0Dr\u00aa. Adriana Florentino de Souza<\/p>\n<p><img loading=\"lazy\" decoding=\"async\" class=\"alignnone size-full wp-image-35714\" src=\"https:\/\/www.unisantos.br\/graduacao\/wp-content\/uploads\/sites\/4\/2020\/09\/tel.png\" alt=\"\" width=\"17\" height=\"24\" \/>\u00a0Telefone: 3228-1261<\/p>\n<p><img loading=\"lazy\" decoding=\"async\" class=\"alignnone size-full wp-image-35712\" src=\"https:\/\/www.unisantos.br\/graduacao\/wp-content\/uploads\/sites\/4\/2020\/09\/email.png\" alt=\"\" width=\"23\" height=\"18\" \/>\u00a0E-mail:\u00a0dir.ipeci@unisantos.br<\/p>\n<p>&nbsp;<\/p>\n","diretor":"<p><strong><img loading=\"lazy\" decoding=\"async\" class=\"alignnone size-full wp-image-39233\" src=\"http:\/\/www.unisantos.br\/teste-vest22\/wp-content\/uploads\/sites\/4\/2021\/11\/cleber-ferrao-1.png\" alt=\"\" width=\"190\" height=\"190\" srcset=\"https:\/\/www.unisantos.br\/graduacao\/wp-content\/uploads\/sites\/4\/2021\/11\/cleber-ferrao-1.png 190w, https:\/\/www.unisantos.br\/graduacao\/wp-content\/uploads\/sites\/4\/2021\/11\/cleber-ferrao-1-150x150.png 150w\" sizes=\"(max-width: 190px) 100vw, 190px\" \/><\/strong><\/p>\n<p><strong>Diretor do Centro de Ci\u00eancias Exatas, Arquitetura e Engenharia<\/strong><\/p>\n<p>Prof. Dr. Cleber Ferr\u00e3o Corr\u00eaa<\/p>\n<p><img loading=\"lazy\" decoding=\"async\" class=\"alignnone size-full wp-image-35712\" src=\"https:\/\/www.unisantos.br\/graduacao\/wp-content\/uploads\/sites\/4\/2020\/09\/email.png\" alt=\"\" width=\"23\" height=\"18\" \/>\u00a0E-mail:\u00a0dir.cceae@unisantos.br<\/p>\n","modalidade":["presencial"],"endereco":"","rodape":"","subtitulo":"","menu":[{"icone":"https:\/\/www.unisantos.br\/graduacao\/wp-content\/uploads\/sites\/4\/2021\/11\/barra-escura-bolsas-1.svg","link":{"title":"Bolsas","url":" https:\/\/portal.unisantos.br\/bolsas\/","target":""}},{"icone":"https:\/\/www.unisantos.br\/graduacao\/wp-content\/uploads\/sites\/4\/2021\/11\/barra-escura-convenios-1.svg","link":{"title":"Empresas Conveniadas","url":"#convenios","target":"_blank"}},{"icone":"https:\/\/www.unisantos.br\/graduacao\/wp-content\/uploads\/sites\/4\/2021\/11\/barra-escura-intercambio.svg","link":{"title":"Interc\u00e2mbio","url":" https:\/\/www.unisantos.br\/internacional\/convenios\/ ","target":""}}],"codigo":"901","percursos_formativos":[{"titulo":"Biotecnologia Forense","conteudo":[{"acf_fc_layout":"texto","texto":"<p><span style=\"font-weight: 400;\">Este percurso oferece ao estudante aprofundamento em Biotecnologia forense, por meio dos fundamentos de toxicocin\u00e9tica e toxicodin\u00e2mica, e sua aplica\u00e7\u00e3o nas \u00e1reas ambiental, ocupacional, de alimentos e social. Apresenta os fundamentos da toxicologia e seu aspecto cl\u00ednico e forense, visando a aplica\u00e7\u00e3o em Toxicologia Social direcionada ao uso abusivo de medicamentos e ao uso de subst\u00e2ncias l\u00edcitas que geram depend\u00eancia qu\u00edmica no indiv\u00edduo. Possibilita, ainda, reflex\u00e3o sobre a interpreta\u00e7\u00e3o dos documentos m\u00e9dico-legais para entender como se desenvolvem as per\u00edcias e o estudo do local do crime, abordando no\u00e7\u00f5es de criminal\u00edstica, al\u00e9m dos estudos da Medicina Legal com a Antropologia, e evidencia a necessidade de compreens\u00e3o da tanatologia e traumatologia forenses (energias f\u00edsicoqu\u00edmicas). Analisa as quest\u00f5es relacionadas \u00e0 sexologia forense e \u00e0 reprodu\u00e7\u00e3o assistida, com estudo da Lei da Biosseguran\u00e7a. Estuda os elementos da psicopatologia forense, fazendo correla\u00e7\u00e3o entre as linguagens jur\u00eddica e m\u00e9dica.<\/span><\/p>\n"}]},{"titulo":"Biotecnologia Farmac\u00eautica","conteudo":[{"acf_fc_layout":"texto","texto":"<p><span style=\"font-weight: 400;\">Este percurso possibilita o aprimoramento em Biotecnologia Farmac\u00eautica pelo estudo dos principais grupos de princ\u00edpios ativos de origem natural, do ponto de vista qu\u00edmico e farmacol\u00f3gico. Estuda o planejamento molecular para alcance das possibilidades farmacol\u00f3gicas e a demonstra\u00e7\u00e3o dos fundamentos de s\u00edntese e retross\u00edntese qu\u00edmica, aliados \u00e0 correla\u00e7\u00e3o biotecnol\u00f3gica de estrutura\/atividade. Tamb\u00e9m estuda a etnofarmacologia e as estrat\u00e9gias de pesquisa para o desenvolvimento da farmacobot\u00e2nica. Discute o contexto econ\u00f4mico, social e pol\u00edtico nacional e internacional para o desenvolvimento de f\u00e1rmacos. <\/span><\/p>\n"}]},{"titulo":"Forma\u00e7\u00e3o em Divulga\u00e7\u00e3o Cient\u00edfica","conteudo":[{"acf_fc_layout":"imagem","imagem":{"ID":39613,"id":39613,"title":"percurso formativo - cursos_DIVULGA\u00c7\u00c3O CIENT\u00cdFICA","filename":"percurso-formativo-cursos_DIVULGA\u00c7\u00c3O-CIENT\u00cdFICA-1.jpg","filesize":214857,"url":"https:\/\/www.unisantos.br\/graduacao\/wp-content\/uploads\/sites\/4\/2021\/11\/percurso-formativo-cursos_DIVULGA\u00c7\u00c3O-CIENT\u00cdFICA-1.jpg","link":"https:\/\/www.unisantos.br\/graduacao\/biotecnologia\/percurso-formativo-cursos_divulgacao-cientifica-2\/","alt":"","author":"1","description":"","caption":"","name":"percurso-formativo-cursos_divulgacao-cientifica-2","status":"inherit","uploaded_to":38301,"date":"2021-11-08 20:32:44","modified":"2021-11-08 20:32:44","menu_order":0,"mime_type":"image\/jpeg","type":"image","subtype":"jpeg","icon":"https:\/\/www.unisantos.br\/graduacao\/wp-includes\/images\/media\/default.png","width":1949,"height":1109,"sizes":{"thumbnail":"https:\/\/www.unisantos.br\/graduacao\/wp-content\/uploads\/sites\/4\/2021\/11\/percurso-formativo-cursos_DIVULGA\u00c7\u00c3O-CIENT\u00cdFICA-1-150x150.jpg","thumbnail-width":150,"thumbnail-height":150,"medium":"https:\/\/www.unisantos.br\/graduacao\/wp-content\/uploads\/sites\/4\/2021\/11\/percurso-formativo-cursos_DIVULGA\u00c7\u00c3O-CIENT\u00cdFICA-1-300x171.jpg","medium-width":300,"medium-height":171,"medium_large":"https:\/\/www.unisantos.br\/graduacao\/wp-content\/uploads\/sites\/4\/2021\/11\/percurso-formativo-cursos_DIVULGA\u00c7\u00c3O-CIENT\u00cdFICA-1-768x437.jpg","medium_large-width":768,"medium_large-height":437,"large":"https:\/\/www.unisantos.br\/graduacao\/wp-content\/uploads\/sites\/4\/2021\/11\/percurso-formativo-cursos_DIVULGA\u00c7\u00c3O-CIENT\u00cdFICA-1-1024x583.jpg","large-width":1024,"large-height":583,"1536x1536":"https:\/\/www.unisantos.br\/graduacao\/wp-content\/uploads\/sites\/4\/2021\/11\/percurso-formativo-cursos_DIVULGA\u00c7\u00c3O-CIENT\u00cdFICA-1.jpg","1536x1536-width":1536,"1536x1536-height":874,"2048x2048":"https:\/\/www.unisantos.br\/graduacao\/wp-content\/uploads\/sites\/4\/2021\/11\/percurso-formativo-cursos_DIVULGA\u00c7\u00c3O-CIENT\u00cdFICA-1.jpg","2048x2048-width":1949,"2048x2048-height":1109}}},{"acf_fc_layout":"texto","texto":"<p><span style=\"font-weight: 400;\">Aprimora a forma\u00e7\u00e3o em Comunica\u00e7\u00e3o Cient\u00edfica pela apresenta\u00e7\u00e3o aos estudantes do conceito de not\u00edcia e do processo de sua produ\u00e7\u00e3o, da linguagem jornal\u00edstica e seus objetivos.\u00a0 Estuda a especificidade dos meios de comunica\u00e7\u00e3o: r\u00e1dio, jornal, televis\u00e3o e webjornalismo. Apresenta a cria\u00e7\u00e3o de produtos e conte\u00fados midi\u00e1ticos voltados \u00e0s plataformas digitais, com criatividade e viabilidade como produto comunicacional, e da not\u00edcia investigativa e interpretativa, por interm\u00e9dio da produ\u00e7\u00e3o de textos jornal\u00edsticos orientados de temas espec\u00edficos em profundidade.<\/span><\/p>\n"}]},{"titulo":"Forma\u00e7\u00e3o em Fotografia Cient\u00edfica","conteudo":[{"acf_fc_layout":"imagem","imagem":{"ID":39607,"id":39607,"title":"percurso formativo - cursos_FORMA\u00c7\u00c3O EM FOTOGRAFIA CIENT\u00cdFICA","filename":"percurso-formativo-cursos_FORMA\u00c7\u00c3O-EM-FOTOGRAFIA-CIENT\u00cdFICA.jpg","filesize":196135,"url":"https:\/\/www.unisantos.br\/graduacao\/wp-content\/uploads\/sites\/4\/2021\/11\/percurso-formativo-cursos_FORMA\u00c7\u00c3O-EM-FOTOGRAFIA-CIENT\u00cdFICA.jpg","link":"https:\/\/www.unisantos.br\/graduacao\/ciencias-biologicas-bacharelado\/percurso-formativo-cursos_formacao-em-fotografia-cientifica\/","alt":"","author":"1","description":"","caption":"","name":"percurso-formativo-cursos_formacao-em-fotografia-cientifica","status":"inherit","uploaded_to":38310,"date":"2021-11-08 20:25:29","modified":"2021-11-08 20:25:29","menu_order":0,"mime_type":"image\/jpeg","type":"image","subtype":"jpeg","icon":"https:\/\/www.unisantos.br\/graduacao\/wp-includes\/images\/media\/default.png","width":1949,"height":1109,"sizes":{"thumbnail":"https:\/\/www.unisantos.br\/graduacao\/wp-content\/uploads\/sites\/4\/2021\/11\/percurso-formativo-cursos_FORMA\u00c7\u00c3O-EM-FOTOGRAFIA-CIENT\u00cdFICA-150x150.jpg","thumbnail-width":150,"thumbnail-height":150,"medium":"https:\/\/www.unisantos.br\/graduacao\/wp-content\/uploads\/sites\/4\/2021\/11\/percurso-formativo-cursos_FORMA\u00c7\u00c3O-EM-FOTOGRAFIA-CIENT\u00cdFICA-300x171.jpg","medium-width":300,"medium-height":171,"medium_large":"https:\/\/www.unisantos.br\/graduacao\/wp-content\/uploads\/sites\/4\/2021\/11\/percurso-formativo-cursos_FORMA\u00c7\u00c3O-EM-FOTOGRAFIA-CIENT\u00cdFICA-768x437.jpg","medium_large-width":768,"medium_large-height":437,"large":"https:\/\/www.unisantos.br\/graduacao\/wp-content\/uploads\/sites\/4\/2021\/11\/percurso-formativo-cursos_FORMA\u00c7\u00c3O-EM-FOTOGRAFIA-CIENT\u00cdFICA-1024x583.jpg","large-width":1024,"large-height":583,"1536x1536":"https:\/\/www.unisantos.br\/graduacao\/wp-content\/uploads\/sites\/4\/2021\/11\/percurso-formativo-cursos_FORMA\u00c7\u00c3O-EM-FOTOGRAFIA-CIENT\u00cdFICA.jpg","1536x1536-width":1536,"1536x1536-height":874,"2048x2048":"https:\/\/www.unisantos.br\/graduacao\/wp-content\/uploads\/sites\/4\/2021\/11\/percurso-formativo-cursos_FORMA\u00c7\u00c3O-EM-FOTOGRAFIA-CIENT\u00cdFICA.jpg","2048x2048-width":1949,"2048x2048-height":1109}}},{"acf_fc_layout":"texto","texto":"<p><span style=\"font-weight: 400;\">Este percurso estuda a imagem a partir de elementos e aplica\u00e7\u00f5es da fotografia nos ve\u00edculos de comunica\u00e7\u00e3o na era da imagem. Oferece conhecimento da linguagem b\u00e1sica da fotografia e opera\u00e7\u00e3o de c\u00e2meras fotogr\u00e1ficas e seus acess\u00f3rios em est\u00fadio e ambiente externo, e os recursos da Ilumina\u00e7\u00e3o artificial e natural, para que a imagem possa ser editada e trabalhada por meio de softwares espec\u00edficos de tratamento e suas possibilidades e aplica\u00e7\u00f5es em pe\u00e7as de comunica\u00e7\u00e3o geral e cient\u00edfica.<\/span><\/p>\n"}]}],"imagem_video":false,"repetidor_video":false,"mais_informacoes":false,"botao_especial":{"imagem":false,"link":""},"depoimentos":false},"_links":{"self":[{"href":"https:\/\/www.unisantos.br\/graduacao\/wp-json\/wp\/v2\/pages\/38301"}],"collection":[{"href":"https:\/\/www.unisantos.br\/graduacao\/wp-json\/wp\/v2\/pages"}],"about":[{"href":"https:\/\/www.unisantos.br\/graduacao\/wp-json\/wp\/v2\/types\/page"}],"author":[{"embeddable":true,"href":"https:\/\/www.unisantos.br\/graduacao\/wp-json\/wp\/v2\/users\/1"}],"replies":[{"embeddable":true,"href":"https:\/\/www.unisantos.br\/graduacao\/wp-json\/wp\/v2\/comments?post=38301"}],"version-history":[{"count":0,"href":"https:\/\/www.unisantos.br\/graduacao\/wp-json\/wp\/v2\/pages\/38301\/revisions"}],"wp:featuredmedia":[{"embeddable":true,"href":"https:\/\/www.unisantos.br\/graduacao\/wp-json\/wp\/v2\/media\/38396"}],"wp:attachment":[{"href":"https:\/\/www.unisantos.br\/graduacao\/wp-json\/wp\/v2\/media?parent=38301"}],"curies":[{"name":"wp","href":"https:\/\/api.w.org\/{rel}","templated":true}]}}