{"id":162,"date":"2013-06-18T16:06:38","date_gmt":"2013-06-18T19:06:38","guid":{"rendered":"https:\/\/www.unisantos.br\/?page_id=162"},"modified":"2026-02-04T14:44:55","modified_gmt":"2026-02-04T17:44:55","slug":"sistemas-de-informacao","status":"publish","type":"page","link":"https:\/\/www.unisantos.br\/graduacao\/sistemas-de-informacao\/","title":{"rendered":"Sistemas de Informa\u00e7\u00e3o"},"content":{"rendered":"<p><strong>Per\u00edodo<br \/>\n<\/strong>Noite<\/p>\n<p><strong>Dura\u00e7\u00e3o<\/strong><br \/>\n8 semestres<\/p>\n<p><strong>Conceito MEC<\/strong>\u00a0<strong>4<\/strong><\/p>\n<p><a class=\"botao-curso\" href=\"https:\/\/www.unisantos.br\/graduacao\/sistemas-de-informacao\/diferenciais-sistemas-de-informacao\/\" target=\"_blank\" rel=\"noopener\">Diferenciais<\/a>\u00a0<a class=\"botao-curso\" href=\"https:\/\/www.unisantos.br\/bolsas\/\">Bolsas<\/a> <a class=\"botao-curso\" href=\"https:\/\/www.unisantos.br\/convenio-com-empresas\/\">Conv\u00eanios<\/a> <a class=\"botao-curso\" href=\"https:\/\/www.unisantos.br\/graduacao\/sistemas-de-informacao\/programa-de-estagio\/\" target=\"_blank\" rel=\"noopener\">Est\u00e1gio<\/a> <a class=\"botao-curso\" href=\"https:\/\/www.unisantos.br\/internacional\/convenios\/\">Interc\u00e2mbio<\/a> <a class=\"botao-curso\" href=\"https:\/\/www.unisantos.br\/graduacao\/sistemas-de-informacao\/noticias-do-curso-de-sistemas-de-informacao\/\" target=\"_blank\" rel=\"noopener\">Not\u00edcias<\/a><\/p>\n<p>O Curso de SISTEMAS DE INFORMA\u00c7\u00c3O\u00a0da Cat\u00f3lica de Santos prepara o aluno para projetar e administrar recursos de tecnologia para a solu\u00e7\u00e3o de problemas de fluxo e distribui\u00e7\u00e3o de informa\u00e7\u00f5es em uma organiza\u00e7\u00e3o.<\/p>\n<p><strong>Onde voc\u00ea pode trabalhar<\/strong><br \/>\n\u2022 Bancos<br \/>\n\u2022 Empresas pontocom<br \/>\n\u2022 Empresas de telecomunica\u00e7\u00f5es<br \/>\n\u2022 Ind\u00fastrias<br \/>\n\u2022 Empresas com \u00e1rea de Tecnologia da Informa\u00e7\u00e3o<br \/>\n\u2022 Seguradoras e consultorias<\/p>\n<p><strong><strong>Estrutura \u00daNICA que une teoria e pr\u00e1tica<\/strong><\/strong><br \/>\nPara preparar o aluno para o mercado de trabalho, o Curso de SISTEMAS DE INFORMA\u00c7\u00c3O\u00a0conta com laborat\u00f3rios de Inform\u00e1tica, Algoritmos, Estrutura de dados, Linguagens de Programa\u00e7\u00e3o, Engenharia de Software, Banco de Dados, Arquitetura de Computadores, Tecnologia de Informa\u00e7\u00e3o e Rede de Computadores, al\u00e9m de biblioteca espec\u00edfica, com base de dados IEEE &#8211; Computer Society Digital Library.<\/p>\n","protected":false},"excerpt":{"rendered":"<p>Per\u00edodo Noite Dura\u00e7\u00e3o 8 semestres Conceito MEC\u00a04 Diferenciais\u00a0Bolsas Conv\u00eanios Est\u00e1gio Interc\u00e2mbio Not\u00edcias O Curso de SISTEMAS DE INFORMA\u00c7\u00c3O\u00a0da Cat\u00f3lica de Santos prepara [&hellip;]<\/p>\n","protected":false},"author":1,"featured_media":38426,"parent":0,"menu_order":0,"comment_status":"open","ping_status":"closed","template":"curso.php","meta":{"footnotes":""},"acf":{"endereco":"<p><img loading=\"lazy\" decoding=\"async\" class=\"alignnone size-full wp-image-35713\" src=\"https:\/\/www.unisantos.br\/graduacao\/wp-content\/uploads\/sites\/4\/2020\/09\/pin.png\" alt=\"\" width=\"24\" height=\"31\" \/><br \/>\nCampus Dom Id\u00edlio Jos\u00e9 Soares<br \/>\nAvenida Conselheiro N\u00e9bias, 300 &#8211; Vila Mathias<\/p>\n","coordenador":"<p><strong><img loading=\"lazy\" decoding=\"async\" class=\"alignnone size-full wp-image-40814\" src=\"https:\/\/www.unisantos.br\/graduacao\/wp-content\/uploads\/sites\/4\/2022\/05\/computacao.png\" alt=\"\" width=\"190\" height=\"190\" srcset=\"https:\/\/www.unisantos.br\/graduacao\/wp-content\/uploads\/sites\/4\/2022\/05\/computacao.png 190w, https:\/\/www.unisantos.br\/graduacao\/wp-content\/uploads\/sites\/4\/2022\/05\/computacao-150x150.png 150w\" sizes=\"(max-width: 190px) 100vw, 190px\" \/><\/strong><\/p>\n<p><strong>Coordenadora do Curso de Sistemas de Informa\u00e7\u00e3o<\/strong><br \/>\nProf\u00aa. Me. Claudia Maria Sodero Salles<\/p>\n<p><img loading=\"lazy\" decoding=\"async\" class=\"alignnone size-full wp-image-35714\" src=\"https:\/\/www.unisantos.br\/graduacao\/wp-content\/uploads\/sites\/4\/2020\/09\/tel.png\" alt=\"\" width=\"17\" height=\"24\" \/>Telefone:\u00a03205-5555 &#8211; ramais 1331<br \/>\n<img loading=\"lazy\" decoding=\"async\" class=\"alignnone size-full wp-image-35712\" src=\"https:\/\/www.unisantos.br\/graduacao\/wp-content\/uploads\/sites\/4\/2020\/09\/email.png\" alt=\"\" width=\"23\" height=\"18\" \/>E-mail: coord.compusis@unisantos.br<\/p>\n","diretor":"","rodape":"<p><strong>Fundamento legal para o funcionamento do curso<\/strong><br \/>\n<strong>Autoriza\u00e7\u00e3o:<\/strong> Resolu\u00e7\u00e3o CEPES n\u00ba 3\/2002<br \/>\n<strong>Reconhecimento:<\/strong>\u00a0Portaria MEC n\u00ba 52\/2006<br \/>\n<strong>\u00daltima renova\u00e7\u00e3o de reconhecimento:<\/strong>\u00a0Portaria MEC n\u00ba 1.095\/2015<\/p>\n","periodo":["manha","noite"],"duracao":"8 semestres","estrutura_unica":"Para preparar voc\u00ea para o mercado de trabalho, o Curso de SISTEMAS DE INFORMA\u00c7\u00c3O\u00a0conta com laborat\u00f3rios de Inform\u00e1tica, de Intelig\u00eancia Artificial e Redes de Computadores com os mais atualizados recursos da tecnologia da informa\u00e7\u00e3o e biblioteca com acervo espec\u00edfico para as \u00e1reas de Computa\u00e7\u00e3o e Sistemas, com base de dados IEEE \u2013 Computer Society Digital Library. A UNISANTOS possui, ainda, conv\u00eanio com Oracle\u00ae, IBM\u00ae, AWS\u00ae, Microsoft\u00ae para utiliza\u00e7\u00e3o de softwares e coopera\u00e7\u00e3o t\u00e9cnica e cient\u00edfica.","onde_trabalhar":"Consultorias de Tecnologia da Informa\u00e7\u00e3o \/ Empresas \u201cPontoCom\u201d \/ Integradores de Tecnologia e Desenvolvedores de Solu\u00e7\u00f5es \/ Consultorias acad\u00eamicas \/ Empresas de auditoria \/ Empresas da \u00e1rea financeira \/ Seguradoras \/ Bancos \/ Empresas de Telecomunica\u00e7\u00f5es e Internet \/ Institui\u00e7\u00f5es de Pesquisa","conceito-mec":{"conceito":"Conceito Enade","valor":"3"},"modalidade":["presencial"],"video":"https:\/\/www.youtube.com\/watch?v=kVZmakyKlyI","icone":"https:\/\/www.unisantos.br\/graduacao\/wp-content\/uploads\/sites\/4\/2021\/11\/SISTEMAS-INFORMACAO.svg","texto_premio":"VENHA FAZER UM DOS <br \/>\r\nCURSOS <B>MAIS PREMIADOS<\/B> <br \/>\r\nDO PA\u00cdS E O <B>MELHOR<\/B> <br \/>\r\nDA REGI\u00c3O","premios":[{"imagem":"https:\/\/www.unisantos.br\/graduacao\/wp-content\/uploads\/sites\/4\/2024\/10\/mec3-DOURADO-PARA-O-SITE.png","link":""},{"imagem":"https:\/\/www.unisantos.br\/graduacao\/wp-content\/uploads\/sites\/4\/2024\/10\/SELO-PROJETO-INOVADOR.png","link":""},{"imagem":"https:\/\/www.unisantos.br\/graduacao\/wp-content\/uploads\/sites\/4\/2024\/10\/selo-sistemas-de-informacao.png","link":""}],"titulo_conv":"<b>PARCERIAS<\/b> ESTRAT\u00c9GICAS","convenios":[{"logo":"https:\/\/www.unisantos.br\/graduacao\/wp-content\/uploads\/sites\/4\/2021\/11\/IBM.png","link":""},{"logo":"https:\/\/www.unisantos.br\/graduacao\/wp-content\/uploads\/sites\/4\/2021\/11\/Latin-american-universities-alliance.png","link":""},{"logo":"https:\/\/www.unisantos.br\/graduacao\/wp-content\/uploads\/sites\/4\/2021\/11\/google.png","link":""},{"logo":"https:\/\/www.unisantos.br\/graduacao\/wp-content\/uploads\/sites\/4\/2021\/11\/dell.png","link":""},{"logo":"https:\/\/www.unisantos.br\/graduacao\/wp-content\/uploads\/sites\/4\/2021\/11\/ALGETEC.png","link":""},{"logo":"https:\/\/www.unisantos.br\/graduacao\/wp-content\/uploads\/sites\/4\/2021\/11\/IMERSYS.png","link":""},{"logo":"https:\/\/www.unisantos.br\/graduacao\/wp-content\/uploads\/sites\/4\/2021\/11\/amazon.png","link":""},{"logo":"https:\/\/www.unisantos.br\/graduacao\/wp-content\/uploads\/sites\/4\/2021\/11\/cadence.png","link":""},{"logo":"https:\/\/www.unisantos.br\/graduacao\/wp-content\/uploads\/sites\/4\/2021\/11\/fund-parque-tecnologico-1.png","link":""},{"logo":"https:\/\/www.unisantos.br\/graduacao\/wp-content\/uploads\/sites\/4\/2021\/11\/microsoft-1.png","link":""},{"logo":"https:\/\/www.unisantos.br\/graduacao\/wp-content\/uploads\/sites\/4\/2021\/11\/pref-sao-vicente-2.png","link":""},{"logo":"https:\/\/www.unisantos.br\/graduacao\/wp-content\/uploads\/sites\/4\/2021\/11\/pref-santos-2.png","link":""},{"logo":"https:\/\/www.unisantos.br\/graduacao\/wp-content\/uploads\/sites\/4\/2021\/11\/PREFEITURA-BERTIOGA-2.png","link":""},{"logo":"https:\/\/www.unisantos.br\/graduacao\/wp-content\/uploads\/sites\/4\/2021\/11\/pref-praia-grande-3.png","link":""},{"logo":"https:\/\/www.unisantos.br\/graduacao\/wp-content\/uploads\/sites\/4\/2021\/11\/pref-guaruja-2.png","link":""},{"logo":"https:\/\/www.unisantos.br\/graduacao\/wp-content\/uploads\/sites\/4\/2021\/11\/pref-cubatao-1.png","link":""},{"logo":"https:\/\/www.unisantos.br\/graduacao\/wp-content\/uploads\/sites\/4\/2021\/11\/santander.png","link":""},{"logo":"https:\/\/www.unisantos.br\/graduacao\/wp-content\/uploads\/sites\/4\/2021\/11\/c\u00e1ritas.png","link":""},{"logo":"https:\/\/www.unisantos.br\/graduacao\/wp-content\/uploads\/sites\/4\/2021\/11\/pearson.png","link":""},{"logo":"https:\/\/www.unisantos.br\/graduacao\/wp-content\/uploads\/sites\/4\/2021\/11\/ACM-BOOKS-2.png","link":""},{"logo":"https:\/\/www.unisantos.br\/graduacao\/wp-content\/uploads\/sites\/4\/2021\/11\/bookman-3.png","link":""}],"descricao_conv":"O Curso de SISTEMAS DE INFORMA\u00c7\u00c3O da UNISANTOS prepara voc\u00ea para projetar e administrar recursos de tecnologia da informa\u00e7\u00e3o para a solu\u00e7\u00e3o de problemas e desafios acerca do fluxo e distribui\u00e7\u00e3o da informa\u00e7\u00e3o em uma organiza\u00e7\u00e3o.","conteudos":[{"area":{"value":"pesquisa","label":"Pesquisa"},"tipo":"texto","texto":"<p>A UNISANTOS \u00e9 uma institui\u00e7\u00e3o de pesquisa que valoriza o\u00a0<strong>esp\u00edrito investigativo<\/strong>\u00a0e a\u00a0<strong>inova\u00e7\u00e3o<\/strong>, e entende o desenvolvimento do esp\u00edrito cient\u00edfico como fundamental para uma\u00a0<strong>forma\u00e7\u00e3o completa<\/strong>\u00a0e um diferencial decisivo no mundo globalizado em que vivemos. Por meio do Programa de Inicia\u00e7\u00e3o Cient\u00edfica e das Atividades Curriculares de Pesquisa, inseridos e articulados com as estruturas curriculares,\u00a0<strong>todo estudante da UNISANTOS \u00e9 um pesquisador<\/strong>.<\/p>\n<ul>\n<li><strong>\u00c1reas de pesquisa:<\/strong><\/li>\n<\/ul>\n<p>As linhas de pesquisa representam um n\u00facleo tem\u00e1tico da atividade de pesquisa do curso e\u00a0s\u00e3o delimitadas, de modo a possibilitar diferentes recortes de pesquisa que contribuem para a\u00a0forma\u00e7\u00e3o pesquisadora tanto dos docentes quanto dos discentes. S\u00e3o elas:<\/p>\n<p>GPIACD \u2013 Grupo de Pesquisa em Intelig\u00eancia Artificial e Ci\u00eancia de Dados<br \/>\n\uf0b7 Ci\u00eancia de Dados Aplicada<br \/>\n\uf0b7 Linguagens Naturais e Aprendizado de M\u00e1quina<br \/>\n\uf0b7 An\u00e1lise de Dados e ETL<br \/>\n\uf0b7 Minera\u00e7\u00e3o de Processos<\/p>\n<p>Krypt\u00f3sLab<br \/>\n\uf0b7 Concep\u00e7\u00e3o de Hardware para aplica\u00e7\u00e3o em Criptografia<br \/>\n\uf0b7 Estudo da Teoria dos N\u00fameros aplicados a criptografia<\/p>\n<p>Laborat\u00f3rio de Projetos de Circuitos Integrados Anal\u00f3gicos e Digitais (LPCIAD)<br \/>\n\uf0b7 Editor de Layout \u2013 Eletric<br \/>\n\uf0b7 Modelagem de indutores planares, transformadores e Balun na tecnologia CMOS<br \/>\n\uf0b7 Projetos de circuitos transmissores UWB na tecnologia MOS<br \/>\n\uf0b7 Projetos de transmissores de IR-RADAR para aplica\u00e7\u00f5es em Phase Array na tecnologia<br \/>\nCMOS 130nm<\/p>\n<p>&nbsp;<\/p>\n<ul>\n<li><strong>Grupos de pesquisa:<\/strong><\/li>\n<\/ul>\n<p>GPIACD \u2013 Grupo de Pesquisa em Intelig\u00eancia Artificial e Ci\u00eancia de Dados<\/p>\n<p>Krypt\u00f3sLab<\/p>\n<p>Laborat\u00f3rio de Projetos de Circuitos Integrados Anal\u00f3gicos e Digitais (LPCIAD)<\/p>\n","link":""},{"area":{"value":"extensao","label":"Extens\u00e3o"},"tipo":"texto","texto":"<p>Comprometida com a forma\u00e7\u00e3o do aluno, a UNISANTOS promove a extens\u00e3o universit\u00e1ria por meio de\u00a0<strong>diversos servi\u00e7os e projetos<\/strong>\u00a0<strong>desenvolvidos pelos estudantes, durante a forma\u00e7\u00e3o<\/strong>. S\u00e3o oportunidades para desenvolver novas compet\u00eancias, adquirir experi\u00eancias pr\u00e1ticas e participar do encaminhamento de solu\u00e7\u00f5es para problemas e quest\u00f5es sociais. Por meio desses projetos, a Universidade estimula o desenvolvimento de valores como cidadania, \u00e9tica, responsabilidade, cultura da paz, respeito ao pr\u00f3ximo, solidariedade e justi\u00e7a, entre outros.<\/p>\n<p><strong>LIA \u2013 LABORAT\u00d3RIO DE INTELIG\u00caNCIA ARTIFICIAL E CI\u00caNCIA DE DADOS<\/strong><br \/>\nAs atividades e pr\u00e1ticas de extens\u00e3o tem como objetivo articular as fun\u00e7\u00f5es de ensino e\u00a0pesquisa, ampliando e viabilizando a rela\u00e7\u00e3o entre a Universidade e a sociedade, possibilitar o\u00a0di\u00e1logo permanente com a sociedade, propiciado mediante a\u00e7\u00f5es junto \u00e0s comunidades,\u00a0segmentos organizados da sociedade civil, \u00f3rg\u00e3os governamentais e empresas p\u00fablicas ou\u00a0privadas, ampliar o universo de refer\u00eancia do estudante pelo contato direto com as grandes\u00a0quest\u00f5es da atualidade, possibilitar o desenvolvimento de compet\u00eancias t\u00e9cnicas,\u00a0human\u00edsticas e interpessoais do aluno e explorar temas e conceitos vinculados \u00e0 \u00e1rea de\u00a0forma\u00e7\u00e3o do aluno, aprimorando suas capacidades espec\u00edficas para atua\u00e7\u00e3o profissional.\u00a0As Pr\u00e1ticas Curriculares de Extens\u00e3o s\u00e3o realizadas pelo estudante no decorrer da sua\u00a0forma\u00e7\u00e3o, a partir do 5\u00ba semestre do curso, vinculados a disciplinas do semestre. S\u00e3o\u00a0desenvolvidos projetos pr\u00e1ticos, al\u00e9m da participa\u00e7\u00e3o dos alunos em canais digitais (v\u00eddeos e\u00a0podcasts em diversas redes sociais e plataformas) com o compartilhamento de conte\u00fados\u00a0aprendidos e desenvolvidos no \u00e2mbito da forma\u00e7\u00e3o.<\/p>\n","link":""},{"area":{"value":"conteudo-curricular","label":"Conte\u00fado Curricular"},"tipo":"link","texto":"<p>Comprometida com a forma\u00e7\u00e3o do aluno, a UNISANTOS promove a extens\u00e3o universit\u00e1ria por meio de\u00a0<strong>diversos servi\u00e7os e projetos<\/strong>\u00a0<strong>desenvolvidos pelos estudantes, durante a forma\u00e7\u00e3o<\/strong>. S\u00e3o oportunidades para desenvolver novas compet\u00eancias, adquirir experi\u00eancias pr\u00e1ticas e participar do encaminhamento de solu\u00e7\u00f5es para problemas e quest\u00f5es sociais. Por meio desses projetos, a Universidade estimula o desenvolvimento de valores como cidadania, \u00e9tica, responsabilidade, cultura da paz, respeito ao pr\u00f3ximo, solidariedade e justi\u00e7a, entre outros.<\/p>\n<p><strong>LIA \u2013 LABORAT\u00d3RIO DE INTELIG\u00caNCIA ARTIFICIAL E CI\u00caNCIA DE DADOS<\/strong><br \/>\nAs atividades e pr\u00e1ticas de extens\u00e3o tem como objetivo articular as fun\u00e7\u00f5es de ensino e\u00a0pesquisa, ampliando e viabilizando a rela\u00e7\u00e3o entre a Universidade e a sociedade, possibilitar o\u00a0di\u00e1logo permanente com a sociedade, propiciado mediante a\u00e7\u00f5es junto \u00e0s comunidades,\u00a0segmentos organizados da sociedade civil, \u00f3rg\u00e3os governamentais e empresas p\u00fablicas ou\u00a0privadas, ampliar o universo de refer\u00eancia do estudante pelo contato direto com as grandes\u00a0quest\u00f5es da atualidade, possibilitar o desenvolvimento de compet\u00eancias t\u00e9cnicas,\u00a0human\u00edsticas e interpessoais do aluno e explorar temas e conceitos vinculados \u00e0 \u00e1rea de\u00a0forma\u00e7\u00e3o do aluno, aprimorando suas capacidades espec\u00edficas para atua\u00e7\u00e3o profissional.\u00a0As Pr\u00e1ticas Curriculares de Extens\u00e3o s\u00e3o realizadas pelo estudante no decorrer da sua\u00a0forma\u00e7\u00e3o, a partir do 5\u00ba semestre do curso, vinculados a disciplinas do semestre. S\u00e3o\u00a0desenvolvidos projetos pr\u00e1ticos, al\u00e9m da participa\u00e7\u00e3o dos alunos em canais digitais (v\u00eddeos e\u00a0podcasts em diversas redes sociais e plataformas) com o compartilhamento de conte\u00fados\u00a0aprendidos e desenvolvidos no \u00e2mbito da forma\u00e7\u00e3o.<\/p>\n","link":""},{"area":{"value":"estagio","label":"Est\u00e1gio"},"tipo":"link","texto":"","link":""},{"area":{"value":"noticias","label":"Not\u00edcias"},"tipo":"link","texto":"<p>A UNISANTOS mant\u00e9m programa de conv\u00eanios com centenas de empresas da regi\u00e3o. O aluno tem a oportunidade de estagiar na sua \u00e1rea, com o acompanhamento do setor de est\u00e1gios da Universidade.<\/p>\n","link":""}],"certificados":false,"subtitulo":"","menu":[{"icone":"https:\/\/www.unisantos.br\/graduacao\/wp-content\/uploads\/sites\/4\/2021\/11\/barra-escura-bolsas-1.svg","link":{"title":"Bolsas","url":" https:\/\/portal.unisantos.br\/bolsas\/","target":""}},{"icone":"https:\/\/www.unisantos.br\/graduacao\/wp-content\/uploads\/sites\/4\/2021\/11\/barra-escura-intercambio.svg","link":{"title":"Interc\u00e2mbio","url":"https:\/\/www.unisantos.br\/internacional\/intercambio-mobilidade-academica\/","target":""}}],"codigo":"233","percursos_formativos":[{"titulo":"Intelig\u00eancia Artificial","conteudo":[{"acf_fc_layout":"imagem","imagem":{"ID":39930,"id":39930,"title":"percurso formativo - cursos_si Intelig\u00eancia Artificial","filename":"percurso-formativo-cursos_si-Intelig\u00eancia-Artificial.jpg","filesize":275102,"url":"https:\/\/www.unisantos.br\/graduacao\/wp-content\/uploads\/sites\/4\/2021\/11\/percurso-formativo-cursos_si-Intelig\u00eancia-Artificial.jpg","link":"https:\/\/www.unisantos.br\/graduacao\/sistemas-de-informacao\/percurso-formativo-cursos_si-inteligencia-artificial\/","alt":"","author":"1","description":"","caption":"","name":"percurso-formativo-cursos_si-inteligencia-artificial","status":"inherit","uploaded_to":162,"date":"2021-11-10 18:34:16","modified":"2021-11-10 18:34:16","menu_order":0,"mime_type":"image\/jpeg","type":"image","subtype":"jpeg","icon":"https:\/\/www.unisantos.br\/graduacao\/wp-includes\/images\/media\/default.png","width":1950,"height":1109,"sizes":{"thumbnail":"https:\/\/www.unisantos.br\/graduacao\/wp-content\/uploads\/sites\/4\/2021\/11\/percurso-formativo-cursos_si-Intelig\u00eancia-Artificial-150x150.jpg","thumbnail-width":150,"thumbnail-height":150,"medium":"https:\/\/www.unisantos.br\/graduacao\/wp-content\/uploads\/sites\/4\/2021\/11\/percurso-formativo-cursos_si-Intelig\u00eancia-Artificial-300x171.jpg","medium-width":300,"medium-height":171,"medium_large":"https:\/\/www.unisantos.br\/graduacao\/wp-content\/uploads\/sites\/4\/2021\/11\/percurso-formativo-cursos_si-Intelig\u00eancia-Artificial-768x437.jpg","medium_large-width":768,"medium_large-height":437,"large":"https:\/\/www.unisantos.br\/graduacao\/wp-content\/uploads\/sites\/4\/2021\/11\/percurso-formativo-cursos_si-Intelig\u00eancia-Artificial-1024x582.jpg","large-width":1024,"large-height":582,"1536x1536":"https:\/\/www.unisantos.br\/graduacao\/wp-content\/uploads\/sites\/4\/2021\/11\/percurso-formativo-cursos_si-Intelig\u00eancia-Artificial.jpg","1536x1536-width":1536,"1536x1536-height":874,"2048x2048":"https:\/\/www.unisantos.br\/graduacao\/wp-content\/uploads\/sites\/4\/2021\/11\/percurso-formativo-cursos_si-Intelig\u00eancia-Artificial.jpg","2048x2048-width":1950,"2048x2048-height":1109}}},{"acf_fc_layout":"texto","texto":"<p><span style=\"font-weight: 400;\">A forma\u00e7\u00e3o suplementar na \u00e1rea de Intelig\u00eancia Artificial possibilitar\u00e1 o desenvolvimento de solu\u00e7\u00f5es mais aprimoradas e aderentes aos desafios emergentes no contexto dos neg\u00f3cios, mais especificamente, na an\u00e1lise de dados, no suporte aos processos estrat\u00e9gicos, na avalia\u00e7\u00e3o das situa\u00e7\u00f5es concorrenciais e na tomada de decis\u00e3o.<\/span><\/p>\n"}]},{"titulo":"Marketing e Gest\u00e3o com Pessoas","conteudo":[{"acf_fc_layout":"imagem","imagem":{"ID":39931,"id":39931,"title":"percurso formativo - cursos_si marketing e gestao pessoas","filename":"percurso-formativo-cursos_si-marketing-e-gestao-pessoas.jpg","filesize":341055,"url":"https:\/\/www.unisantos.br\/graduacao\/wp-content\/uploads\/sites\/4\/2021\/11\/percurso-formativo-cursos_si-marketing-e-gestao-pessoas.jpg","link":"https:\/\/www.unisantos.br\/graduacao\/sistemas-de-informacao\/percurso-formativo-cursos_si-marketing-e-gestao-pessoas\/","alt":"","author":"1","description":"","caption":"","name":"percurso-formativo-cursos_si-marketing-e-gestao-pessoas","status":"inherit","uploaded_to":162,"date":"2021-11-10 18:34:37","modified":"2021-11-10 18:34:37","menu_order":0,"mime_type":"image\/jpeg","type":"image","subtype":"jpeg","icon":"https:\/\/www.unisantos.br\/graduacao\/wp-includes\/images\/media\/default.png","width":1950,"height":1110,"sizes":{"thumbnail":"https:\/\/www.unisantos.br\/graduacao\/wp-content\/uploads\/sites\/4\/2021\/11\/percurso-formativo-cursos_si-marketing-e-gestao-pessoas-150x150.jpg","thumbnail-width":150,"thumbnail-height":150,"medium":"https:\/\/www.unisantos.br\/graduacao\/wp-content\/uploads\/sites\/4\/2021\/11\/percurso-formativo-cursos_si-marketing-e-gestao-pessoas-300x171.jpg","medium-width":300,"medium-height":171,"medium_large":"https:\/\/www.unisantos.br\/graduacao\/wp-content\/uploads\/sites\/4\/2021\/11\/percurso-formativo-cursos_si-marketing-e-gestao-pessoas-768x437.jpg","medium_large-width":768,"medium_large-height":437,"large":"https:\/\/www.unisantos.br\/graduacao\/wp-content\/uploads\/sites\/4\/2021\/11\/percurso-formativo-cursos_si-marketing-e-gestao-pessoas-1024x583.jpg","large-width":1024,"large-height":583,"1536x1536":"https:\/\/www.unisantos.br\/graduacao\/wp-content\/uploads\/sites\/4\/2021\/11\/percurso-formativo-cursos_si-marketing-e-gestao-pessoas.jpg","1536x1536-width":1536,"1536x1536-height":874,"2048x2048":"https:\/\/www.unisantos.br\/graduacao\/wp-content\/uploads\/sites\/4\/2021\/11\/percurso-formativo-cursos_si-marketing-e-gestao-pessoas.jpg","2048x2048-width":1950,"2048x2048-height":1110}}},{"acf_fc_layout":"texto","texto":"<p><span style=\"font-weight: 400;\">Aprofundar o conhecimento sobre o contexto organizacional e suas inter-rela\u00e7\u00f5es favorece o desenvolvimento de solu\u00e7\u00f5es integradas e contribui para supera\u00e7\u00e3o dos principais desafios ao desenvolvimento dos neg\u00f3cios, com apoio da tecnologia de informa\u00e7\u00e3o e comunica\u00e7\u00e3o.<\/span><\/p>\n"}]}],"imagem_video":false,"repetidor_video":[{"imagem_video":false,"video":"","link":""},{"imagem_video":false,"video":"","link":""},{"imagem_video":false,"video":"","link":""}],"mais_informacoes":false,"botao_especial":{"imagem":false,"link":""},"depoimentos":false,"selo":false,"titulo_diferenciais":"Diferenciais do curso","diferenciais":[{"area":"Curso bem avaliado","texto":"<p>4 estrelas (de 5) no Guia da Faculdade do Estad\u00e3o e nota 4 na avalia\u00e7\u00e3o do MEC.<\/p>\n"},{"area":"Laborat\u00f3rio de Intelig\u00eancia Artificial","texto":"<p>Com recursos computacionais de \u00faltima gera\u00e7\u00e3o que d\u00e3o suporte \u00e0s atividades de ensino, pesquisa e extens\u00e3o na \u00e1rea de Intelig\u00eancia Artificial.<\/p>\n"},{"area":"Maior estrutura de Laborat\u00f3rios de Inform\u00e1tica da regi\u00e3o","texto":"<p>Suporte aos conte\u00fados de Rede de Computadores, Eletricidade, Algoritmos, Circuitos Digitais, Estrutura de Dados, Linguagens de Programa\u00e7\u00e3o, Engenharia de Software, Banco de Dados e Arquitetura de Computadores.<\/p>\n"},{"area":"Conv\u00eanios de coopera\u00e7\u00e3o t\u00e9cnico-cient\u00edfica","texto":"<p>Com Oracle\u00ae, IBM\u00ae, AWS\u00ae e Microsoft\u00ae.<\/p>\n"},{"area":"Outros diferenciais","texto":"<p>\u00danica institui\u00e7\u00e3o na regi\u00e3o a ser sede oficial da Maratona Internacional de Programa\u00e7\u00e3o, promovida pela Sociedade Brasileira de Computa\u00e7\u00e3o \u2013 SBC e pela ACM Association for Computing Machinery.<\/p>\n<p>Maratona de Programa\u00e7\u00e3o Santo Scuderi, promovida pela UNISANTOS com a participa\u00e7\u00e3o de alunos de institui\u00e7\u00f5es de toda a regi\u00e3o, como prepara\u00e7\u00e3o para a Maratona Internacional.<\/p>\n<p>Biblioteca especializada com acervo espec\u00edfico para a \u00e1rea de tecnologia e inform\u00e1tica.<\/p>\n<p>Alt\u00edssimo \u00edndice de empregabilidade.<\/p>\n<p>Laborat\u00f3rio de Projetos e Desenvolvimento de Software.<\/p>\n<p>Labson: Laborat\u00f3rio de Solu\u00e7\u00f5es Organizacionais, que propicia experi\u00eancia profissional monitorada por meio de presta\u00e7\u00e3o de servi\u00e7os e pesquisa aplicada.<\/p>\n<p>Instituto de Pesquisas Cient\u00edficas e Tecnol\u00f3gicas (Ipeci), com mais de 40 grupos de pesquisa cadastrados no Diret\u00f3rio de Grupos de Pesquisas do CNPq.<\/p>\n<p>Maior programa de Inicia\u00e7\u00e3o Cient\u00edfica e Inicia\u00e7\u00e3o Tecnol\u00f3gica da regi\u00e3o com bolsas do CNPq.<\/p>\n<p>Maior complexo de bibliotecas da regi\u00e3o, com base de dados e peri\u00f3dicos eletr\u00f4nicos exclusivos.<\/p>\n<p>Linhas de forma\u00e7\u00e3o\/Percursos formativos opcionais em Intelig\u00eancia.<\/p>\n<p>Artificial e Marketing e Marketing Digital.<\/p>\n<p>&nbsp;<\/p>\n"}],"conteudo_curricular":"https:\/\/www.unisantos.br\/wp-content\/uploads\/2026\/02\/Sistemas-de-Informacao_2026-em-andamento.pdf"},"_links":{"self":[{"href":"https:\/\/www.unisantos.br\/graduacao\/wp-json\/wp\/v2\/pages\/162"}],"collection":[{"href":"https:\/\/www.unisantos.br\/graduacao\/wp-json\/wp\/v2\/pages"}],"about":[{"href":"https:\/\/www.unisantos.br\/graduacao\/wp-json\/wp\/v2\/types\/page"}],"author":[{"embeddable":true,"href":"https:\/\/www.unisantos.br\/graduacao\/wp-json\/wp\/v2\/users\/1"}],"replies":[{"embeddable":true,"href":"https:\/\/www.unisantos.br\/graduacao\/wp-json\/wp\/v2\/comments?post=162"}],"version-history":[{"count":4,"href":"https:\/\/www.unisantos.br\/graduacao\/wp-json\/wp\/v2\/pages\/162\/revisions"}],"predecessor-version":[{"id":43227,"href":"https:\/\/www.unisantos.br\/graduacao\/wp-json\/wp\/v2\/pages\/162\/revisions\/43227"}],"wp:featuredmedia":[{"embeddable":true,"href":"https:\/\/www.unisantos.br\/graduacao\/wp-json\/wp\/v2\/media\/38426"}],"wp:attachment":[{"href":"https:\/\/www.unisantos.br\/graduacao\/wp-json\/wp\/v2\/media?parent=162"}],"curies":[{"name":"wp","href":"https:\/\/api.w.org\/{rel}","templated":true}]}}