{"id":14158,"date":"2014-09-12T16:12:33","date_gmt":"2014-09-12T19:12:33","guid":{"rendered":"https:\/\/www.unisantos.br\/portal\/?page_id=14158"},"modified":"2022-05-25T16:43:17","modified_gmt":"2022-05-25T19:43:17","slug":"teologia","status":"publish","type":"page","link":"https:\/\/www.unisantos.br\/graduacao\/teologia\/","title":{"rendered":"Teologia"},"content":{"rendered":"<p><strong>Per\u00edodo<br \/>\n<\/strong>Noite<\/p>\n<p><strong style=\"line-height: 1.5em\">Dura\u00e7\u00e3o<br \/>\n<\/strong><span style=\"line-height: 1.5em\">8 semestres<\/span><\/p>\n<p><a class=\"botao-curso\" href=\"https:\/\/www.unisantos.br\/graduacao\/teologia\/diferenciais-teologia-2\/\" target=\"_blank\" rel=\"noopener\">Diferenciais<\/a>\u00a0<a class=\"botao-curso\" href=\"https:\/\/www.unisantos.br\/bolsas\/\">Bolsas<\/a> <a class=\"botao-curso\" href=\"https:\/\/www.unisantos.br\/convenio-com-empresas\/\">Conv\u00eanios<\/a> <a class=\"botao-curso\" href=\"https:\/\/www.unisantos.br\/internacional\/convenios\/\">Interc\u00e2mbio<\/a>\u00a0<a class=\"botao-curso\" href=\"https:\/\/www.unisantos.br\/graduacao\/teologia\/noticias-de-teologia\/\" target=\"_blank\" rel=\"noopener\">Not\u00edcias<\/a><\/p>\n<p><img loading=\"lazy\" decoding=\"async\" class=\"alignnone size-full wp-image-32418\" src=\"https:\/\/www.unisantos.br\/graduacao\/wp-content\/uploads\/sites\/4\/2018\/07\/teologia.jpg\" alt=\"\" width=\"1280\" height=\"720\" \/><\/p>\n<p>O Bacharelado em TEOLOGIA\u00a0da Cat\u00f3lica de Santos \u00e9 o primeiro e \u00fanico da Baixada Santista. \u00a0\u00c0 luz da f\u00e9 Crist\u00e3, em conson\u00e2ncia com a Tradi\u00e7\u00e3o e o Magist\u00e9rio da Igreja, reflete o homem, a natureza e a sociedade. Em di\u00e1logo permanente com outras Igrejas Crist\u00e3s e Religi\u00f5es, aprofunda o ecumenismo e a caminhada comum para a constru\u00e7\u00e3o do Reino de Deus. O curso, mediante uma investiga\u00e7\u00e3o sistem\u00e1tica, prepara o aluno para compreender, aprofundar e vivenciar a f\u00e9, formando profissionais s\u00f3lidos no saber e coerentes na \u00e9tica-crist\u00e3.<\/p>\n<p><strong>Objetivos gerais<\/strong><br \/>\n\u2022 Avaliar os fen\u00f4menos humanos e religiosos, bem como as din\u00e2micas sociais, articulando a religi\u00e3o e outras manifesta\u00e7\u00f5es culturais;<br \/>\n\u2022 Correlacionar os conceitos teol\u00f3gicos e as situa\u00e7\u00f5es pr\u00e1ticas da vida;<br \/>\n\u2022 Compreender as tradi\u00e7\u00f5es culturais e religiosas;<br \/>\n\u2022 Valorizar a pluralidade cultural e religiosa, buscando superar e posicionar-se frente \u00e0s pr\u00e1ticas discriminat\u00f3rias e preconceituosas;<br \/>\n\u2022 Desenvolver vis\u00e3o abrangente da dimens\u00e3o religiosa da experi\u00eancia humana individual e social;<br \/>\n\u2022 Compreender a transcend\u00eancia como capacidade humana de ir al\u00e9m dos limites que se experimentam na exist\u00eancia;<br \/>\n\u2022 Entender o papel social, \u00e9tico e pedag\u00f3gico do te\u00f3logo;<br \/>\n\u2022 Refletir acerca da teologia espiritual, inclusive na sua dimens\u00e3o m\u00edstica.<\/p>\n<p><strong>Onde voc\u00ea pode trabalhar<\/strong><br \/>\nO Bacharel em TEOLOGIA\u00a0da Cat\u00f3lica de Santos tem um vasto campo de atua\u00e7\u00e3o em comunidades religiosas, associa\u00e7\u00f5es civis, ONGs, escolas e universidades. Formando e orientando pessoas. Como ministro dos Ritos Sagrados, dialogando perenemente com o mundo e a sociedade que o cercam, o Bacharel em Teologia \u00e9 sinal do contradit\u00f3rio e do humano que se eterniza na f\u00e9 e nas tradi\u00e7\u00f5es religiosas.<\/p>\n<p><strong>Habilidades e compet\u00eancias desenvolvidas<br \/>\n<\/strong>\u2022 Presen\u00e7a p\u00fablica, interferindo construtivamente na sociedade, na perspectiva da transforma\u00e7\u00e3o da realidade eclesial, educacional, social, pol\u00edtica e econ\u00f4mica, e na valoriza\u00e7\u00e3o e promo\u00e7\u00e3o da pessoa humana;<br \/>\n\u2022 Valoriza\u00e7\u00e3o do conhecimento que transforma a realidade (aprender a fazer); que promove a integra\u00e7\u00e3o humana (aprender a conviver); que d\u00e1 sentido pleno \u00e0 vida (aprender a ser); que abre o entendimento para a busca do novo (aprender a aprender); como tamb\u00e9m abre perspectivas para transcender (aprender a crer);<br \/>\n\u2022 Reflex\u00e3o a partir de textos sagrados, considerando o cen\u00e1rio hist\u00f3rico, pol\u00edtico, cultural e eclesial da contemporaneidade;<br \/>\n\u2022 Desenvolvimento de a\u00e7\u00f5es para a forma\u00e7\u00e3o continuada, analisando as mudan\u00e7as que se apresentam no cen\u00e1rio das novas tecnologias, ideologias culturais e religiosas, impactando a vida pessoal, familiar e social;<br \/>\n\u2022 Viv\u00eancia da f\u00e9 e da \u00e9tica crist\u00e3 voltadas \u00e0 cidadania, \u00e0 justi\u00e7a social e \u00e0 preserva\u00e7\u00e3o do meio ambiente;<br \/>\n\u2022 Reflex\u00e3o cr\u00edtica em rela\u00e7\u00e3o ao papel da igreja no mundo.<\/p>\n","protected":false},"excerpt":{"rendered":"<p>Per\u00edodo Noite Dura\u00e7\u00e3o 8 semestres Diferenciais\u00a0Bolsas Conv\u00eanios Interc\u00e2mbio\u00a0Not\u00edcias O Bacharelado em TEOLOGIA\u00a0da Cat\u00f3lica de Santos \u00e9 o primeiro e \u00fanico da Baixada [&hellip;]<\/p>\n","protected":false},"author":1,"featured_media":38427,"parent":0,"menu_order":0,"comment_status":"open","ping_status":"open","template":"curso.php","meta":{"footnotes":""},"acf":{"endereco":"<p><img loading=\"lazy\" decoding=\"async\" class=\"alignnone size-full wp-image-35713\" src=\"https:\/\/www.unisantos.br\/graduacao\/wp-content\/uploads\/sites\/4\/2020\/09\/pin.png\" alt=\"\" width=\"24\" height=\"31\" \/><br \/>\nCampus Dom Id\u00edlio Jos\u00e9 Soares<br \/>\nAvenida Conselheiro N\u00e9bias, 300 \u2013 Vila Mathias<\/p>\n","coordenador":"<p><strong><img loading=\"lazy\" decoding=\"async\" class=\"alignnone size-full wp-image-36242\" src=\"https:\/\/www.unisantos.br\/graduacao\/wp-content\/uploads\/sites\/4\/2020\/10\/padre-claudio.png\" alt=\"\" width=\"190\" height=\"190\" \/><\/strong><\/p>\n<p><strong>Coordenador<\/strong><br \/>\nProf. Me. Pe. Cl\u00e1udio Scherer da Silva<\/p>\n","diretor":"<p><strong><img loading=\"lazy\" decoding=\"async\" class=\"alignnone size-full wp-image-36243\" src=\"https:\/\/www.unisantos.br\/graduacao\/wp-content\/uploads\/sites\/4\/2020\/10\/padre-finotti.png\" alt=\"\" width=\"190\" height=\"190\" \/><\/strong><\/p>\n<p><strong>Diretor do Instituto de Teologia S\u00e3o Jos\u00e9 de Anchieta<\/strong><br \/>\nPadre Antonio Alberto Finotti<\/p>\n","rodape":"<p><strong>Fundamento legal para o funcionamento do curso<\/strong><br \/>\n<strong>Autoriza\u00e7\u00e3o:\u00a0<\/strong>Resolu\u00e7\u00e3o CONSU n\u00ba 5\/2014<\/p>\n","periodo":["noite"],"duracao":"8 semestres","estrutura_unica":"Presen\u00e7a p\u00fablica, interferindo construtivamente na sociedade, na perspectiva da transforma\u00e7\u00e3o da realidade eclesial, educacional, social, pol\u00edtica e econ\u00f4mica, e na valoriza\u00e7\u00e3o e promo\u00e7\u00e3o da pessoa humana; Valoriza\u00e7\u00e3o do conhecimento que transforma a realidade (aprender a fazer); que promove a integra\u00e7\u00e3o humana (aprender a conviver); que d\u00e1 sentido pleno \u00e0 vida (aprender a ser); que abre o entendimento para a busca do novo (aprender a aprender); como tamb\u00e9m abre perspectivas para transcender (aprender a crer); Reflex\u00e3o a partir de textos sagrados, considerando o cen\u00e1rio hist\u00f3rico, pol\u00edtico, cultural e eclesial da contemporaneidade; Desenvolvimento de a\u00e7\u00f5es para a forma\u00e7\u00e3o continuada, analisando as mudan\u00e7as que se apresentam no cen\u00e1rio das novas tecnologias, ideologias culturais e religiosas, impactando a vida pessoal, familiar e social; Viv\u00eancia da f\u00e9 e da \u00e9tica crist\u00e3 voltadas \u00e0 cidadania, \u00e0 justi\u00e7a social e \u00e0 preserva\u00e7\u00e3o do meio ambiente; Reflex\u00e3o cr\u00edtica em rela\u00e7\u00e3o ao papel da igreja no mundo.","onde_trabalhar":"O Bacharel em TEOLOGIA\u00a0da Cat\u00f3lica de Santos tem um vasto campo de atua\u00e7\u00e3o em comunidades religiosas, associa\u00e7\u00f5es civis, ONGs, escolas e universidades. Formando e orientando pessoas. Como ministro dos Ritos Sagrados, dialogando perenemente com o mundo e a sociedade que o cercam, o Bacharel em Teologia \u00e9 sinal do contradit\u00f3rio e do humano que se eterniza na f\u00e9 e nas tradi\u00e7\u00f5es religiosas.","modalidade":["presencial"],"conceito-mec":{"conceito":"Conceito Enade","valor":""},"video":"","icone":"https:\/\/www.unisantos.br\/graduacao\/wp-content\/uploads\/sites\/4\/2021\/10\/TEOLOGIA.svg","texto_premio":"","premios":false,"titulo_conv":"PARCERIAS E<B> CONV\u00caNIOS<\/B>","convenios":[{"logo":"https:\/\/www.unisantos.br\/graduacao\/wp-content\/uploads\/sites\/4\/2021\/11\/selo-rede_v2.png","link":""}],"descricao_conv":"","conteudos":[{"area":{"value":"conteudo-curricular","label":"Conte\u00fado Curricular"},"tipo":"link","texto":"","link":""},{"area":{"value":"diferenciais","label":"Diferenciais do Curso"},"tipo":"texto","texto":"<p>\u2022 Estrutura de Pastoral Universit\u00e1ria<\/p>\n<p>\u2022 Maior complexo de Bibliotecas da Regi\u00e3o, com mais de 270 mil volumes e acesso digital a exclusivas bases indexadas.<\/p>\n<p>\u2022 Programa de Inicia\u00e7\u00e3o Cient\u00edfica: trabalho de pesquisa com oportunidade de bolsas CNPq, Fapesp ou UniSantos.<\/p>\n<p>\u2022 Corpo Docente formado por Mestres e Doutores com qualificada experi\u00eancia profissional.<\/p>\n<p>\u2022 Centro Cidad\u00e3o: espa\u00e7o para pr\u00e1tica pedag\u00f3gica supervisionada com oferta de cursos para alunos de Ensino Fundamental e M\u00e9dio.<\/p>\n<p>\u2022 Maior e mais completa infraestrutura de laborat\u00f3rios de inform\u00e1tica da Regi\u00e3o.<\/p>\n<p>\u2022 Participa\u00e7\u00e3o em programas de interc\u00e2mbios internacionais em universidades conveniadas.<\/p>\n<p>\u2022 TV UniSantos, emissora de tv educativa vinculada \u00e0 Diocese de Santos.<\/p>\n<p>\u2022 Institui\u00e7\u00e3o associada \u00e0 Associa\u00e7\u00e3o Nacional da Educa\u00e7\u00e3o Cat\u00f3lica (Anec)<\/p>\n","link":""},{"area":{"value":"conteudo-curricular","label":"Conte\u00fado Curricular"},"tipo":"link","texto":"","link":""},{"area":{"value":"conteudo-curricular","label":"Conte\u00fado Curricular"},"tipo":"link","texto":"","link":""},{"area":{"value":"estagio","label":"Est\u00e1gio"},"tipo":"link","texto":"","link":""},{"area":{"value":"conteudo-curricular","label":"Conte\u00fado Curricular"},"tipo":"link","texto":"","link":""},{"area":{"value":"noticias","label":"Not\u00edcias"},"tipo":"texto","texto":"<p><strong>2022<\/strong><\/p>\n<p><a href=\"https:\/\/www.unisantos.br\/portal\/noticias\/patrimonio-unisantos-prefeitura-de-guaruja-e-iphan-realizam-visita-tecnica-na-fortaleza-da-barra-e-preparam-intervencoes-para-acessibilidade\/\" target=\"_blank\" rel=\"noopener\">\u2022\u00a0PATRIM\u00d4NIO \u2013 UNISANTOS, Prefeitura de Guaruj\u00e1 e Iphan realizam visita t\u00e9cnica na Fortaleza da Barra e preparam interven\u00e7\u00f5es para acessibilidade<\/a><\/p>\n<p>&nbsp;<\/p>\n<p><strong>2020<\/strong><\/p>\n<p><a href=\"https:\/\/www.unisantos.br\/portal\/noticias\/publicacoes-editora-universitaria-leopoldianum-lanca-ebooks-totalmente-gratuitos-nas-areas-de-educacao-psicologia-literatura-e-logistica\/\">\u2022\u00a0PUBLICA\u00c7\u00d5ES \u2013 Editora Universit\u00e1ria Leopoldianum lan\u00e7a ebooks, totalmente gratuitos, nas \u00e1reas de Educa\u00e7\u00e3o, Psicologia, Literatura e Log\u00edstica<\/a><\/p>\n<p>&nbsp;<\/p>\n<p><strong>2019<\/strong><\/p>\n<p><a href=\"https:\/\/www.unisantos.br\/portal\/noticias\/extensao-coordenador-de-extensao-universitaria-participa-de-eventos-nacional-e-internacional-em-passo-fundo\/\">\u2022 EXTENS\u00c3O \u2013 Coordenador de Extens\u00e3o Universit\u00e1ria participa de eventos nacional e internacional, no RS<\/a><\/p>\n<p><a href=\"https:\/\/www.unisantos.br\/portal\/noticias\/educacao-catolica-secretario-da-congregacao-para-a-educacao-catolica-da-santa-se-dom-angelo-vincenzo-zani-realiza-conferencias-para-dirigentes-docentes-e-estudantes-da-unisantos\/\">\u2022 EDUCA\u00c7\u00c3O CAT\u00d3LICA \u2013 Secret\u00e1rio da Congrega\u00e7\u00e3o para a Educa\u00e7\u00e3o Cat\u00f3lica da Santa S\u00e9, Dom Angelo Vincenzo Zani realiza confer\u00eancias para dirigentes, docentes e estudantes<\/a><\/p>\n<p><a href=\"https:\/\/www.unisantos.br\/portal\/noticias\/extensao-docentes-representam-a-instituicao-na-comissao-interinstitucional-de-educacao-ambiental-e-no-conselho-nacional-de-recursos-hidricos\/\">\u2022 COMUNIDADE \u2013 Docentes est\u00e3o na Comiss\u00e3o de Educa\u00e7\u00e3o Ambiental e no Conselho Nacional de Recursos H\u00eddricos<\/a><\/p>\n<p><a href=\"https:\/\/www.unisantos.br\/portal\/noticias\/inovacao-laboratorio-de-inteligencia-artificial-abre-novas-possibilidades-para-solucoes-em-diferentes-areas-e-negocios\/\">\u2022\u00a0INOVA\u00c7\u00c3O TECNOL\u00d3GICA \u2013 In\u00e9dito na Regi\u00e3o Metropolitana da Baixada Santista, Laborat\u00f3rio de Intelig\u00eancia Artificial abre novas possibilidades para solu\u00e7\u00f5es em diferentes \u00e1reas<\/a><\/p>\n<p>\u2022\u00a0<a href=\"https:\/\/www.unisantos.br\/portal\/noticias\/equipe-da-fecs-e-bicampea-do-torneio-integracao-universitaria\/\">ESPORTE \u2013 Equipe da FECS \u00e9 bicampe\u00e3 do Torneio Integra\u00e7\u00e3o Universit\u00e1ria UNISANTOS- TIUNI 2019, competi\u00e7\u00e3o que reuniu 180 estudantes em 12 equipes<\/a><\/p>\n<p>\u2022\u00a0<a href=\"https:\/\/www.unisantos.br\/portal\/noticias\/publicacao-e-book-sobre-o-porto-de-santos-e-regiao-contribui-para-elaboracao-de-politicas-publicas-para-o-desenvolvimento-sustentavel\/\">PUBLICA\u00c7\u00c3O \u2013 E-book sobre o Porto de Santos e regi\u00e3o contribui para elabora\u00e7\u00e3o de pol\u00edticas p\u00fablicas<\/a><\/p>\n<p>\u2022\u00a0<a href=\"https:\/\/www.unisantos.br\/portal\/noticias\/sinodo-pan-amazonia-dom-claudio-hummes-alerta-sobre-o-futuro-do-planeta-a-importancia-da-amazonia-e-dos-povos-indigenas\/\">S\u00cdNODO PAN-AMAZ\u00d4NIA \u2013 Dom Cl\u00e1udio Hummes alerta sobre a import\u00e2ncia da Amaz\u00f4nia e dos povos ind\u00edgenas<\/a><\/p>\n<p>\u2022\u00a0<a href=\"https:\/\/www.unisantos.br\/portal\/noticias\/cultura-comite-tecnico-que-busca-titulo-de-patrimonio-mundial-para-fortificacoes-da-regiao-realiza-primeira-apresentacao-publica\/\">CULTURA \u2013 Comit\u00ea t\u00e9cnico que busca t\u00edtulo de Patrim\u00f4nio Mundial para fortifica\u00e7\u00f5es da regi\u00e3o realiza primeira apresenta\u00e7\u00e3o p\u00fablica<\/a><\/p>\n<p>\u2022\u00a0<a href=\"https:\/\/www.unisantos.br\/portal\/noticias\/avaliacao-do-mec-unisantos-tem-o-maior-conceito-da-regiao-e-esta-entre-as-melhores-do-brasil-e-do-estado-de-sao-paulo\/\">AVALIA\u00c7\u00c3O DO MEC: UNISANTOS tem o maior conceito da regi\u00e3o no \u00cdndice Geral de Cursos (IGC) e est\u00e1 entre as melhores do Brasil e do Estado de S\u00e3o Paulo<\/a><\/p>\n<p>\u2022\u00a0<a href=\"https:\/\/www.unisantos.br\/wp-content\/uploads\/2019\/01\/As-melhores-faculdades-e-universidades-particulares-do-Brasil.pdf\" target=\"_blank\" rel=\"noopener\">Portal Exame da Editora Abril destaca a UNISANTOS entre as melhores universidades do Brasil, conforme avalia\u00e7\u00e3o do Minist\u00e9rio da Educa\u00e7\u00e3o<\/a><\/p>\n<p>&nbsp;<\/p>\n<p><strong>2018<\/strong><\/p>\n<p>\u2022 <a href=\"https:\/\/www.unisantos.br\/wp-content\/uploads\/2018\/12\/economia-colaborativa.pdf\" target=\"_blank\" rel=\"noopener\">Professora da UNISANTOS fala sobre economia colaborativa em mat\u00e9ria publicada na AT Revista<\/a><\/p>\n<p>\u2022\u00a0<a href=\"https:\/\/www.unisantos.br\/portal\/noticias\/mobilidade-academica-estudantes-se-preparam-para-vivenciar-novas-experiencias-em-universidades-da-espanha-mexico-e-portugal\/\">Estudantes se preparam para vivenciar novas experi\u00eancias em Universidades da Espanha, M\u00e9xico e Portugal<\/a><\/p>\n<p>\u2022\u00a0<a href=\"https:\/\/www.unisantos.br\/portal\/noticias\/unisantos-formaliza-convenio-com-o-conselho-municipal-de-entidades-de-bairros-de-santos-comeb\/\">UNISANTOS formaliza conv\u00eanio com o Conselho Municipal de Entidades de Bairros de Santos (COMEB)<\/a><\/p>\n<p>\u2022\u00a0<a href=\"https:\/\/www.unisantos.br\/portal\/noticias\/convenio-unisantos-formaliza-parceria-com-a-prefeitura-municipal-de-cubatao\/\">CONV\u00caNIO \u2013 UNISANTOS formaliza parceria com a Prefeitura Municipal de Cubat\u00e3o<\/a><\/p>\n<p>\u2022\u00a0<a href=\"https:\/\/www.unisantos.br\/wp-content\/uploads\/2018\/11\/convenio-prefeitura-cubatao.pdf\" target=\"_blank\" rel=\"noopener\">Portal da Prefeitura Municipal de Cubat\u00e3o destaca formaliza\u00e7\u00e3o de conv\u00eanio com a UNISANTOS<\/a><\/p>\n<p>\u2022\u00a0<a href=\"https:\/\/www.unisantos.br\/portal\/noticias\/esporte-comunicacao-vence-engenharia-e-conquista-o-titulo-da-copa-catolica-de-futsal-2018\/\">ESPORTE: Equipe dos cursos de Comunica\u00e7\u00e3o vence Engenharia e conquista o t\u00edtulo da Copa Cat\u00f3lica de Futsal 2018<\/a><\/p>\n<p>\u2022\u00a0<a href=\"https:\/\/www.unisantos.br\/portal\/noticias\/lideranca-e-inteligencia-emocional-e-tema-do-encontro-de-representantes-de-classe\/\">Com o tema \u201cLideran\u00e7a e intelig\u00eancia emocional\u201d, Encontro de Representantes de Classe da UNISANTOS promove debate e troca de ideias<\/a><\/p>\n<p>\u2022\u00a0<a href=\"https:\/\/www.unisantos.br\/portal\/noticias\/oportunidade-unisantos-incentiva-recrutamento-e-estimula-interacao-entre-estudantes-e-profissionais-na-21a-feira-de-carreiras\/\">OPORTUNIDADE: UNISANTOS incentiva recrutamento e estimula intera\u00e7\u00e3o entre estudantes e profissionais na 21\u00aa Feira de Carreiras<\/a><\/p>\n<p>\u2022\u00a0<a href=\"https:\/\/www.unisantos.br\/portal\/noticias\/unisantos-comemora-67-anos-de-criacao-com-as-instalacoes-da-catedra-padre-waldemar-valle-martins-e-do-instituto-de-teologia-sao-jose-de-anchieta\/\" target=\"_blank\" rel=\"noopener\">UNISANTOS comemora 67 anos de cria\u00e7\u00e3o com as instala\u00e7\u00f5es da C\u00e1tedra \u201cPadre Waldemar Valle Martins\u201d e do Instituto de Teologia S\u00e3o Jos\u00e9 de Anchieta<\/a><\/p>\n<p>\u2022\u00a0<a href=\"http:\/\/www.unisantos.br\/wp-content\/uploads\/2018\/07\/Hist\u00f3rias-de-amor-e-sucesso-s\u00e3o-contadas-por-estudantes-e-egressos-da-Unisantos.pdf\" target=\"_blank\" rel=\"noopener\">Campanha EU AMO A UNISANTOS inspira estudantes a contarem suas hist\u00f3rias<\/a><\/p>\n<p>\u2022\u00a0<a href=\"http:\/\/www.unisantos.br\/portal\/noticias\/equipe-da-fecs-e-a-campea-do-torneio-integracao-universitaria-unisantos\/\">Equipe da FECS \u00e9 a campe\u00e3 do Torneio Integra\u00e7\u00e3o Universit\u00e1ria UNISANTOS<\/a><\/p>\n<p>\u2022\u00a0<a href=\"http:\/\/www.unisantos.br\/portal\/noticias\/torneio-integracao-universitaria-prossegue-neste-domingo-15\/\">Torneio Integra\u00e7\u00e3o Universit\u00e1ria UNISANTOS prossegue neste domingo (15)<\/a><\/p>\n<p>\u2022\u00a0<a href=\"http:\/\/www.unisantos.br\/portal\/noticias\/formado-pela-faculdade-de-direito-marcio-franca-e-o-novo-governador-do-estado\/\">Formado pela Faculdade de Direito, M\u00e1rcio Fran\u00e7a \u00e9 o novo governador do Estado<\/a><\/p>\n<p>\u2022\u00a0<a href=\"http:\/\/www.unisantos.br\/portal\/noticias\/incubadora-promove-o-encontro-cultura-caicara-tradicao-e-vidas-preservadas\/\">Incubadora promove o encontro Cultura Cai\u00e7ara &#8211; Tradi\u00e7\u00e3o e Vidas Preservadas<\/a><\/p>\n<p>\u2022\u00a0<a href=\"http:\/\/www.unisantos.br\/portal\/noticias\/unisantos-participa-da-formatura-de-alemaes-que-estudaram-na-instituicao\/\">Estudantes que cursaram MBA internacional na UNISANTOS recebem certificado<\/a><\/p>\n<p>\u2022\u00a0<a href=\"http:\/\/www.unisantos.br\/portal\/noticias\/pesquisadora-da-unisantos-representa-a-instituicao-no-forum-mundial-da-agua\/\">Pesquisadora da UNISANTOS representa a institui\u00e7\u00e3o no F\u00f3rum Mundial da \u00c1gua<\/a><\/p>\n<p><strong><br \/>\n2017<\/strong><\/p>\n<p>\u2022\u00a0<a href=\"http:\/\/www.unisantos.br\/portal\/noticias\/unisantos-conquista-mais-de-100-estrelas-no-guia-do-estudante-e-e-destaque-na-regiao\/\">UNISANTOS conquista mais de 100 estrelas no Guia do Estudante e \u00e9 destaque na regi\u00e3o<\/a><\/p>\n<p>\u2022\u00a0<a href=\"http:\/\/www.unisantos.br\/portal\/noticias\/estudantes-do-ensino-medio-recebem-as-boas-vindas-no-programa-de-educacao-cientifica\/\">Novos estudantes do Ensino M\u00e9dio iniciam no Programa de Educa\u00e7\u00e3o Cient\u00edfica<\/a><\/p>\n<p><strong><br \/>\n2016<\/strong><\/p>\n<p>\u2022\u00a0<a href=\"http:\/\/www.unisantos.br\/portal\/noticias\/ato-de-instalacao-da-rede-nossa-santos-sustentavel-reune-28-instituicoes\/\">Ato de instala\u00e7\u00e3o da Rede Nossa Santos Sustent\u00e1vel re\u00fane 30 institui\u00e7\u00f5es<\/a><\/p>\n<p>\u2022\u00a0<a href=\"http:\/\/www.unisantos.br\/wp-content\/uploads\/2016\/06\/Comunidade-em-A%C3%A7%C3%A3o-F%C3%B3rmula-que-desperta-aluno-%C3%A0-ci%C3%AAncia.pdf\" target=\"_blank\" rel=\"noopener\">Inicia\u00e7\u00e3o Cient\u00edfica para o Ensino M\u00e9dio abre s\u00e9rie do Pr\u00eamio Comunidade em A\u00e7\u00e3o<\/a><\/p>\n<p>\u2022\u00a0<a href=\"http:\/\/www.unisantos.br\/portal\/noticias\/em-parceria-com-a-unisantos-diocese-de-santos-realiza-a-1a-semana-da-cidadania\/\">Em parceria com a UNISANTOS, Diocese de Santos realiza a 1\u00aa Semana da Cidadania<\/a><\/p>\n<p>\u2022\u00a0<a href=\"http:\/\/www.unisantos.br\/portal\/noticias\/salas-de-internet-e-de-estudos-sao-novos-espacos-diferenciados-para-os-alunos\/\">Salas de internet e de estudos s\u00e3o novos espa\u00e7os diferenciados para os alunos<\/a><\/p>\n<p>\u2022\u00a0<a href=\"http:\/\/www.unisantos.br\/portal\/noticias\/unisantos-divulga-declaracao-da-cnbb-sobre-o-momento-nacional\/\">UNISANTOS divulga Declara\u00e7\u00e3o da CNBB sobre o Momento Nacional<\/a><\/p>\n<p>\u2022\u00a0<a href=\"http:\/\/www.unisantos.br\/portal\/noticias\/em-mais-uma-acao-de-preservacao-ambiental-unisantos-investe-em-boleto-sustentavel\/\">Em programa de preserva\u00e7\u00e3o ambiental, UNISANTOS investe em Boleto Sustent\u00e1vel<\/a><\/p>\n<p>\u2022\u00a0<a href=\"http:\/\/www.unisantos.br\/portal\/noticias\/unisantos-comemora-30-anos-de-reconhecimento-e-65-anos-de-historia\/\">UNISANTOS comemora 30 anos de reconhecimento e 65 anos de hist\u00f3ria<\/a><\/p>\n<p><strong><br \/>\n2014<\/strong><\/p>\n<p>\u2022\u00a0<a href=\"http:\/\/www.unisantos.br\/wp-content\/uploads\/2014\/09\/Novos-cursos-AT-Revista-Especial-Educa%C3%A7%C3%A3o.pdf\" target=\"_blank\" rel=\"noopener\">AT Revista apresenta novo curso de Teologia oferecido pela Universidade Cat\u00f3lica de Santos<\/a><\/p>\n","link":""},{"area":{"value":"conteudo-curricular","label":"Conte\u00fado Curricular"},"tipo":"link","texto":"","link":""}],"certificados":false,"subtitulo":"","menu":false,"codigo":"","imagem_video":false,"percursos_formativos":false,"repetidor_video":false,"mais_informacoes":false,"botao_especial":{"imagem":false,"link":""},"depoimentos":false},"_links":{"self":[{"href":"https:\/\/www.unisantos.br\/graduacao\/wp-json\/wp\/v2\/pages\/14158"}],"collection":[{"href":"https:\/\/www.unisantos.br\/graduacao\/wp-json\/wp\/v2\/pages"}],"about":[{"href":"https:\/\/www.unisantos.br\/graduacao\/wp-json\/wp\/v2\/types\/page"}],"author":[{"embeddable":true,"href":"https:\/\/www.unisantos.br\/graduacao\/wp-json\/wp\/v2\/users\/1"}],"replies":[{"embeddable":true,"href":"https:\/\/www.unisantos.br\/graduacao\/wp-json\/wp\/v2\/comments?post=14158"}],"version-history":[{"count":0,"href":"https:\/\/www.unisantos.br\/graduacao\/wp-json\/wp\/v2\/pages\/14158\/revisions"}],"wp:featuredmedia":[{"embeddable":true,"href":"https:\/\/www.unisantos.br\/graduacao\/wp-json\/wp\/v2\/media\/38427"}],"wp:attachment":[{"href":"https:\/\/www.unisantos.br\/graduacao\/wp-json\/wp\/v2\/media?parent=14158"}],"curies":[{"name":"wp","href":"https:\/\/api.w.org\/{rel}","templated":true}]}}