{"id":31,"date":"2021-09-21T01:47:32","date_gmt":"2021-09-21T04:47:32","guid":{"rendered":"https:\/\/www.unisantos.br\/forumrecursoshidricos\/?page_id=31"},"modified":"2021-10-29T11:21:45","modified_gmt":"2021-10-29T14:21:45","slug":"programacao","status":"publish","type":"page","link":"https:\/\/www.unisantos.br\/forumrecursoshidricos\/programacao\/","title":{"rendered":"Programa\u00e7\u00e3o"},"content":{"rendered":"<p><strong>Tema<\/strong><br \/>\n<strong>Experi\u00eancias Internacionais em Gest\u00e3o e a Implementa\u00e7\u00e3o do Plano da Bacia Hidrogr\u00e1fica da Baixada Santista<\/strong><\/p>\n<p><strong>Local<\/strong><br \/>\n<strong>Campus Dom Id\u00edlio Jos\u00e9 Soares<br \/>\n<\/strong>3\u00ba. andar, sala 310<br \/>\nAvenida Conselheiro N\u00e9bias, 300 &#8211; Vila Mathias, Santos\/SP &#8211; CEP 11015-002<strong><br \/>\n<\/strong><\/p>\n<p>Para participa\u00e7\u00e3o no evento presencial ser\u00e1 necess\u00e1rio a apresenta\u00e7\u00e3o de:<br \/>\nPassaporte de Vacina\u00e7\u00e3o (duas doses ou uma dose Janssen)\u00a0ou<br \/>\nComprovante da primeira dose de vacina\u00e7\u00e3o e um teste de ant\u00edgeno com 24 horas do evento.<\/p>\n<p><strong>Datas<\/strong><br \/>\n<strong>4 e 5\/11\/2021<\/strong><\/p>\n<p><strong>Inscri\u00e7\u00f5es<\/strong><br \/>\n<a href=\"https:\/\/eventos.unisantos.br\/politicaspublicasrecursoshidricos\/\" target=\"_blank\" rel=\"noopener\"><strong>On-line<\/strong><\/a><br \/>\n<a href=\"https:\/\/eventos.unisantos.br\/recursoshidricospresencial\/\" target=\"_blank\" rel=\"noopener\"><strong>Presencial<\/strong><\/a><\/p>\n<p>&nbsp;<\/p>\n<p><strong>Programa\u00e7\u00e3o do dia\u00a0<\/strong><strong>4\/11<br \/>\n<\/strong><strong>On-line pelo <a href=\"https:\/\/www.youtube.com\/user\/catolicaunisantos\" target=\"_blank\" rel=\"noopener\">Canal do YouTube da Universidade Cat\u00f3lica de Santos<\/a><\/strong><\/p>\n<p><strong>9h<\/strong><br \/>\n<strong>Mesa 1:\u00a0Situa\u00e7\u00e3o dos Recursos H\u00eddricos na Baixada Santista<\/strong><br \/>\nEmenta: Desafios para a implementa\u00e7\u00e3o da Pol\u00edtica Estadual de Recursos H\u00eddricos. Indica\u00e7\u00e3o dos problemas enfrentados na Baixada Santista que afetam a qualidade da \u00e1gua.<br \/>\nCoordena\u00e7\u00e3o: <strong>Prof\u00aa. Dr\u00aa. Maria Luiza Machado Granziera<\/strong> &#8211; Programa de P\u00f3s-Gradua\u00e7\u00e3o <em>Stricto Sensu<\/em> em Direito\u00a0da Universidade Cat\u00f3lica de Santos<br \/>\n<strong><em>&#8211; A implementa\u00e7\u00e3o das pol\u00edticas de recursos h\u00eddricos e saneamento b\u00e1sico<\/em><\/strong><br \/>\n<strong>Rui Brasil Assis<\/strong> &#8211; Coordenador de Recursos H\u00eddricos da Secretaria Estadual de Energia e Recursos H\u00eddricos<br \/>\n<strong>Samuel Roiphe Barr\u00eato<\/strong> &#8211; Brazil Conservation Manager, The Nature Conservancy<br \/>\n<strong><em>&#8211; Qualidade da \u00e1gua na Ba\u00eda de Santos<\/em><\/strong><br \/>\n<strong>Claudia Conde Lamparelli<\/strong> &#8211; Companhia Ambiental do Estado de S\u00e3o Paulo \u2013 Cetesb<\/p>\n<p><strong>12h<\/strong><br \/>\nAlmo\u00e7o<\/p>\n<p><strong>14h<\/strong><br \/>\n<strong>Mesa 2:\u00a0Participa\u00e7\u00e3o do Comit\u00ea de Bacia Hidrogr\u00e1fica da Baixada Santista<\/strong><br \/>\nEmenta: A import\u00e2ncia da governan\u00e7a na implementa\u00e7\u00e3o das pol\u00edticas de \u00e1guas, no \u00e2mbito dos Comit\u00eas de Bacia Hidrogr\u00e1fica<br \/>\nCoordena\u00e7\u00e3o: <strong>Prof. Dr. Cl\u00e9ber Ferr\u00e3o Correa<\/strong> &#8211; Programa de P\u00f3s-Gradua\u00e7\u00e3o <em>Stricto Sensu<\/em> em Direito\u00a0da Universidade Cat\u00f3lica de Santos<br \/>\n<strong><em>&#8211; O papel dos comit\u00eas na implanta\u00e7\u00e3o das Pol\u00edticas de Recursos H\u00eddricos<\/em><\/strong><br \/>\n<strong>Prof. Dr. Volney Zanardi Junior<\/strong> &#8211; Especialista em Recursos H\u00eddricos da Ag\u00eancia Nacional de \u00c1guas (ANA)<br \/>\n<em><strong>&#8211; Os desafios da Gest\u00e3o de Recursos H\u00eddricos<\/strong><br \/>\n<\/em><strong>S\u00e9rgio Razera<\/strong> &#8211; Diretor-presidente da Ag\u00eancia das Bacias PCJ<br \/>\nDebatedor: <strong>Renan Braga Ribeiro &#8211; <\/strong>N\u00facleo de Pesquisas Hidrodin\u00e2micas da Unisanta<\/p>\n<p><strong>16h<\/strong><br \/>\nCoffee break<\/p>\n<p><strong>16h30<\/strong><br \/>\n<strong>Mesa 3:\u00a0Planejamento e Gest\u00e3o<\/strong><br \/>\nEmenta: o papel do planejamento na gest\u00e3o de recursos h\u00eddricos<br \/>\nCoordena\u00e7\u00e3o: <strong>Prof. Dr. Alcindo Gon\u00e7alves<\/strong> &#8211; Coordenador do Programa de P\u00f3s-Gradua\u00e7\u00e3o <em>Stricto Sensu<\/em> em Direito\u00a0da Universidade Cat\u00f3lica de Santos<br \/>\n<strong><em>&#8211; Planejamento de recursos h\u00eddricos: O Plano de Bacia Hidrogr\u00e1fica e revis\u00f5es como instrumentos das Pol\u00edticas de Recursos H\u00eddricos<\/em><\/strong><br \/>\n<strong> Prof. Dr. Patrick Alain Laigneau<\/strong> \u2013 Consultor e pesquisador em gest\u00e3o de \u00e1guas<br \/>\n<strong>Eduardo Cuoco L\u00e9o<\/strong> &#8211; Coordenador de Sistema de Informa\u00e7\u00f5es da Funda\u00e7\u00e3o da Ag\u00eancia das Bacias PCJ<\/p>\n<p>&nbsp;<\/p>\n<p><strong>Programa\u00e7\u00e3o do dia 5\/11<br \/>\n<\/strong><strong>On-line pelo <a href=\"https:\/\/www.youtube.com\/user\/catolicaunisantos\" target=\"_blank\" rel=\"noopener\">Canal do YouTube da Universidade Cat\u00f3lica de Santos<\/a><\/strong><\/p>\n<p><strong>8h30<\/strong><br \/>\n<strong>Mesa 4:\u00a0Eventos Clim\u00e1ticos Cr\u00edticos &#8211; Inunda\u00e7\u00f5es e ressaca<br \/>\n<\/strong>Ementa: Os impactos das mudan\u00e7as do clima em \u00e1reas costeiras. Desafios para a gest\u00e3o.<br \/>\nCoordena\u00e7\u00e3o: <strong>Prof\u00aa. Dr\u00aa. Maria Fernanda Britto Neves<\/strong> &#8211; Programa de P\u00f3s-Gradua\u00e7\u00e3o <em>Stricto Sensu<\/em> em Direito da Universidade Cat\u00f3lica de Santos<br \/>\n<strong><em>&#8211; Mudan\u00e7as Clim\u00e1ticas e Recursos H\u00eddricos<\/em><\/strong><br \/>\n<strong>Prof. Dr. Oswaldo dos Santos Lucon<\/strong> &#8211; Coordenador do F\u00f3rum Brasileiro de Mudan\u00e7a do Clima \u2013 Secretaria de Infraestrutura e Meio Ambiente de S\u00e3o Paulo<br \/>\n<em><strong>&#8211; A ressaca na Baixada Santista<\/strong><br \/>\n<\/em><strong>Prof\u00aa. Dr\u00aa. Luc\u00ed Hidalgo Nunes<\/strong> \u2013\u00a0Membro da Academie Royale des Sciences D Outre-Mer, B\u00e9lgica<\/p>\n<p><strong>12h<\/strong><br \/>\nAlmo\u00e7o<\/p>\n<p><strong>14h<\/strong><br \/>\n<strong>Mesa 5:\u00a0Planos Municipais de Saneamento B\u00e1sico<\/strong><br \/>\nEmenta: As interfaces entre os planos de saneamento b\u00e1sico e de recursos h\u00eddricos no \u00e2mbito das bacias hidrogr\u00e1ficas.<br \/>\nCoordena\u00e7\u00e3o: <strong>Prof. Dr.<\/strong> <strong>Jos\u00e9 Marques Carri\u00e7o<\/strong> \u2013 Programa de P\u00f3s-Gradua\u00e7\u00e3o <em>Stricto Sensu<\/em> em Direito da Universidade Cat\u00f3lica de Santos<br \/>\n<strong>Prof. Dr. Marco Ant\u00f4nio Palermo<\/strong> \u2013 Coordenador da Secretaria Municipal de Urbanismo e Licenciamento &#8211; Prefeitura de S\u00e3o Paulo<br \/>\n<strong>Antonio Carlos dos Santos<\/strong> \u2013 Companhia de Saneamento B\u00e1sico do Estado de S\u00e3o Paulo (Sabesp)<\/p>\n<p><strong>15h30<\/strong><br \/>\nCoffee break<\/p>\n<p><strong>16h<\/strong><br \/>\n<strong>Mesa 6:\u00a0Arranjo institucional para implementa\u00e7\u00e3o do PBH-BS 2016-2027<\/strong><br \/>\nEmenta: Os desafios para a implementa\u00e7\u00e3o do Plano de Bacia Hidrogr\u00e1fica da Baixada Santista, frente aos problemas de saneamento b\u00e1sico. Experi\u00eancia internacional.<br \/>\nCoordena\u00e7\u00e3o: <strong>Prof\u00aa. Dr\u00aa. Maria Luiza Machado Granziera<\/strong> &#8211; Programa de P\u00f3s-Gradua\u00e7\u00e3o <em>Stricto Sensu<\/em> em Direito\u00a0da Universidade Cat\u00f3lica de Santos<br \/>\n<strong><em>&#8211; Novo Marco Regulat\u00f3rio do Saneamento B\u00e1sico<br \/>\n<\/em>Carlos Roberto de Oliveira<\/strong> &#8211; Ag\u00eancia Reguladora PCJ &#8211;\u00a0Piracicaba, Capivari e Jundia\u00ed<br \/>\n<strong>Prof. Dr. Jo\u00e3o Miranda<\/strong> &#8211; Docente da Universidade de Lisboa<br \/>\n<strong>Prof. Dr. Pedro Gon\u00e7alves<\/strong> &#8211; Docente da Universidade de Coimbra<\/p>\n<p><strong>19h<br \/>\nMesa 7: ODS e a Baixada Santista<\/strong><br \/>\nEmenta: A Agenda 2030 e os desafios para alcan\u00e7ar as metas estabelecidas nos ODS 6.<br \/>\nCoordena\u00e7\u00e3o: <strong>Prof. Dr. Fernando Fernandes Rei<\/strong> &#8211; Programa de P\u00f3s-Gradua\u00e7\u00e3o <em>Stricto Sensu<\/em> em Direito da Universidade Cat\u00f3lica de Santos<br \/>\n<strong>Pilar Carolina Villar<\/strong> \u2013 Universidade Federal de S\u00e3o Paulo (Unifesp)<br \/>\n<strong>Fernanda Faria Meneghello<\/strong> \u2013 Secretaria de Infraestrutura e Meio Ambiente do Estado de S\u00e3o Paulo (Sima)<\/p>\n<p><strong>21h<br \/>\nSess\u00e3o de Encerramento<\/strong><\/p>\n","protected":false},"excerpt":{"rendered":"<p>Tema Experi\u00eancias Internacionais em Gest\u00e3o e a Implementa\u00e7\u00e3o do Plano da Bacia Hidrogr\u00e1fica da Baixada Santista Local Campus Dom Id\u00edlio Jos\u00e9 Soares 3\u00ba. andar, sala 310 Avenida Conselheiro N\u00e9bias, 300 &#8211; Vila Mathias, Santos\/SP &#8211; CEP 11015-002 Para participa\u00e7\u00e3o no evento presencial ser\u00e1 necess\u00e1rio a apresenta\u00e7\u00e3o de: Passaporte de Vacina\u00e7\u00e3o (duas doses ou uma dose [&hellip;]<\/p>\n","protected":false},"author":1,"featured_media":0,"parent":0,"menu_order":0,"comment_status":"closed","ping_status":"closed","template":"","meta":{"_acf_changed":false,"footnotes":""},"acf":[],"_links":{"self":[{"href":"https:\/\/www.unisantos.br\/forumrecursoshidricos\/wp-json\/wp\/v2\/pages\/31"}],"collection":[{"href":"https:\/\/www.unisantos.br\/forumrecursoshidricos\/wp-json\/wp\/v2\/pages"}],"about":[{"href":"https:\/\/www.unisantos.br\/forumrecursoshidricos\/wp-json\/wp\/v2\/types\/page"}],"author":[{"embeddable":true,"href":"https:\/\/www.unisantos.br\/forumrecursoshidricos\/wp-json\/wp\/v2\/users\/1"}],"replies":[{"embeddable":true,"href":"https:\/\/www.unisantos.br\/forumrecursoshidricos\/wp-json\/wp\/v2\/comments?post=31"}],"version-history":[{"count":37,"href":"https:\/\/www.unisantos.br\/forumrecursoshidricos\/wp-json\/wp\/v2\/pages\/31\/revisions"}],"predecessor-version":[{"id":97,"href":"https:\/\/www.unisantos.br\/forumrecursoshidricos\/wp-json\/wp\/v2\/pages\/31\/revisions\/97"}],"wp:attachment":[{"href":"https:\/\/www.unisantos.br\/forumrecursoshidricos\/wp-json\/wp\/v2\/media?parent=31"}],"curies":[{"name":"wp","href":"https:\/\/api.w.org\/{rel}","templated":true}]}}