{"id":7,"date":"2018-08-30T10:47:43","date_gmt":"2018-08-30T13:47:43","guid":{"rendered":"https:\/\/www.unisantos.br\/enade\/?page_id=7"},"modified":"2018-08-30T16:06:20","modified_gmt":"2018-08-30T19:06:20","slug":"pagina-principal","status":"publish","type":"page","link":"https:\/\/www.unisantos.br\/enade\/","title":{"rendered":"P\u00e1gina Principal"},"content":{"rendered":"<p><img loading=\"lazy\" decoding=\"async\" class=\"size-full wp-image-8 alignleft\" src=\"http:\/\/www.unisantos.br\/enade\/wp-content\/uploads\/sites\/8\/2018\/08\/principal.jpg\" alt=\"\" width=\"244\" height=\"237\" \/>O ENADE \u00e9 muito mais que um componente curricular obrigat\u00f3rio.<\/p>\n<p>Quem leva a carreira a s\u00e9rio e almeja um <strong>bom emprego<\/strong>, sabe que ter um <strong>diploma valorizado \u00e9 fundamental<\/strong>. Sabe tamb\u00e9m que o conceito do ENADE pode ser utilizado como crit\u00e9rio de desempate nos processos seletivos para uma vaga de emprego, al\u00e9m da nota poder constar do hist\u00f3rico escolar.<\/p>\n<p>\u00c9 claro que, depois de anos estudando na universidade, voc\u00ea n\u00e3o quer sair por baixo. ENADE \u00e9 coisa s\u00e9ria! <span style=\"color: #1b60ad;\"><b>Fique ligado e valorize seu diploma para o mercado de trabalho.<\/b><\/span><\/p>\n","protected":false},"excerpt":{"rendered":"<p>O ENADE \u00e9 muito mais que um componente curricular obrigat\u00f3rio. Quem leva a carreira a s\u00e9rio e almeja um bom [&hellip;]<\/p>\n","protected":false},"author":1,"featured_media":0,"parent":0,"menu_order":0,"comment_status":"closed","ping_status":"closed","template":"","meta":{"footnotes":""},"_links":{"self":[{"href":"https:\/\/www.unisantos.br\/enade\/wp-json\/wp\/v2\/pages\/7"}],"collection":[{"href":"https:\/\/www.unisantos.br\/enade\/wp-json\/wp\/v2\/pages"}],"about":[{"href":"https:\/\/www.unisantos.br\/enade\/wp-json\/wp\/v2\/types\/page"}],"author":[{"embeddable":true,"href":"https:\/\/www.unisantos.br\/enade\/wp-json\/wp\/v2\/users\/1"}],"replies":[{"embeddable":true,"href":"https:\/\/www.unisantos.br\/enade\/wp-json\/wp\/v2\/comments?post=7"}],"version-history":[{"count":4,"href":"https:\/\/www.unisantos.br\/enade\/wp-json\/wp\/v2\/pages\/7\/revisions"}],"predecessor-version":[{"id":58,"href":"https:\/\/www.unisantos.br\/enade\/wp-json\/wp\/v2\/pages\/7\/revisions\/58"}],"wp:attachment":[{"href":"https:\/\/www.unisantos.br\/enade\/wp-json\/wp\/v2\/media?parent=7"}],"curies":[{"name":"wp","href":"https:\/\/api.w.org\/{rel}","templated":true}]}}