{"id":21,"date":"2018-08-30T11:11:56","date_gmt":"2018-08-30T14:11:56","guid":{"rendered":"https:\/\/www.unisantos.br\/enade\/?page_id=21"},"modified":"2023-10-05T17:09:45","modified_gmt":"2023-10-05T20:09:45","slug":"cpa","status":"publish","type":"page","link":"https:\/\/www.unisantos.br\/enade\/cpa\/","title":{"rendered":"Comiss\u00e3o Pr\u00f3pria de Avalia\u00e7\u00e3o"},"content":{"rendered":"<p><img loading=\"lazy\" decoding=\"async\" class=\"size-full wp-image-24 alignleft\" src=\"http:\/\/www.unisantos.br\/enade\/wp-content\/uploads\/sites\/8\/2018\/08\/cpa.jpg\" alt=\"\" width=\"74\" height=\"60\" \/><\/p>\n<p>A Cat\u00f3lica de Santos teve sua primeira Comiss\u00e3o Pr\u00f3pria de Avalia\u00e7\u00e3o (CPA) designada em 2004, em atendimento \u00e0 Lei n\u00ba 10.861\/2004, que instituiu o Sistema Nacional de Avalia\u00e7\u00e3o da Educa\u00e7\u00e3o Superior (Sinaes).<\/p>\n<p>&nbsp;<\/p>\n<p><strong>Coordena\u00e7\u00e3o<\/strong><br \/>\nProf\u00aa. Dr\u00aa. Maria Aparecida dos Santos Accioly<\/p>\n<p><strong>Representantes do Corpo Docente<br \/>\n<\/strong>Prof\u00aa. Dr\u00aa. Maria Aparecida dos Santos Accioly<br \/>\nProf. Dr. Daniel Freire e Almeida<\/p>\n<p><strong>Representantes do Corpo Discente<br \/>\n<\/strong>Sr. Gibran Miranda Rodrigues D\u2019Avila<br \/>\nSr. Eduardo Campo Iglesias<\/p>\n<p><strong>Representantes do Corpo T\u00e9cnico-Administrativo<\/strong><br \/>\nD\u00e1rcio Rodrigues Alves Sampaio<br \/>\nLuciano Moreira Fonseca<\/p>\n<p><strong>Representante da Sociedade Civil Organizada<\/strong><br \/>\nProf\u00aa. Suely Maia<\/p>\n<p>&nbsp;<\/p>\n","protected":false},"excerpt":{"rendered":"<p>A Cat\u00f3lica de Santos teve sua primeira Comiss\u00e3o Pr\u00f3pria de Avalia\u00e7\u00e3o (CPA) designada em 2004, em atendimento \u00e0 Lei n\u00ba [&hellip;]<\/p>\n","protected":false},"author":1,"featured_media":0,"parent":0,"menu_order":0,"comment_status":"closed","ping_status":"closed","template":"","meta":{"footnotes":""},"_links":{"self":[{"href":"https:\/\/www.unisantos.br\/enade\/wp-json\/wp\/v2\/pages\/21"}],"collection":[{"href":"https:\/\/www.unisantos.br\/enade\/wp-json\/wp\/v2\/pages"}],"about":[{"href":"https:\/\/www.unisantos.br\/enade\/wp-json\/wp\/v2\/types\/page"}],"author":[{"embeddable":true,"href":"https:\/\/www.unisantos.br\/enade\/wp-json\/wp\/v2\/users\/1"}],"replies":[{"embeddable":true,"href":"https:\/\/www.unisantos.br\/enade\/wp-json\/wp\/v2\/comments?post=21"}],"version-history":[{"count":13,"href":"https:\/\/www.unisantos.br\/enade\/wp-json\/wp\/v2\/pages\/21\/revisions"}],"predecessor-version":[{"id":103,"href":"https:\/\/www.unisantos.br\/enade\/wp-json\/wp\/v2\/pages\/21\/revisions\/103"}],"wp:attachment":[{"href":"https:\/\/www.unisantos.br\/enade\/wp-json\/wp\/v2\/media?parent=21"}],"curies":[{"name":"wp","href":"https:\/\/api.w.org\/{rel}","templated":true}]}}