{"id":14,"date":"2018-08-30T10:57:05","date_gmt":"2018-08-30T13:57:05","guid":{"rendered":"https:\/\/www.unisantos.br\/enade\/?page_id=14"},"modified":"2023-10-05T17:07:21","modified_gmt":"2023-10-05T20:07:21","slug":"perguntas-frequentes","status":"publish","type":"page","link":"https:\/\/www.unisantos.br\/enade\/perguntas-frequentes\/","title":{"rendered":"Perguntas frequentes"},"content":{"rendered":"<p><img loading=\"lazy\" decoding=\"async\" class=\"size-full wp-image-15 alignleft\" src=\"http:\/\/www.unisantos.br\/enade\/wp-content\/uploads\/sites\/8\/2018\/08\/oquee.jpg\" alt=\"\" width=\"54\" height=\"52\" \/><\/p>\n<p>O Exame Nacional de Desempenho dos Estudantes \u00e9 uma avalia\u00e7\u00e3o do rendimento dos alunos concluintes de cursos de gradua\u00e7\u00e3o, aplicada anualmente pelo MEC. A participa\u00e7\u00e3o no exame \u00e9 obrigat\u00f3ria para os estudantes concluintes.<\/p>\n<p><strong>Que cursos far\u00e3o o Enade em 2023?<br \/>\n<\/strong>Arquitetura e Urbanismo, Enfermagem, Engenharia Ambiental, Engenharia Civil, Engenharia de Produ\u00e7\u00e3o, Farm\u00e1cia, Nutri\u00e7\u00e3o<\/p>\n<p><strong>Quem est\u00e1 habilitado a fazer o Enade?<br \/>\n<\/strong>Ingressantes e concluintes dos cursos definidos.<\/p>\n<p><strong>O que se entende por ingressantes?<br \/>\n<\/strong>Aqueles que tenham iniciado o respectivo curso no ano de 2023, estejam devidamente matriculados e tenham de 0 (zero) a 25% (vinte e cinco por cento) da carga hor\u00e1ria m\u00ednima do curr\u00edculo do curso integralizada at\u00e9 o \u00faltimo dia do per\u00edodo de retifica\u00e7\u00e3o de inscri\u00e7\u00f5es do Enade 2023.<\/p>\n<p><strong>O que se entende por concluintes?<br \/>\n<\/strong>Aqueles que tenham integralizado 80% (oitenta por cento) ou mais da carga hor\u00e1ria m\u00ednima do curr\u00edculo do curso e n\u00e3o tenham colado grau at\u00e9 o \u00faltimo dia do per\u00edodo de retifica\u00e7\u00e3o de inscri\u00e7\u00f5es do Enade 2023, ou aqueles com previs\u00e3o de integraliza\u00e7\u00e3o de 100% (cem por cento) da carga hor\u00e1ria do curso at\u00e9 julho de 2024.<\/p>\n<p><strong>O question\u00e1rio do estudante \u00e9 de preenchimento obrigat\u00f3rio?<br \/>\n<\/strong>Sim, \u00e9 obrigat\u00f3rio. A consulta individual ao local de prova e impress\u00e3o do Cart\u00e3o de Informa\u00e7\u00e3o do Estudante ser\u00e1 obrigatoriamente precedida pelo preenchimento do Question\u00e1rio do Estudante que estar\u00e1 dispon\u00edvel por meio do endere\u00e7o eletr\u00f4nico http:\/\/enade.inep.gov.br\/<\/p>\n<p><strong>At\u00e9 quando precisa se cadastrar e preencher o question\u00e1rio?<br \/>\n<\/strong>O sistema j\u00e1 est\u00e1 dispon\u00edvel para se cadastrar e preencher o question\u00e1rio. Tanto o cadastro quanto o question\u00e1rio devem estar preenchidos at\u00e9 dia 25 de novembro de 2023.<\/p>\n<p><strong>Quando ser\u00e3o aplicadas as provas do Enade 2023?<br \/>\n<\/strong>26 de novembro de 2023.<\/p>\n<p><strong>Qual o hor\u00e1rio da prova (hor\u00e1rio oficial de Bras\u00edlia)?<br \/>\n<\/strong>Abertura dos port\u00f5es: 12h<br \/>\nFechamento dos port\u00f5es: 13h<br \/>\nIn\u00edcio da prova: 13h30<br \/>\nT\u00e9rmino da prova: 17h30<\/p>\n<p><strong>O que acontece com quem n\u00e3o comparecer \u00e0 prova?<br \/>\n<\/strong>O estudante que n\u00e3o comparecer \u00e0 prova ficar\u00e1 impedido de colar grau, uma vez que o ENADE \u00e9 componente curricular obrigat\u00f3rio.<\/p>\n<p>&nbsp;<\/p>\n","protected":false},"excerpt":{"rendered":"<p>O Exame Nacional de Desempenho dos Estudantes \u00e9 uma avalia\u00e7\u00e3o do rendimento dos alunos concluintes de cursos de gradua\u00e7\u00e3o, aplicada [&hellip;]<\/p>\n","protected":false},"author":1,"featured_media":0,"parent":0,"menu_order":0,"comment_status":"closed","ping_status":"closed","template":"","meta":{"footnotes":""},"_links":{"self":[{"href":"https:\/\/www.unisantos.br\/enade\/wp-json\/wp\/v2\/pages\/14"}],"collection":[{"href":"https:\/\/www.unisantos.br\/enade\/wp-json\/wp\/v2\/pages"}],"about":[{"href":"https:\/\/www.unisantos.br\/enade\/wp-json\/wp\/v2\/types\/page"}],"author":[{"embeddable":true,"href":"https:\/\/www.unisantos.br\/enade\/wp-json\/wp\/v2\/users\/1"}],"replies":[{"embeddable":true,"href":"https:\/\/www.unisantos.br\/enade\/wp-json\/wp\/v2\/comments?post=14"}],"version-history":[{"count":15,"href":"https:\/\/www.unisantos.br\/enade\/wp-json\/wp\/v2\/pages\/14\/revisions"}],"predecessor-version":[{"id":110,"href":"https:\/\/www.unisantos.br\/enade\/wp-json\/wp\/v2\/pages\/14\/revisions\/110"}],"wp:attachment":[{"href":"https:\/\/www.unisantos.br\/enade\/wp-json\/wp\/v2\/media?parent=14"}],"curies":[{"name":"wp","href":"https:\/\/api.w.org\/{rel}","templated":true}]}}