{"id":99,"date":"2024-06-03T05:53:38","date_gmt":"2024-06-03T08:53:38","guid":{"rendered":"https:\/\/www.unisantos.br\/educacaocientifica2\/?page_id=99"},"modified":"2025-03-25T15:24:08","modified_gmt":"2025-03-25T18:24:08","slug":"expedicao-cientifica","status":"publish","type":"page","link":"https:\/\/www.unisantos.br\/educacaocientifica2\/ensino-medio\/subprogramas\/expedicao-cientifica\/","title":{"rendered":"EXPEDI\u00c7\u00c3O CIENT\u00cdFICA"},"content":{"rendered":"<p>Este subprograma possibilita ao estudante a oportunidade de vivenciar a Universidade antes mesmo de ingressar. Estudantes do 2\u00ba. e 3\u00ba. anos do Ensino M\u00e9dio\/T\u00e9cnico podem participar das atividades experimentais pr\u00e1ticas, desenvolvidas nos laborat\u00f3rios da UniSantos.<\/p>\n<p>O subprograma consiste em atividades que t\u00eam o objetivo de despertar o interesse por ci\u00eancia e pesquisa por meio de atividades desenvolvidas no formato de oficinas, ou outras a\u00e7\u00f5es, em diversas \u00e1reas do conhecimento.<\/p>\n<p><strong>P\u00fablico-alvo:\u00a0<\/strong>Estudantes do Ensino M\u00e9dio Regular (2\u00ba. e 3\u00ba. anos) e do Ensino M\u00e9dio T\u00e9cnico (pen\u00faltimo e \u00faltimo ciclos) matriculados nas escolas conveniadas.<\/p>\n<p><strong>Vagas:\u00a0<\/strong>6\u00a0vagas por escola conveniada por semestre.<\/p>\n<p><strong>Dura\u00e7\u00e3o:\u00a0<\/strong>8 encontros por semestre, no per\u00edodo da tarde, entre os meses de abril e maio (1\u00ba. semestre) e setembro e outubro (2\u00ba. semestre).<\/p>\n<p><strong>Edital<\/strong>\u00a0<strong>1\u00ba. Semestre<\/strong>: Inscri\u00e7\u00f5es abertas. <a href=\"https:\/\/www.unisantos.br\/wp-content\/uploads\/2025\/03\/EDITAL_85.2025.pdf\"><strong>Acesse aqui o edital<\/strong><\/a><\/p>\n<p><strong>Edital<\/strong> <strong>2\u00ba. Semestre<\/strong>: A publicar em 22\/08\/2025<\/p>\n","protected":false},"excerpt":{"rendered":"<p>Este subprograma possibilita ao estudante a oportunidade de vivenciar a Universidade antes mesmo de ingressar. Estudantes do 2\u00ba. e 3\u00ba. [&hellip;]<\/p>\n","protected":false},"author":1,"featured_media":0,"parent":53,"menu_order":0,"comment_status":"closed","ping_status":"closed","template":"","meta":{"_acf_changed":false,"footnotes":""},"acf":[],"_links":{"self":[{"href":"https:\/\/www.unisantos.br\/educacaocientifica2\/wp-json\/wp\/v2\/pages\/99"}],"collection":[{"href":"https:\/\/www.unisantos.br\/educacaocientifica2\/wp-json\/wp\/v2\/pages"}],"about":[{"href":"https:\/\/www.unisantos.br\/educacaocientifica2\/wp-json\/wp\/v2\/types\/page"}],"author":[{"embeddable":true,"href":"https:\/\/www.unisantos.br\/educacaocientifica2\/wp-json\/wp\/v2\/users\/1"}],"replies":[{"embeddable":true,"href":"https:\/\/www.unisantos.br\/educacaocientifica2\/wp-json\/wp\/v2\/comments?post=99"}],"version-history":[{"count":4,"href":"https:\/\/www.unisantos.br\/educacaocientifica2\/wp-json\/wp\/v2\/pages\/99\/revisions"}],"predecessor-version":[{"id":331,"href":"https:\/\/www.unisantos.br\/educacaocientifica2\/wp-json\/wp\/v2\/pages\/99\/revisions\/331"}],"up":[{"embeddable":true,"href":"https:\/\/www.unisantos.br\/educacaocientifica2\/wp-json\/wp\/v2\/pages\/53"}],"wp:attachment":[{"href":"https:\/\/www.unisantos.br\/educacaocientifica2\/wp-json\/wp\/v2\/media?parent=99"}],"curies":[{"name":"wp","href":"https:\/\/api.w.org\/{rel}","templated":true}]}}