{"id":97,"date":"2024-06-03T05:51:51","date_gmt":"2024-06-03T08:51:51","guid":{"rendered":"https:\/\/www.unisantos.br\/educacaocientifica2\/?page_id=97"},"modified":"2025-02-19T13:24:04","modified_gmt":"2025-02-19T16:24:04","slug":"iniciacao-cientifica-ic-em","status":"publish","type":"page","link":"https:\/\/www.unisantos.br\/educacaocientifica2\/ensino-medio\/subprogramas\/iniciacao-cientifica-ic-em\/","title":{"rendered":"INICIA\u00c7\u00c3O CIENT\u00cdFICA (IC-EM)"},"content":{"rendered":"<p><img loading=\"lazy\" decoding=\"async\" class=\"alignnone size-medium wp-image-201\" src=\"http:\/\/www.unisantos.br\/educacaocientifica2\/wp-content\/uploads\/sites\/90\/2024\/06\/iniciacao-cientifica-ic-em-300x169.jpeg\" alt=\"\" width=\"300\" height=\"169\" srcset=\"https:\/\/www.unisantos.br\/educacaocientifica2\/wp-content\/uploads\/sites\/90\/2024\/06\/iniciacao-cientifica-ic-em-300x169.jpeg 300w, https:\/\/www.unisantos.br\/educacaocientifica2\/wp-content\/uploads\/sites\/90\/2024\/06\/iniciacao-cientifica-ic-em-768x432.jpeg 768w, https:\/\/www.unisantos.br\/educacaocientifica2\/wp-content\/uploads\/sites\/90\/2024\/06\/iniciacao-cientifica-ic-em-1024x576.jpeg 1024w, https:\/\/www.unisantos.br\/educacaocientifica2\/wp-content\/uploads\/sites\/90\/2024\/06\/iniciacao-cientifica-ic-em.jpeg 1599w\" sizes=\"(max-width: 300px) 100vw, 300px\" \/><\/p>\n<p>O Subprograma Institucional de Inicia\u00e7\u00e3o Cient\u00edfica para o Ensino M\u00e9dio foi estabelecido pela Universidade Cat\u00f3lica de Santos em 2011, sendo reconhecido em 2012 como Programa oficial pelo Conselho Nacional de Desenvolvimento Cient\u00edfico e Tecnol\u00f3gico (CNPq). Objetiva despertar a voca\u00e7\u00e3o cient\u00edfica em estudantes do Ensino M\u00e9dio e T\u00e9cnico, mediante o desenvolvimento de trabalhos tem\u00e1ticos espec\u00edficos em v\u00e1rias \u00e1reas do conhecimento.<\/p>\n<p>O subprograma conta com orienta\u00e7\u00e3o de docentes da Universidade e \u00e9 desenvolvido nos espa\u00e7os do Instituto de Pesquisas Cient\u00edficas e Tecnol\u00f3gicas (Ipeci) da Universidade.<\/p>\n<p><strong>P\u00fablico-alvo<\/strong><\/p>\n<p>Estudantes do Ensino M\u00e9dio Regular (2\u00aa s\u00e9rie) e do Ensino M\u00e9dio de escolas t\u00e9cnicas (2\u00aa s\u00e9rie ou pen\u00faltimo ciclo) matriculados nas escolas conveniadas e habilitadas a se inscreverem nesse subprograma. S\u00e3o requisitos para a sele\u00e7\u00e3o do estudante:<\/p>\n<p>1. Estar regularmente matriculado no 2\u00ba ano do Ensino M\u00e9dio ou Pen\u00faltimo Ciclo de Ensino T\u00e9cnico em uma das escolas conveniadas;<br \/>\n2. Estar desvinculado do mercado de trabalho (n\u00e3o inclui est\u00e1gio);<br \/>\n3. Ter frequ\u00eancia escolar igual ou superior a 75%;<br \/>\n4. Ter aprova\u00e7\u00e3o em todas as disciplinas j\u00e1 cursadas;<br \/>\n5. Ter bom desempenho escolar;<br \/>\n6. Ter disponibilidade de 8 horas semanais para realiza\u00e7\u00e3o das atividades de pesquisa na Universidade Cat\u00f3lica de Santos.<\/p>\n<p>Para a oficializa\u00e7\u00e3o da sua participa\u00e7\u00e3o no Subprograma Institucional de Inicia\u00e7\u00e3o Cient\u00edfica para o Ensino M\u00e9dio, o estudante deve assinar o Termo de Compromisso e o Formul\u00e1rio de Efetiva\u00e7\u00e3o. Esses documentos estar\u00e3o dispon\u00edveis para download junto ao Edital de Resposta.<\/p>\n<p><strong>Valida\u00e7\u00e3o<\/strong><\/p>\n<p>O Subprograma Institucional de Inicia\u00e7\u00e3o Cient\u00edfica tem dura\u00e7\u00e3o de 1 ano, de setembro de cada ano at\u00e9 agosto do ano seguinte. As atividades s\u00e3o suspensas em janeiro e julho, em fun\u00e7\u00e3o de f\u00e9rias e recesso acad\u00eamico.<\/p>\n<p>Para obter a valida\u00e7\u00e3o pelo COIC, o estudante dever\u00e1:<\/p>\n<p>1. Executar as atividades previstas no subprojeto de pesquisa de IC-EM com dedica\u00e7\u00e3o m\u00ednima de 8 (oito) horas semanais, nas depend\u00eancias da Institui\u00e7\u00e3o, conforme orienta\u00e7\u00e3o do professor;<br \/>\n2. Apresentar, mensalmente, o dia a dia do trabalho de pesquisa por meio do di\u00e1rio de bordo;<br \/>\n3. Elaborar relat\u00f3rio semestral de suas atividades, assim como ao final de sua participa\u00e7\u00e3o;<br \/>\n4. Participar dos Semin\u00e1rios de Pesquisa do IPECI, promovidos mensalmente na Universidade Cat\u00f3lica de Santos;<br \/>\n5. Comunicar o professor orientador sobre qualquer impedimento quanto \u00e0 execu\u00e7\u00e3o das atividades de pesquisa e recebimento da bolsa.<\/p>\n<p>A conclus\u00e3o da Inicia\u00e7\u00e3o Cient\u00edfica se dar\u00e1 com a participa\u00e7\u00e3o e apresenta\u00e7\u00e3o do trabalho do estudante (bolsista) na Jornada de Inicia\u00e7\u00e3o Cient\u00edfica do Ensino M\u00e9dio e na Mostra Cient\u00edfica do Ensino M\u00e9dio, as quais ocorrer\u00e3o em outubro do ano de finaliza\u00e7\u00e3o do IC-EM, durante a Semana de Ci\u00eancia, Tecnologia e Inova\u00e7\u00e3o da UniSantos.<\/p>\n<p><strong>Confira os editais <\/strong>(a publicar)<\/p>\n","protected":false},"excerpt":{"rendered":"<p>O Subprograma Institucional de Inicia\u00e7\u00e3o Cient\u00edfica para o Ensino M\u00e9dio foi estabelecido pela Universidade Cat\u00f3lica de Santos em 2011, sendo [&hellip;]<\/p>\n","protected":false},"author":1,"featured_media":0,"parent":53,"menu_order":0,"comment_status":"closed","ping_status":"closed","template":"","meta":{"_acf_changed":false,"footnotes":""},"acf":[],"_links":{"self":[{"href":"https:\/\/www.unisantos.br\/educacaocientifica2\/wp-json\/wp\/v2\/pages\/97"}],"collection":[{"href":"https:\/\/www.unisantos.br\/educacaocientifica2\/wp-json\/wp\/v2\/pages"}],"about":[{"href":"https:\/\/www.unisantos.br\/educacaocientifica2\/wp-json\/wp\/v2\/types\/page"}],"author":[{"embeddable":true,"href":"https:\/\/www.unisantos.br\/educacaocientifica2\/wp-json\/wp\/v2\/users\/1"}],"replies":[{"embeddable":true,"href":"https:\/\/www.unisantos.br\/educacaocientifica2\/wp-json\/wp\/v2\/comments?post=97"}],"version-history":[{"count":6,"href":"https:\/\/www.unisantos.br\/educacaocientifica2\/wp-json\/wp\/v2\/pages\/97\/revisions"}],"predecessor-version":[{"id":321,"href":"https:\/\/www.unisantos.br\/educacaocientifica2\/wp-json\/wp\/v2\/pages\/97\/revisions\/321"}],"up":[{"embeddable":true,"href":"https:\/\/www.unisantos.br\/educacaocientifica2\/wp-json\/wp\/v2\/pages\/53"}],"wp:attachment":[{"href":"https:\/\/www.unisantos.br\/educacaocientifica2\/wp-json\/wp\/v2\/media?parent=97"}],"curies":[{"name":"wp","href":"https:\/\/api.w.org\/{rel}","templated":true}]}}