{"id":89,"date":"2024-06-03T05:34:06","date_gmt":"2024-06-03T08:34:06","guid":{"rendered":"https:\/\/www.unisantos.br\/educacaocientifica2\/?page_id=89"},"modified":"2025-11-25T20:02:46","modified_gmt":"2025-11-25T23:02:46","slug":"estudante-pesquisador-ep","status":"publish","type":"page","link":"https:\/\/www.unisantos.br\/educacaocientifica2\/graduacao\/subprogramas\/estudante-pesquisador-ep\/","title":{"rendered":"Estudante Pesquisador (EP)"},"content":{"rendered":"<p><img loading=\"lazy\" decoding=\"async\" class=\"wp-image-207 size-medium alignright\" src=\"http:\/\/www.unisantos.br\/educacaocientifica2\/wp-content\/uploads\/sites\/90\/2024\/06\/estudante-pesquisador-2-225x300.jpg\" alt=\"\" width=\"225\" height=\"300\" srcset=\"https:\/\/www.unisantos.br\/educacaocientifica2\/wp-content\/uploads\/sites\/90\/2024\/06\/estudante-pesquisador-2-225x300.jpg 225w, https:\/\/www.unisantos.br\/educacaocientifica2\/wp-content\/uploads\/sites\/90\/2024\/06\/estudante-pesquisador-2-768x1024.jpg 768w, https:\/\/www.unisantos.br\/educacaocientifica2\/wp-content\/uploads\/sites\/90\/2024\/06\/estudante-pesquisador-2.jpg 1200w\" sizes=\"(max-width: 225px) 100vw, 225px\" \/><\/p>\n<p>Modalidade voltada aos estudantes que, regularmente matriculados em um dos cursos de gradua\u00e7\u00e3o da Universidade Cat\u00f3lica de Santos, sem restri\u00e7\u00e3o de semestre, desenvolvem atividades de pesquisa vinculadas a um Grupo de Pesquisa (GP), ou C\u00e1tedra, credenciado pela Institui\u00e7\u00e3o. Assim, o primeiro passo do estudante interessado consiste na identifica\u00e7\u00e3o de um <a href=\"https:\/\/www.unisantos.br\/pesquisa\/grupos-de-pesquisa\/\"><strong>Grupo de Pesquisa<\/strong><\/a> com o qual ele se identifique. A ades\u00e3o ao subprograma pode se dar em qualquer \u00e9poca do ano (fluxo cont\u00ednuo).<\/p>\n<p>Para ser efetivado como EP, \u00e9 necess\u00e1ria a apresenta\u00e7\u00e3o de um plano de trabalho, por meio de formul\u00e1rio espec\u00edfico pelo l\u00edder do GP, ou da C\u00e1tedra, e pr\u00e9via aprova\u00e7\u00e3o do plano pelo Coic. O plano de trabalho deve apresentar um cronograma para 6 ou 12 meses de trabalho, com dedica\u00e7\u00e3o semanal de quatro ou oito horas. N\u00e3o est\u00e3o previstas bolsas para o EP.<\/p>\n<p>O Estudante Pesquisador pode participar dos semin\u00e1rios do Ipeci e das oficinas de inova\u00e7\u00e3o e alfabetiza\u00e7\u00e3o cient\u00edfica.<\/p>\n<p>Para que a atividade seja validada pelo Coic, o Estudante Pesquisador dever\u00e1:<\/p>\n<p>1. Formalizar a entrega de relat\u00f3rios final em modelo padronizado pelo Coic; e<br \/>\n2. Ap\u00f3s o aceite do relat\u00f3rio pelo Coic\/Ipeci, se inscrever para apresenta\u00e7\u00e3o do trabalho no Encontro do Estudante Pesquisador, a ser realizado na MAP. A inscri\u00e7\u00e3o e apresenta\u00e7\u00e3o devem seguir as normativas do Coic.<\/p>\n<p><strong>Documentos para download<\/strong><\/p>\n<div>1. <a href=\"https:\/\/www.unisantos.br\/wp-content\/uploads\/2025\/08\/2025-edital114-modelo-plano-de-trabalho-EP.docx\" target=\"_blank\" rel=\"noopener\"><strong>Modelo do Plano de Trabalho<\/strong><\/a><\/div>\n<div>2<strong>. <a href=\"https:\/\/www.unisantos.br\/wp-content\/uploads\/2025\/06\/EDITAL_114.2025.pdf\" target=\"_blank\" rel=\"noopener\">Edital do Estudante Pesquisador<\/a><\/strong><\/div>\n<div>3. <a href=\"https:\/\/www.unisantos.br\/wp-content\/uploads\/2025\/11\/2025-modelo-relatorio-EP-1.docx\" target=\"_blank\" rel=\"noopener\"><strong>Modelo do Relat\u00f3rio de Atividades<\/strong><\/a><br \/>\n4. <a href=\"https:\/\/www.unisantos.br\/wp-content\/uploads\/2025\/08\/2025-edital114-Modelo-termo-desistencia.docx\" target=\"_blank\" rel=\"noopener\"><strong>Modelo de Termo de Desist\u00eancia<\/strong><\/a><br \/>\n5. <a href=\"https:\/\/www.unisantos.br\/wp-content\/uploads\/2025\/08\/2025-edital114-modelo-avaliacao-desempenho-EP.docx\" target=\"_blank\" rel=\"noopener\"><strong>Modelo de Avalia\u00e7\u00e3o de Desempenho<\/strong><\/a><br \/>\n6. <a href=\"https:\/\/www.unisantos.br\/wp-content\/uploads\/2025\/08\/2025_Resumo-Expandido_EP_Modelo.docx\" target=\"_blank\" rel=\"noopener\"><strong>Modelo do Resumo Expandido\u00a0<\/strong><\/a><\/div>\n<div><\/div>\n","protected":false},"excerpt":{"rendered":"<p>Modalidade voltada aos estudantes que, regularmente matriculados em um dos cursos de gradua\u00e7\u00e3o da Universidade Cat\u00f3lica de Santos, sem restri\u00e7\u00e3o [&hellip;]<\/p>\n","protected":false},"author":1,"featured_media":0,"parent":26,"menu_order":0,"comment_status":"closed","ping_status":"closed","template":"","meta":{"_acf_changed":false,"footnotes":""},"acf":[],"_links":{"self":[{"href":"https:\/\/www.unisantos.br\/educacaocientifica2\/wp-json\/wp\/v2\/pages\/89"}],"collection":[{"href":"https:\/\/www.unisantos.br\/educacaocientifica2\/wp-json\/wp\/v2\/pages"}],"about":[{"href":"https:\/\/www.unisantos.br\/educacaocientifica2\/wp-json\/wp\/v2\/types\/page"}],"author":[{"embeddable":true,"href":"https:\/\/www.unisantos.br\/educacaocientifica2\/wp-json\/wp\/v2\/users\/1"}],"replies":[{"embeddable":true,"href":"https:\/\/www.unisantos.br\/educacaocientifica2\/wp-json\/wp\/v2\/comments?post=89"}],"version-history":[{"count":17,"href":"https:\/\/www.unisantos.br\/educacaocientifica2\/wp-json\/wp\/v2\/pages\/89\/revisions"}],"predecessor-version":[{"id":384,"href":"https:\/\/www.unisantos.br\/educacaocientifica2\/wp-json\/wp\/v2\/pages\/89\/revisions\/384"}],"up":[{"embeddable":true,"href":"https:\/\/www.unisantos.br\/educacaocientifica2\/wp-json\/wp\/v2\/pages\/26"}],"wp:attachment":[{"href":"https:\/\/www.unisantos.br\/educacaocientifica2\/wp-json\/wp\/v2\/media?parent=89"}],"curies":[{"name":"wp","href":"https:\/\/api.w.org\/{rel}","templated":true}]}}