{"id":78,"date":"2024-06-03T05:22:23","date_gmt":"2024-06-03T08:22:23","guid":{"rendered":"https:\/\/www.unisantos.br\/educacaocientifica2\/?page_id=78"},"modified":"2025-06-18T16:26:48","modified_gmt":"2025-06-18T19:26:48","slug":"iniciacao-cientifica-ic","status":"publish","type":"page","link":"https:\/\/www.unisantos.br\/educacaocientifica2\/graduacao\/subprogramas\/iniciacao-cientifica-ic\/","title":{"rendered":"Inicia\u00e7\u00e3o Cient\u00edfica (IC)"},"content":{"rendered":"<p><img loading=\"lazy\" decoding=\"async\" class=\"alignnone size-medium wp-image-196\" src=\"http:\/\/www.unisantos.br\/educacaocientifica2\/wp-content\/uploads\/sites\/90\/2024\/06\/jornada-ic-300x225.jpg\" alt=\"\" width=\"300\" height=\"225\" srcset=\"https:\/\/www.unisantos.br\/educacaocientifica2\/wp-content\/uploads\/sites\/90\/2024\/06\/jornada-ic-300x225.jpg 300w, https:\/\/www.unisantos.br\/educacaocientifica2\/wp-content\/uploads\/sites\/90\/2024\/06\/jornada-ic-768x576.jpg 768w, https:\/\/www.unisantos.br\/educacaocientifica2\/wp-content\/uploads\/sites\/90\/2024\/06\/jornada-ic-1024x768.jpg 1024w\" sizes=\"(max-width: 300px) 100vw, 300px\" \/><\/p>\n<p><strong>Como Participar <\/strong><\/p>\n<p>O p\u00fablico-alvo dessa modalidade de bolsas do PEC s\u00e3o estudantes de gradua\u00e7\u00e3o matriculados at\u00e9 o antepen\u00faltimo semestre do curso. O estudante deve demonstrar seu interesse aos docentes da Universidade Cat\u00f3lica de Santos envolvidos com o desenvolvimento de pesquisa.<\/p>\n<p>Uma forma de conhecer as pesquisas em desenvolvimento na Institui\u00e7\u00e3o \u00e9 consultar os <a href=\"https:\/\/www.unisantos.br\/pesquisa\/grupos-de-pesquisa\/\"><strong>Grupos de Pesquisa<\/strong><\/a>.<\/p>\n<p>O docente (orientador) elabora um subprojeto de Pesquisa de IC para o estudante (orientando) desenvolver ao longo de um ano sob sua supervis\u00e3o e orienta\u00e7\u00e3o. Assim, o subprojeto de inicia\u00e7\u00e3o, assim como sua elabora\u00e7\u00e3o, \u00e9 de responsabilidade do professor orientador.<\/p>\n<p>O Subprojeto de Pesquisa de IC proposto pelo professor orientador deve estar vinculado a um Projeto de Pesquisa em vig\u00eancia e cadastrado, ou em processo de cadastro, junto ao Instituto de Pesquisas Cient\u00edficas e Tecnol\u00f3gicas (Ipeci). Assim, a modalidade de Inicia\u00e7\u00e3o Cient\u00edfica (IC) estimula o estudante a ser protagonista no desenvolvimento de um subprojeto de pesquisa cient\u00edfica vinculado a um projeto de pesquisa do docente orientador.<\/p>\n<p>O processo de sele\u00e7\u00e3o do estudante tem in\u00edcio <a href=\"https:\/\/www.unisantos.br\/editais\/editais-abertos\/programa-de-educacao-cientifica-para-a-graduacao-3\/\"><strong>por meio de edital<\/strong><\/a> no primeiro semestre de cada ano letivo, a partir do qual s\u00e3o avaliadas as propostas de subprojetos e selecionadas aquelas que poder\u00e3o ser contempladas com bolsa de pesquisa institucional ou de ag\u00eancia de fomento por meio de cotas institucionais (CNPq) ou mesmo aquelas que poder\u00e3o ter estudantes volunt\u00e1rios (sem bolsa).<\/p>\n<p><strong>Valida\u00e7\u00e3o<\/strong><\/p>\n<p>Cada ciclo do PEC tem in\u00edcio no m\u00eas de setembro, com dura\u00e7\u00e3o de 12 meses. O estudante receber\u00e1 o certificado do PEC ap\u00f3s o Coic validar que foram cumpridas todas as etapas previstas no PEC da Gradua\u00e7\u00e3o. Para isso, o estudante dever\u00e1:<\/p>\n<p>1. Participar do Programa institucional de Inova\u00e7\u00e3o, com 75% de presen\u00e7a nas oficinas oferecidas em datas previamente especificadas;<br \/>\n2. Participar das oficinas de inova\u00e7\u00e3o e de alfabetiza\u00e7\u00e3o cient\u00edfica, com 75% de presen\u00e7a nas oficinas oferecidas em datas previamente especificadas;<br \/>\n3. Comparecer aos semin\u00e1rios mensais promovidos pelo Ipeci, apresentando presen\u00e7a m\u00ednima de 75%;<br \/>\n4. Registrar a entrega de um relat\u00f3rio parcial na metade do ciclo;<br \/>\n5. Registrar a entrega de um relat\u00f3rio final ao final do ciclo;<br \/>\n6. Submeter artigo para apresenta\u00e7\u00e3o na Jornada de Inicia\u00e7\u00e3o em Desenvolvimento Tecnol\u00f3gico e Inova\u00e7\u00e3o, da Universidade Cat\u00f3lica de Santos, a ser realizada seguindo o calend\u00e1rio da Semana Nacional de Ci\u00eancia e Tecnologia do CNPq;<br \/>\n7. Apresentar, individualmente, os resultados finais da pesquisa, sob a forma de apresenta\u00e7\u00e3o oral, na Jornada de Inicia\u00e7\u00e3o em Desenvolvimento Tecnol\u00f3gico e Inova\u00e7\u00e3o e Tecnol\u00f3gica.<\/p>\n<p>O professor orientador dever\u00e1 registrar seu parecer sobre os relat\u00f3rios bem como sobre o desenvolvimento do plano de trabalho pelo seu orientando ao longo do semestre.<\/p>\n<p><strong>IC de forma volunt\u00e1ria <\/strong><\/p>\n<p>O estudante poder\u00e1 se candidatar como volunt\u00e1rio (sem bolsa) para o desenvolvimento de um subprojeto de pesquisa de IC.<\/p>\n<p>Essa modalidade do PEC tamb\u00e9m est\u00e1 vinculada \u00e0 abertura de editais espec\u00edficos, uma vez que o n\u00famero poss\u00edvel destes estudantes depende de estabelecimento de cota, oferecida a partir do resultado de edital para bolsistas.<\/p>\n<div id=\"body\">\n<div class=\"content\">\n<article id=\"post-97\" class=\"post-97 page type-page status-publish hentry\">\n<div class=\"entry-content\">\n<p><a href=\"https:\/\/www.unisantos.br\/wp-content\/uploads\/2025\/05\/EDITAL_98.2025.pdf\"><strong>Confira o edital<\/strong><\/a><\/p>\n<p><a href=\"https:\/\/www.unisantos.br\/editais\/editais-abertos\/programa-de-educacao-cientifica-para-a-graduacao-3\/\"><strong>Programa de Educa\u00e7\u00e3o Cient\u00edfica para a Gradua\u00e7\u00e3o<\/strong><\/a><\/p>\n<\/div>\n<\/article>\n<\/div>\n<\/div>\n","protected":false},"excerpt":{"rendered":"<p>Como Participar O p\u00fablico-alvo dessa modalidade de bolsas do PEC s\u00e3o estudantes de gradua\u00e7\u00e3o matriculados at\u00e9 o antepen\u00faltimo semestre do [&hellip;]<\/p>\n","protected":false},"author":1,"featured_media":0,"parent":26,"menu_order":0,"comment_status":"closed","ping_status":"closed","template":"","meta":{"_acf_changed":false,"footnotes":""},"acf":[],"_links":{"self":[{"href":"https:\/\/www.unisantos.br\/educacaocientifica2\/wp-json\/wp\/v2\/pages\/78"}],"collection":[{"href":"https:\/\/www.unisantos.br\/educacaocientifica2\/wp-json\/wp\/v2\/pages"}],"about":[{"href":"https:\/\/www.unisantos.br\/educacaocientifica2\/wp-json\/wp\/v2\/types\/page"}],"author":[{"embeddable":true,"href":"https:\/\/www.unisantos.br\/educacaocientifica2\/wp-json\/wp\/v2\/users\/1"}],"replies":[{"embeddable":true,"href":"https:\/\/www.unisantos.br\/educacaocientifica2\/wp-json\/wp\/v2\/comments?post=78"}],"version-history":[{"count":13,"href":"https:\/\/www.unisantos.br\/educacaocientifica2\/wp-json\/wp\/v2\/pages\/78\/revisions"}],"predecessor-version":[{"id":356,"href":"https:\/\/www.unisantos.br\/educacaocientifica2\/wp-json\/wp\/v2\/pages\/78\/revisions\/356"}],"up":[{"embeddable":true,"href":"https:\/\/www.unisantos.br\/educacaocientifica2\/wp-json\/wp\/v2\/pages\/26"}],"wp:attachment":[{"href":"https:\/\/www.unisantos.br\/educacaocientifica2\/wp-json\/wp\/v2\/media?parent=78"}],"curies":[{"name":"wp","href":"https:\/\/api.w.org\/{rel}","templated":true}]}}