{"id":40,"date":"2024-06-01T19:33:43","date_gmt":"2024-06-01T22:33:43","guid":{"rendered":"https:\/\/www.unisantos.br\/educacaocientifica2\/?page_id=40"},"modified":"2024-06-03T14:08:29","modified_gmt":"2024-06-03T17:08:29","slug":"modalidades-de-bolsas","status":"publish","type":"page","link":"https:\/\/www.unisantos.br\/educacaocientifica2\/graduacao\/modalidades-de-bolsas\/","title":{"rendered":"Modalidades de Bolsas"},"content":{"rendered":"<p>Os estudantes de gradua\u00e7\u00e3o possuem a oportunidade de serem contemplados com modalidades de bolsas provenientes de duas entidades de fomento: CNPq e UniSantos.<\/p>\n<p><strong>Modalidades de bolsas<\/strong><br \/>\nBolsas de Inicia\u00e7\u00e3o Cient\u00edfica (IC) PIBIC &#8211; CNPq<br \/>\nBolsas de Inicia\u00e7\u00e3o Cient\u00edfica (IC) PROIN &#8211; UniSantos<br \/>\nBolsas de Inicia\u00e7\u00e3o em Desenvolvimento Tecnol\u00f3gico e Inova\u00e7\u00e3o (IT) PIBIT &#8211; CNPq<br \/>\nBolsas de Inicia\u00e7\u00e3o em Desenvolvimento Tecnol\u00f3gico e Inova\u00e7\u00e3o (IT) PROIT &#8211; UniSantos<\/p>\n","protected":false},"excerpt":{"rendered":"<p>Os estudantes de gradua\u00e7\u00e3o possuem a oportunidade de serem contemplados com modalidades de bolsas provenientes de duas entidades de fomento: [&hellip;]<\/p>\n","protected":false},"author":1,"featured_media":0,"parent":15,"menu_order":0,"comment_status":"closed","ping_status":"closed","template":"","meta":{"_acf_changed":false,"footnotes":""},"acf":[],"_links":{"self":[{"href":"https:\/\/www.unisantos.br\/educacaocientifica2\/wp-json\/wp\/v2\/pages\/40"}],"collection":[{"href":"https:\/\/www.unisantos.br\/educacaocientifica2\/wp-json\/wp\/v2\/pages"}],"about":[{"href":"https:\/\/www.unisantos.br\/educacaocientifica2\/wp-json\/wp\/v2\/types\/page"}],"author":[{"embeddable":true,"href":"https:\/\/www.unisantos.br\/educacaocientifica2\/wp-json\/wp\/v2\/users\/1"}],"replies":[{"embeddable":true,"href":"https:\/\/www.unisantos.br\/educacaocientifica2\/wp-json\/wp\/v2\/comments?post=40"}],"version-history":[{"count":7,"href":"https:\/\/www.unisantos.br\/educacaocientifica2\/wp-json\/wp\/v2\/pages\/40\/revisions"}],"predecessor-version":[{"id":140,"href":"https:\/\/www.unisantos.br\/educacaocientifica2\/wp-json\/wp\/v2\/pages\/40\/revisions\/140"}],"up":[{"embeddable":true,"href":"https:\/\/www.unisantos.br\/educacaocientifica2\/wp-json\/wp\/v2\/pages\/15"}],"wp:attachment":[{"href":"https:\/\/www.unisantos.br\/educacaocientifica2\/wp-json\/wp\/v2\/media?parent=40"}],"curies":[{"name":"wp","href":"https:\/\/api.w.org\/{rel}","templated":true}]}}