{"id":367,"date":"2025-06-18T16:38:41","date_gmt":"2025-06-18T19:38:41","guid":{"rendered":"https:\/\/www.unisantos.br\/educacaocientifica2\/?page_id=367"},"modified":"2025-06-18T16:38:41","modified_gmt":"2025-06-18T19:38:41","slug":"eventos-realizados-em-2025","status":"publish","type":"page","link":"https:\/\/www.unisantos.br\/educacaocientifica2\/eventos-realizados-em-2025\/","title":{"rendered":"Eventos realizados em 2025"},"content":{"rendered":"\n<p><strong>13\/06<br>Semin\u00e1rio de Pesquisa do Ipeci<\/strong><\/p>\n\n\n\n<p><strong>12\/06<br>A Pr\u00e1tica Educativa em Foco: Pesquisa, Reflex\u00e3o e Inova\u00e7\u00e3o<\/strong><\/p>\n\n\n\n<p><strong>06\/06<br>Orienta\u00e7\u00e3o Vocacional\/Profissional<\/strong><\/p>\n\n\n\n<p><strong>29\/05<br>A Pr\u00e1tica Educativa em Foco: Pesquisa, Reflex\u00e3o e Inova\u00e7\u00e3o<\/strong><\/p>\n\n\n\n<p><strong>16\/05<br>Orienta\u00e7\u00e3o Vocacional\/Profissional<\/strong><\/p>\n\n\n\n<p><strong>15\/05<br>Semin\u00e1rio de Pesquisa do Ipeci<\/strong><\/p>\n\n\n\n<p><strong>25\/04<br>Orienta\u00e7\u00e3o Vocacional\/Profissional<\/strong><\/p>\n\n\n\n<p><strong>09\/05<br>Orienta\u00e7\u00e3o Vocacional\/Profissional<\/strong><\/p>\n\n\n\n<p><strong>24\/04<br>A Pr\u00e1tica Educativa em Foco: Pesquisa, Reflex\u00e3o e Inova\u00e7\u00e3o<\/strong><\/p>\n\n\n\n<p><strong>16\/04<br>Semin\u00e1rio de Pesquisa do Ipeci<\/strong><\/p>\n\n\n\n<p><strong>11\/04<br>Orienta\u00e7\u00e3o Vocacional\/Profissional<\/strong><\/p>\n\n\n\n<p><strong>28\/03<br>Orienta\u00e7\u00e3o Vocacional\/Profissional<\/strong><\/p>\n\n\n\n<p><strong>27\/03<br>A Pr\u00e1tica Educativa em Foco: Pesquisa, Reflex\u00e3o e Inova\u00e7\u00e3o<\/strong><\/p>\n\n\n\n<p><strong>18\/03<br>Semin\u00e1rio de Pesquisa do Ipeci<\/strong><\/p>\n\n\n\n<p><strong>27\/02<br>A Pr\u00e1tica Educativa em Foco: Pesquisa, Reflex\u00e3o e Inova\u00e7\u00e3o<\/strong><\/p>\n\n\n\n<p><strong>24\/02<br><\/strong><strong>Semin\u00e1rio de Pesquisa do Ipeci<\/strong><\/p>\n\n\n\n<p><\/p>\n","protected":false},"excerpt":{"rendered":"<p>13\/06Semin\u00e1rio de Pesquisa do Ipeci 12\/06A Pr\u00e1tica Educativa em Foco: Pesquisa, Reflex\u00e3o e Inova\u00e7\u00e3o 06\/06Orienta\u00e7\u00e3o Vocacional\/Profissional 29\/05A Pr\u00e1tica Educativa em [&hellip;]<\/p>\n","protected":false},"author":1,"featured_media":0,"parent":0,"menu_order":0,"comment_status":"closed","ping_status":"closed","template":"","meta":{"_acf_changed":false,"footnotes":""},"acf":[],"_links":{"self":[{"href":"https:\/\/www.unisantos.br\/educacaocientifica2\/wp-json\/wp\/v2\/pages\/367"}],"collection":[{"href":"https:\/\/www.unisantos.br\/educacaocientifica2\/wp-json\/wp\/v2\/pages"}],"about":[{"href":"https:\/\/www.unisantos.br\/educacaocientifica2\/wp-json\/wp\/v2\/types\/page"}],"author":[{"embeddable":true,"href":"https:\/\/www.unisantos.br\/educacaocientifica2\/wp-json\/wp\/v2\/users\/1"}],"replies":[{"embeddable":true,"href":"https:\/\/www.unisantos.br\/educacaocientifica2\/wp-json\/wp\/v2\/comments?post=367"}],"version-history":[{"count":1,"href":"https:\/\/www.unisantos.br\/educacaocientifica2\/wp-json\/wp\/v2\/pages\/367\/revisions"}],"predecessor-version":[{"id":369,"href":"https:\/\/www.unisantos.br\/educacaocientifica2\/wp-json\/wp\/v2\/pages\/367\/revisions\/369"}],"wp:attachment":[{"href":"https:\/\/www.unisantos.br\/educacaocientifica2\/wp-json\/wp\/v2\/media?parent=367"}],"curies":[{"name":"wp","href":"https:\/\/api.w.org\/{rel}","templated":true}]}}