{"id":343,"date":"2025-06-18T16:05:01","date_gmt":"2025-06-18T19:05:01","guid":{"rendered":"https:\/\/www.unisantos.br\/educacaocientifica2\/?page_id=343"},"modified":"2025-06-18T16:05:01","modified_gmt":"2025-06-18T19:05:01","slug":"eventos-realizados","status":"publish","type":"page","link":"https:\/\/www.unisantos.br\/educacaocientifica2\/eventos-realizados\/","title":{"rendered":"EVENTOS REALIZADOS"},"content":{"rendered":"\n<p><strong>2024<\/strong><\/p>\n\n\n\n<p><strong>02-06\/12<\/strong><br><strong>III Mostra de Atividades de Pesquisa dos Cursos de Gradua\u00e7\u00e3o (MAP UniSantos)<\/strong><\/p>\n\n\n\n<p><strong>27\/11<\/strong><br><strong>Semin\u00e1rio de Pesquisa do Ipeci<br><\/strong>Tema: Protagonismo da UniSantos na Tem\u00e1tica de Recursos H\u00eddricos na Regi\u00e3o Metropolitana da Baixada Santista: projetos de pesquisa com fomento do Fehidro<br>Com a Prof\u00aa. Dr\u00aa. Adriana Florentino de Souza, diretora do Instituto de Pesquisas Cient\u00edficas e Tecnol\u00f3gicas (Ipeci) e l\u00edder do Grupo de Pesquisa em Biotecnologia<\/p>\n\n\n\n<p><strong>18 e 19\/10<\/strong><br><strong>Hackathon da Gradua\u00e7\u00e3o<\/strong><\/p>\n\n\n\n<p><strong>18\/10<br>XVIII Jornada de Inicia\u00e7\u00e3o Cient\u00edfica e Inicia\u00e7\u00e3o em Desenvolvimento Tecnol\u00f3gico e Inova\u00e7\u00e3o<br><\/strong>Cerim\u00f4nia de premia\u00e7\u00e3o<\/p>\n\n\n\n<p><strong>15 e 16\/10<\/strong><br><strong>XVIII Jornada de Inicia\u00e7\u00e3o Cient\u00edfica e Inicia\u00e7\u00e3o em Desenvolvimento Tecnol\u00f3gico e Inova\u00e7\u00e3o<br><\/strong>Apresenta\u00e7\u00f5es dos trabalhos<\/p>\n\n\n\n<p><strong>15\/10<\/strong><br><strong>V Encontro do Estudante Pesquisador<\/strong><\/p>\n\n\n\n<p><strong>14 a 19\/10<\/strong><br><strong>XIV Semana de Ci\u00eancia, Tecnologia e Inova\u00e7\u00e3o<\/strong><br>Tema: Biomas do Brasil, diversidade, saberes e tecnologia sociais<\/p>\n\n\n\n<p><strong>10\/10<\/strong><br><strong>Oficina Deep Techs<\/strong><\/p>\n\n\n\n<p><strong>03\/10<\/strong><br><strong>Oficina Pesquisa e Oportunidades de Neg\u00f3cio<\/strong><\/p>\n\n\n\n<p><strong>26\/09<\/strong><br><strong>Oficina Inova\u00e7\u00e3o: Ferramentas e Pr\u00e1ticas<\/strong><\/p>\n\n\n\n<p><strong>13\/09<\/strong><br><strong>Semin\u00e1rio de Pesquisa do Ipeci<br><\/strong>Tema: Centro de Tecnologia e Inova\u00e7\u00e3o em Artes, Design e Audiovisual da UniSantos: oportunidades e a\u00e7\u00f5es em desenvolvimento<br>Com o Prof. Me. Paulo B\u00f6rsen Vibian, diretor do Centro de Ci\u00eancias da Educa\u00e7\u00e3o e Comunica\u00e7\u00e3o<\/p>\n\n\n\n<p><strong>30\/08<\/strong><br><strong>Semin\u00e1rio de Pesquisa do Ipeci<\/strong><br>Tema: Programa de Desenvolvimento para inclus\u00e3o Profissional de Pessoas com Transtorno do Espectro do Autismo &#8211; PIP TEA\/UniSantos<br>Com o Prof. Me. Wagner Tedesco, coordenador do Programa PIP TEA<\/p>\n\n\n\n<p><strong>12\/06<\/strong><br><strong>Semin\u00e1rio de Pesquisa do Ipeci<\/strong><br>Tema: Crise da Biodiversidade Global e os Impactos nos Ecossistemas<br>Com o Prof. Dr. Lu\u00eds Felipe de Almeida Duarte, docente dos cursos de Ci\u00eancias Biol\u00f3gicas (bacharelado), Farm\u00e1cia e Nutri\u00e7\u00e3o.<\/p>\n","protected":false},"excerpt":{"rendered":"<p>2024 02-06\/12III Mostra de Atividades de Pesquisa dos Cursos de Gradua\u00e7\u00e3o (MAP UniSantos) 27\/11Semin\u00e1rio de Pesquisa do IpeciTema: Protagonismo da [&hellip;]<\/p>\n","protected":false},"author":1,"featured_media":0,"parent":0,"menu_order":0,"comment_status":"closed","ping_status":"closed","template":"","meta":{"_acf_changed":false,"footnotes":""},"acf":[],"_links":{"self":[{"href":"https:\/\/www.unisantos.br\/educacaocientifica2\/wp-json\/wp\/v2\/pages\/343"}],"collection":[{"href":"https:\/\/www.unisantos.br\/educacaocientifica2\/wp-json\/wp\/v2\/pages"}],"about":[{"href":"https:\/\/www.unisantos.br\/educacaocientifica2\/wp-json\/wp\/v2\/types\/page"}],"author":[{"embeddable":true,"href":"https:\/\/www.unisantos.br\/educacaocientifica2\/wp-json\/wp\/v2\/users\/1"}],"replies":[{"embeddable":true,"href":"https:\/\/www.unisantos.br\/educacaocientifica2\/wp-json\/wp\/v2\/comments?post=343"}],"version-history":[{"count":1,"href":"https:\/\/www.unisantos.br\/educacaocientifica2\/wp-json\/wp\/v2\/pages\/343\/revisions"}],"predecessor-version":[{"id":345,"href":"https:\/\/www.unisantos.br\/educacaocientifica2\/wp-json\/wp\/v2\/pages\/343\/revisions\/345"}],"wp:attachment":[{"href":"https:\/\/www.unisantos.br\/educacaocientifica2\/wp-json\/wp\/v2\/media?parent=343"}],"curies":[{"name":"wp","href":"https:\/\/api.w.org\/{rel}","templated":true}]}}