{"id":323,"date":"2025-03-11T17:07:07","date_gmt":"2025-03-11T20:07:07","guid":{"rendered":"https:\/\/www.unisantos.br\/educacaocientifica2\/?page_id=323"},"modified":"2025-03-11T17:08:54","modified_gmt":"2025-03-11T20:08:54","slug":"oficinas-preparatorias-para-as-olimpiadas","status":"publish","type":"page","link":"https:\/\/www.unisantos.br\/educacaocientifica2\/oficinas-preparatorias-para-as-olimpiadas\/","title":{"rendered":"Oficinas Preparat\u00f3rias para as Olimp\u00edadas"},"content":{"rendered":"\n<p>O Programa Ol\u00edmpico de Treinamento Intensivo (Poti) \u00e9 realizado pelo Instituto de Matem\u00e1tica Pura e Aplicada (IMPA) e destinado a cursos de treinamento intensivo voltados para competi\u00e7\u00f5es de matem\u00e1tica. A finalidade principal dessa iniciativa \u00e9 melhorar o desempenho dos alunos brasileiros nas olimp\u00edadas OBMEP e OBM, atrav\u00e9s de aulas presenciais em polos que apresentem demanda e estrutura adequadas. Al\u00e9m disso, o programa produz e disponibiliza gratuitamente material did\u00e1tico (v\u00eddeoaulas, material te\u00f3rico, listas de problemas) disponibilizado no Portal do Poti.<\/p>\n\n\n\n<p><strong>Objetivo do Programa<\/strong><\/p>\n\n\n\n<p>Dar treinamento intensivo aos alunos interessados em participar da OBM (Olimp\u00edada Brasileira de Matem\u00e1tica) e OBMEP (Olimp\u00edada Brasileira de Matem\u00e1tica das Escolas P\u00fablicas).<\/p>\n\n\n\n<p><strong>P\u00fablico-Alvo<\/strong><\/p>\n\n\n\n<p>Alunos do Ensino Fundamental II e do Ensino M\u00e9dio interessados em participar da OBM e\/ou OBMEP, alunos e professores do Curso de Matem\u00e1tica e demais interessados<em>.<\/em><\/p>\n\n\n\n<p><strong>Vagas:&nbsp;<\/strong>40<strong>&nbsp;<\/strong><\/p>\n\n\n\n<p><strong>Dura\u00e7\u00e3o<\/strong>: 32 encontros por ano, todas as 2\u00aa feiras das 14h \u00e0s 18h, de 24\/03 a 08\/12<em>.<\/em><\/p>\n\n\n\n<p><strong>Local<\/strong>: Av. Conselheiro N\u00e9bias, 300, Vila Mathias, Santos \u2013 SP.<\/p>\n\n\n\n<p><strong>Inscri\u00e7\u00f5es<\/strong><\/p>\n\n\n\n<p>As inscri\u00e7\u00f5es devem ser feitas pelo link <a href=\"https:\/\/poti.impa.br\/index.php\/site\/registroinicio\">https:\/\/poti.impa.br\/index.php\/site\/registroinicio<\/a><\/p>\n\n\n\n<p>As inscri\u00e7\u00f5es podem ser feitas durante todo o ano de 2025<em>.<\/em><\/p>\n\n\n\n<p>As inscri\u00e7\u00f5es podem ser feitas diretamente no local das aulas.<\/p>\n","protected":false},"excerpt":{"rendered":"<p>O Programa Ol\u00edmpico de Treinamento Intensivo (Poti) \u00e9 realizado pelo Instituto de Matem\u00e1tica Pura e Aplicada (IMPA) e destinado a [&hellip;]<\/p>\n","protected":false},"author":1,"featured_media":0,"parent":0,"menu_order":0,"comment_status":"closed","ping_status":"closed","template":"","meta":{"_acf_changed":false,"footnotes":""},"acf":[],"_links":{"self":[{"href":"https:\/\/www.unisantos.br\/educacaocientifica2\/wp-json\/wp\/v2\/pages\/323"}],"collection":[{"href":"https:\/\/www.unisantos.br\/educacaocientifica2\/wp-json\/wp\/v2\/pages"}],"about":[{"href":"https:\/\/www.unisantos.br\/educacaocientifica2\/wp-json\/wp\/v2\/types\/page"}],"author":[{"embeddable":true,"href":"https:\/\/www.unisantos.br\/educacaocientifica2\/wp-json\/wp\/v2\/users\/1"}],"replies":[{"embeddable":true,"href":"https:\/\/www.unisantos.br\/educacaocientifica2\/wp-json\/wp\/v2\/comments?post=323"}],"version-history":[{"count":2,"href":"https:\/\/www.unisantos.br\/educacaocientifica2\/wp-json\/wp\/v2\/pages\/323\/revisions"}],"predecessor-version":[{"id":327,"href":"https:\/\/www.unisantos.br\/educacaocientifica2\/wp-json\/wp\/v2\/pages\/323\/revisions\/327"}],"wp:attachment":[{"href":"https:\/\/www.unisantos.br\/educacaocientifica2\/wp-json\/wp\/v2\/media?parent=323"}],"curies":[{"name":"wp","href":"https:\/\/api.w.org\/{rel}","templated":true}]}}