{"id":26,"date":"2024-04-24T10:35:15","date_gmt":"2024-04-24T13:35:15","guid":{"rendered":"https:\/\/www.unisantos.br\/educacaocientifica2\/?page_id=26"},"modified":"2024-06-03T14:43:24","modified_gmt":"2024-06-03T17:43:24","slug":"subprogramas","status":"publish","type":"page","link":"https:\/\/www.unisantos.br\/educacaocientifica2\/graduacao\/subprogramas\/","title":{"rendered":"Subprogramas"},"content":{"rendered":"<p><a href=\"https:\/\/www.unisantos.br\/educacaocientifica2\/graduacao\/subprogramas\/iniciacao-cientifica-ic\/\"><strong>INICIA\u00c7\u00c3O CIENT\u00cdFICA (IC)<\/strong><\/a><\/p>\n<p><a href=\"https:\/\/www.unisantos.br\/educacaocientifica2\/graduacao\/subprogramas\/iniciacao-em-desenvolvimento-tecnologico-e-inovacao-it\/\"><strong>INICIA\u00c7\u00c3O EM DESENVOLVIMENTO TECNOL\u00d3GICO E INOVA\u00c7\u00c3O (IT)<\/strong><\/a><\/p>\n<p><a href=\"https:\/\/www.unisantos.br\/educacaocientifica2\/graduacao\/subprogramas\/estudante-pesquisador-ep\/\"><strong>ESTUDANTE PESQUISADOR (EP)<\/strong><\/a><\/p>\n","protected":false},"excerpt":{"rendered":"<p>INICIA\u00c7\u00c3O CIENT\u00cdFICA (IC) INICIA\u00c7\u00c3O EM DESENVOLVIMENTO TECNOL\u00d3GICO E INOVA\u00c7\u00c3O (IT) ESTUDANTE PESQUISADOR (EP)<\/p>\n","protected":false},"author":1,"featured_media":0,"parent":15,"menu_order":0,"comment_status":"closed","ping_status":"closed","template":"","meta":{"_acf_changed":false,"footnotes":""},"acf":[],"_links":{"self":[{"href":"https:\/\/www.unisantos.br\/educacaocientifica2\/wp-json\/wp\/v2\/pages\/26"}],"collection":[{"href":"https:\/\/www.unisantos.br\/educacaocientifica2\/wp-json\/wp\/v2\/pages"}],"about":[{"href":"https:\/\/www.unisantos.br\/educacaocientifica2\/wp-json\/wp\/v2\/types\/page"}],"author":[{"embeddable":true,"href":"https:\/\/www.unisantos.br\/educacaocientifica2\/wp-json\/wp\/v2\/users\/1"}],"replies":[{"embeddable":true,"href":"https:\/\/www.unisantos.br\/educacaocientifica2\/wp-json\/wp\/v2\/comments?post=26"}],"version-history":[{"count":11,"href":"https:\/\/www.unisantos.br\/educacaocientifica2\/wp-json\/wp\/v2\/pages\/26\/revisions"}],"predecessor-version":[{"id":150,"href":"https:\/\/www.unisantos.br\/educacaocientifica2\/wp-json\/wp\/v2\/pages\/26\/revisions\/150"}],"up":[{"embeddable":true,"href":"https:\/\/www.unisantos.br\/educacaocientifica2\/wp-json\/wp\/v2\/pages\/15"}],"wp:attachment":[{"href":"https:\/\/www.unisantos.br\/educacaocientifica2\/wp-json\/wp\/v2\/media?parent=26"}],"curies":[{"name":"wp","href":"https:\/\/api.w.org\/{rel}","templated":true}]}}