{"id":244,"date":"2024-06-05T17:25:40","date_gmt":"2024-06-05T20:25:40","guid":{"rendered":"https:\/\/www.unisantos.br\/educacaocientifica2\/?page_id=244"},"modified":"2025-02-18T15:36:01","modified_gmt":"2025-02-18T18:36:01","slug":"noticias","status":"publish","type":"page","link":"https:\/\/www.unisantos.br\/educacaocientifica2\/ensino-medio\/noticias\/","title":{"rendered":"Not\u00edcias"},"content":{"rendered":"\n<div class=\"wp-block-columns is-layout-flex wp-container-core-columns-is-layout-2 wp-block-columns-is-layout-flex\">\n<div class=\"wp-block-column is-layout-flow wp-block-column-is-layout-flow\" style=\"flex-basis:100%\">\n<div class=\"wp-block-columns is-layout-flex wp-container-core-columns-is-layout-1 wp-block-columns-is-layout-flex\">\n<div class=\"wp-block-column is-layout-flow wp-block-column-is-layout-flow\" style=\"flex-basis:100%\">\n<div class=\"wp-block-group\"><div class=\"wp-block-group__inner-container is-layout-constrained wp-block-group-is-layout-constrained\">\n<p><strong>24\/10<\/strong><\/p>\n<p><img loading=\"lazy\" decoding=\"async\" class=\"alignnone wp-image-272 size-medium\" src=\"http:\/\/www.unisantos.br\/educacaocientifica2\/wp-content\/uploads\/sites\/90\/2025\/01\/Mostra-geral-2-scaled-1-300x169.jpg\" alt=\"\" width=\"300\" height=\"169\" srcset=\"https:\/\/www.unisantos.br\/educacaocientifica2\/wp-content\/uploads\/sites\/90\/2025\/01\/Mostra-geral-2-scaled-1-300x169.jpg 300w, https:\/\/www.unisantos.br\/educacaocientifica2\/wp-content\/uploads\/sites\/90\/2025\/01\/Mostra-geral-2-scaled-1-1024x576.jpg 1024w, https:\/\/www.unisantos.br\/educacaocientifica2\/wp-content\/uploads\/sites\/90\/2025\/01\/Mostra-geral-2-scaled-1-768x432.jpg 768w, https:\/\/www.unisantos.br\/educacaocientifica2\/wp-content\/uploads\/sites\/90\/2025\/01\/Mostra-geral-2-scaled-1-1536x865.jpg 1536w, https:\/\/www.unisantos.br\/educacaocientifica2\/wp-content\/uploads\/sites\/90\/2025\/01\/Mostra-geral-2-scaled-1-2048x1153.jpg 2048w\" sizes=\"(max-width: 300px) 100vw, 300px\" \/><\/p>\n<p><a href=\"https:\/\/www.unisantos.br\/portal\/noticias\/pesquisa-jornada-e-mostra-de-iniciacao-cientifica-contam-com-65-trabalhos-produzidos-por-estudantes-do-ensino-das-escolas-conveniadas-com-a-unisantos\/\">PESQUISA \u2013 Jornada e Mostra de Inicia\u00e7\u00e3o Cient\u00edfica contam com 65 trabalhos produzidos por estudantes do ensino m\u00e9dio das escolas conveniadas com a UNISANTOS<\/a><\/p>\n<p><strong>01\/10<\/strong><\/p>\n<p><img loading=\"lazy\" decoding=\"async\" class=\"alignnone wp-image-275 size-medium\" src=\"http:\/\/www.unisantos.br\/educacaocientifica2\/wp-content\/uploads\/sites\/90\/2025\/01\/image_123650291-300x225.jpg\" alt=\"\" width=\"300\" height=\"225\" srcset=\"https:\/\/www.unisantos.br\/educacaocientifica2\/wp-content\/uploads\/sites\/90\/2025\/01\/image_123650291-300x225.jpg 300w, https:\/\/www.unisantos.br\/educacaocientifica2\/wp-content\/uploads\/sites\/90\/2025\/01\/image_123650291-1024x768.jpg 1024w, https:\/\/www.unisantos.br\/educacaocientifica2\/wp-content\/uploads\/sites\/90\/2025\/01\/image_123650291-768x576.jpg 768w, https:\/\/www.unisantos.br\/educacaocientifica2\/wp-content\/uploads\/sites\/90\/2025\/01\/image_123650291.jpg 1333w\" sizes=\"(max-width: 300px) 100vw, 300px\" \/><\/p>\n<p><a href=\"https:\/\/www.unisantos.br\/portal\/noticias\/trends-feira-de-profissoes-da-unisantos-reune-mais-de-2-mil-estudantes-das-escolas-de-ensino-medio-da-regiao\/\">TRENDS \u2013 Feira de Profiss\u00f5es da Universidade Cat\u00f3lica de Santos re\u00fane mais de 2 mil estudantes das escolas de ensino m\u00e9dio da Regi\u00e3o Metropolitana da Baixada Santista<\/a><\/p>\n<p><strong>04\/09<\/strong><\/p>\n<p><img loading=\"lazy\" decoding=\"async\" class=\"alignnone wp-image-282 size-medium\" src=\"http:\/\/www.unisantos.br\/educacaocientifica2\/wp-content\/uploads\/sites\/90\/2025\/01\/ENSINO-MEDIO-INICIACAO-CIENTIFICA-NOTA-TURMA-scaled-1-300x97.jpg\" alt=\"\" width=\"300\" height=\"97\" srcset=\"https:\/\/www.unisantos.br\/educacaocientifica2\/wp-content\/uploads\/sites\/90\/2025\/01\/ENSINO-MEDIO-INICIACAO-CIENTIFICA-NOTA-TURMA-scaled-1-300x97.jpg 300w, https:\/\/www.unisantos.br\/educacaocientifica2\/wp-content\/uploads\/sites\/90\/2025\/01\/ENSINO-MEDIO-INICIACAO-CIENTIFICA-NOTA-TURMA-scaled-1-1024x331.jpg 1024w, https:\/\/www.unisantos.br\/educacaocientifica2\/wp-content\/uploads\/sites\/90\/2025\/01\/ENSINO-MEDIO-INICIACAO-CIENTIFICA-NOTA-TURMA-scaled-1-768x248.jpg 768w, https:\/\/www.unisantos.br\/educacaocientifica2\/wp-content\/uploads\/sites\/90\/2025\/01\/ENSINO-MEDIO-INICIACAO-CIENTIFICA-NOTA-TURMA-scaled-1-1536x497.jpg 1536w, https:\/\/www.unisantos.br\/educacaocientifica2\/wp-content\/uploads\/sites\/90\/2025\/01\/ENSINO-MEDIO-INICIACAO-CIENTIFICA-NOTA-TURMA-scaled-1-2048x662.jpg 2048w\" sizes=\"(max-width: 300px) 100vw, 300px\" \/><\/p>\n<p><a href=\"https:\/\/www.unisantos.br\/portal\/noticias\/educacao-cientifica-estudantes-das-escolas-de-ensino-medio-e-tecnico-da-regiao-metropolitana-da-baixada-santista-sao-recebidos-para-mais-uma-edicao-do-programa-de-iniciacao-cientifica\/\">EDUCA\u00c7\u00c3O CIENT\u00cdFICA \u2013 Estudantes das escolas de ensino m\u00e9dio e t\u00e9cnico da Baixada Santista s\u00e3o recebidos para mais uma edi\u00e7\u00e3o do Programa de Inicia\u00e7\u00e3o Cient\u00edfica<\/a><\/p>\n<p><strong>07\/06<\/strong><\/p>\n<p><img loading=\"lazy\" decoding=\"async\" class=\"alignnone wp-image-248 size-medium\" src=\"http:\/\/www.unisantos.br\/educacaocientifica2\/wp-content\/uploads\/sites\/90\/2024\/06\/MONU-ESTUDANTES-E-DOCENTES-300x98.jpeg\" alt=\"\" width=\"300\" height=\"98\" srcset=\"https:\/\/www.unisantos.br\/educacaocientifica2\/wp-content\/uploads\/sites\/90\/2024\/06\/MONU-ESTUDANTES-E-DOCENTES-300x98.jpeg 300w, https:\/\/www.unisantos.br\/educacaocientifica2\/wp-content\/uploads\/sites\/90\/2024\/06\/MONU-ESTUDANTES-E-DOCENTES-768x251.jpeg 768w, https:\/\/www.unisantos.br\/educacaocientifica2\/wp-content\/uploads\/sites\/90\/2024\/06\/MONU-ESTUDANTES-E-DOCENTES-1024x334.jpeg 1024w, https:\/\/www.unisantos.br\/educacaocientifica2\/wp-content\/uploads\/sites\/90\/2024\/06\/MONU-ESTUDANTES-E-DOCENTES.jpeg 1588w\" sizes=\"(max-width: 300px) 100vw, 300px\" \/><br \/><a href=\"https:\/\/www.unisantos.br\/portal\/noticias\/monu-resolucao-do-brasil-e-argentina-sobre-o-conflito-na-faixa-de-gaza-e-aprovado-em-simulacao-da-assembleia-da-organizacao-das-nacoes-unidas\/\">ONU \u2013 Estudantes de gradua\u00e7\u00e3o e do ensino m\u00e9dio aprovam resolu\u00e7\u00e3o do Brasil e da Argentina\u00a0 sobre o conflito na Faixa de Gaza, em assembleia do Modelo das Na\u00e7\u00f5es Unidas (MONU)<\/a><\/p>\n<p><strong>05\/06<\/strong><\/p>\n<p><img loading=\"lazy\" decoding=\"async\" class=\"alignnone wp-image-250\" src=\"http:\/\/www.unisantos.br\/educacaocientifica2\/wp-content\/uploads\/sites\/90\/2024\/06\/encontro-com-dirigentes-4-COIC-768x538-300x210.jpg\" alt=\"\" width=\"200\" height=\"140\" srcset=\"https:\/\/www.unisantos.br\/educacaocientifica2\/wp-content\/uploads\/sites\/90\/2024\/06\/encontro-com-dirigentes-4-COIC-768x538-300x210.jpg 300w, https:\/\/www.unisantos.br\/educacaocientifica2\/wp-content\/uploads\/sites\/90\/2024\/06\/encontro-com-dirigentes-4-COIC-768x538.jpg 768w\" sizes=\"(max-width: 200px) 100vw, 200px\" \/><br \/><a href=\"https:\/\/www.unisantos.br\/portal\/noticias\/encontro-dirigentes-das-escolas-de-ensino-medio-e-tecnico-conveniadas-com-a-unisantos-ressaltam-a-importancia-do-programa-de-educacao-cientifica\/\">ENCONTRO \u2013 Dirigentes das escolas de ensino m\u00e9dio e t\u00e9cnico da Baixada Santista conveniadas com a UniSantos ressaltam a import\u00e2ncia do Programa de Educa\u00e7\u00e3o Cient\u00edfica<\/a><\/p>\n<p><strong>03\/06<\/strong><\/p>\n<p><img loading=\"lazy\" decoding=\"async\" class=\"alignnone wp-image-252\" src=\"http:\/\/www.unisantos.br\/educacaocientifica2\/wp-content\/uploads\/sites\/90\/2024\/06\/Expedi\u00e7\u00e3o-Cient\u00edfica-300x179.jpg\" alt=\"\" width=\"200\" height=\"119\" srcset=\"https:\/\/www.unisantos.br\/educacaocientifica2\/wp-content\/uploads\/sites\/90\/2024\/06\/Expedi\u00e7\u00e3o-Cient\u00edfica-300x179.jpg 300w, https:\/\/www.unisantos.br\/educacaocientifica2\/wp-content\/uploads\/sites\/90\/2024\/06\/Expedi\u00e7\u00e3o-Cient\u00edfica-768x457.jpg 768w, https:\/\/www.unisantos.br\/educacaocientifica2\/wp-content\/uploads\/sites\/90\/2024\/06\/Expedi\u00e7\u00e3o-Cient\u00edfica-1024x610.jpg 1024w\" sizes=\"(max-width: 200px) 100vw, 200px\" \/><br \/><a href=\"https:\/\/www.unisantos.br\/portal\/noticias\/educacao-cientifica-estudantes-do-ensino-medio-comentam-sobre-o-programa-expedicao-cientifica-da-unisantos\/\">EDUCA\u00c7\u00c3O CIENT\u00cdFICA \u2013 Estudantes do ensino m\u00e9dio comentam sobre o Programa Expedi\u00e7\u00e3o Cient\u00edfica da UniSantos<\/a><\/p>\n<\/div><\/div>\n<\/div>\n<\/div>\n<\/div>\n<\/div>\n","protected":false},"excerpt":{"rendered":"<p>24\/10 PESQUISA \u2013 Jornada e Mostra de Inicia\u00e7\u00e3o Cient\u00edfica contam com 65 trabalhos produzidos por estudantes do ensino m\u00e9dio das [&hellip;]<\/p>\n","protected":false},"author":1,"featured_media":0,"parent":19,"menu_order":3,"comment_status":"closed","ping_status":"closed","template":"","meta":{"_acf_changed":false,"footnotes":""},"acf":[],"_links":{"self":[{"href":"https:\/\/www.unisantos.br\/educacaocientifica2\/wp-json\/wp\/v2\/pages\/244"}],"collection":[{"href":"https:\/\/www.unisantos.br\/educacaocientifica2\/wp-json\/wp\/v2\/pages"}],"about":[{"href":"https:\/\/www.unisantos.br\/educacaocientifica2\/wp-json\/wp\/v2\/types\/page"}],"author":[{"embeddable":true,"href":"https:\/\/www.unisantos.br\/educacaocientifica2\/wp-json\/wp\/v2\/users\/1"}],"replies":[{"embeddable":true,"href":"https:\/\/www.unisantos.br\/educacaocientifica2\/wp-json\/wp\/v2\/comments?post=244"}],"version-history":[{"count":11,"href":"https:\/\/www.unisantos.br\/educacaocientifica2\/wp-json\/wp\/v2\/pages\/244\/revisions"}],"predecessor-version":[{"id":284,"href":"https:\/\/www.unisantos.br\/educacaocientifica2\/wp-json\/wp\/v2\/pages\/244\/revisions\/284"}],"up":[{"embeddable":true,"href":"https:\/\/www.unisantos.br\/educacaocientifica2\/wp-json\/wp\/v2\/pages\/19"}],"wp:attachment":[{"href":"https:\/\/www.unisantos.br\/educacaocientifica2\/wp-json\/wp\/v2\/media?parent=244"}],"curies":[{"name":"wp","href":"https:\/\/api.w.org\/{rel}","templated":true}]}}