{"id":231,"date":"2024-06-04T13:46:52","date_gmt":"2024-06-04T16:46:52","guid":{"rendered":"https:\/\/www.unisantos.br\/educacaocientifica2\/?page_id=231"},"modified":"2025-03-25T15:20:06","modified_gmt":"2025-03-25T18:20:06","slug":"modelo-das-nacoes-unidas-monu","status":"publish","type":"page","link":"https:\/\/www.unisantos.br\/educacaocientifica2\/ensino-medio\/subprogramas\/modelo-das-nacoes-unidas-monu\/","title":{"rendered":"MODELO DAS NA\u00c7\u00d5ES UNIDAS (MONU)"},"content":{"rendered":"<p>Compreende atividades que proporcionam aos estudantes do 2\u00ba. e 3\u00ba. anos do Ensino M\u00e9dio experi\u00eancia nas din\u00e2micas da Organiza\u00e7\u00e3o das Na\u00e7\u00f5es Unidas (ONU), por meio da prepara\u00e7\u00e3o e simula\u00e7\u00e3o das assembleias gerais; forma\u00e7\u00e3o de delega\u00e7\u00f5es de representa\u00e7\u00e3o diplom\u00e1tica de diversos pa\u00edses; e pr\u00e1tica de pesquisa sobre pol\u00edtica, economia, cultura e rela\u00e7\u00f5es internacionais. O MONU permite a viv\u00eancia de diferentes \u00e1reas do conhecimento, como Hist\u00f3ria e Geografia, al\u00e9m de contribuir para o desenvolvimento de habilidades de linguagem e orat\u00f3ria.<\/p>\n<p><strong>P\u00fablico-alvo:\u00a0<\/strong>Estudantes do Ensino M\u00e9dio Regular (2\u00ba. e 3\u00ba. anos) e estudantes do pen\u00faltimo e \u00faltimo ciclo do Ensino T\u00e9cnico, matriculados nas escolas conveniadas.<\/p>\n<p><strong>Vagas:\u00a0<\/strong>2 vagas por escola conveniada por semestre.<\/p>\n<p><strong>Dura\u00e7\u00e3o:\u00a0<\/strong>8 encontros por semestre, no per\u00edodo da tarde, entre os meses de abril, maio e junho (1\u00ba. semestre) e setembro, outubro e novembro (2\u00ba. semestre).<\/p>\n<p><strong>Edital 1\u00ba. Semestre:<\/strong> Inscri\u00e7\u00f5es abertas. <a href=\"https:\/\/www.unisantos.br\/wp-content\/uploads\/2025\/03\/EDITAL_84.2025.pdf\"><strong>Acesse aqui o edital<\/strong><\/a><\/p>\n<p><strong>Edital 2\u00ba. semestre: <\/strong>A publicar em 22\/08\/2025<\/p>\n","protected":false},"excerpt":{"rendered":"<p>Compreende atividades que proporcionam aos estudantes do 2\u00ba. e 3\u00ba. anos do Ensino M\u00e9dio experi\u00eancia nas din\u00e2micas da Organiza\u00e7\u00e3o das [&hellip;]<\/p>\n","protected":false},"author":1,"featured_media":0,"parent":53,"menu_order":0,"comment_status":"closed","ping_status":"closed","template":"","meta":{"_acf_changed":false,"footnotes":""},"acf":[],"_links":{"self":[{"href":"https:\/\/www.unisantos.br\/educacaocientifica2\/wp-json\/wp\/v2\/pages\/231"}],"collection":[{"href":"https:\/\/www.unisantos.br\/educacaocientifica2\/wp-json\/wp\/v2\/pages"}],"about":[{"href":"https:\/\/www.unisantos.br\/educacaocientifica2\/wp-json\/wp\/v2\/types\/page"}],"author":[{"embeddable":true,"href":"https:\/\/www.unisantos.br\/educacaocientifica2\/wp-json\/wp\/v2\/users\/1"}],"replies":[{"embeddable":true,"href":"https:\/\/www.unisantos.br\/educacaocientifica2\/wp-json\/wp\/v2\/comments?post=231"}],"version-history":[{"count":4,"href":"https:\/\/www.unisantos.br\/educacaocientifica2\/wp-json\/wp\/v2\/pages\/231\/revisions"}],"predecessor-version":[{"id":329,"href":"https:\/\/www.unisantos.br\/educacaocientifica2\/wp-json\/wp\/v2\/pages\/231\/revisions\/329"}],"up":[{"embeddable":true,"href":"https:\/\/www.unisantos.br\/educacaocientifica2\/wp-json\/wp\/v2\/pages\/53"}],"wp:attachment":[{"href":"https:\/\/www.unisantos.br\/educacaocientifica2\/wp-json\/wp\/v2\/media?parent=231"}],"curies":[{"name":"wp","href":"https:\/\/api.w.org\/{rel}","templated":true}]}}