{"id":19,"date":"2024-04-24T10:34:10","date_gmt":"2024-04-24T13:34:10","guid":{"rendered":"https:\/\/www.unisantos.br\/educacaocientifica2\/?page_id=19"},"modified":"2024-06-03T15:51:12","modified_gmt":"2024-06-03T18:51:12","slug":"ensino-medio","status":"publish","type":"page","link":"https:\/\/www.unisantos.br\/educacaocientifica2\/ensino-medio\/","title":{"rendered":"Ensino M\u00e9dio"},"content":{"rendered":"<p>O Programa de Educa\u00e7\u00e3o Cient\u00edfica destina-se aos estudantes do Ensino M\u00e9dio\/T\u00e9cnico das escolas conveniadas com a Universidade Cat\u00f3lica de Santos. Com a finalidade de contribuir para a forma\u00e7\u00e3o de cidad\u00e3os plenos, conscientes e participativos, o PEC-EM\/ET desperta a voca\u00e7\u00e3o cient\u00edfica e incentiva talentos potenciais.<\/p>\n<p>Os estudantes s\u00e3o inseridos no universo da pesquisa cient\u00edfica, por meio da participa\u00e7\u00e3o em atividades de educa\u00e7\u00e3o cient\u00edfica, tecnol\u00f3gica ou art\u00edstico-cultural, sob a orienta\u00e7\u00e3o de docentes-pesquisadores empenhados em contribuir para essa forma\u00e7\u00e3o diferenciada. A educa\u00e7\u00e3o cient\u00edfica \u00e9 um passo s\u00f3lido na forma\u00e7\u00e3o de um indiv\u00edduo, um passo que deve ser compartilhado por pais e familiares que, orgulhosamente, d\u00e3o suporte ao jovem em sua trajet\u00f3ria.<\/p>\n","protected":false},"excerpt":{"rendered":"<p>O Programa de Educa\u00e7\u00e3o Cient\u00edfica destina-se aos estudantes do Ensino M\u00e9dio\/T\u00e9cnico das escolas conveniadas com a Universidade Cat\u00f3lica de Santos. [&hellip;]<\/p>\n","protected":false},"author":1,"featured_media":180,"parent":0,"menu_order":0,"comment_status":"closed","ping_status":"closed","template":"","meta":{"_acf_changed":false,"footnotes":""},"acf":[],"_links":{"self":[{"href":"https:\/\/www.unisantos.br\/educacaocientifica2\/wp-json\/wp\/v2\/pages\/19"}],"collection":[{"href":"https:\/\/www.unisantos.br\/educacaocientifica2\/wp-json\/wp\/v2\/pages"}],"about":[{"href":"https:\/\/www.unisantos.br\/educacaocientifica2\/wp-json\/wp\/v2\/types\/page"}],"author":[{"embeddable":true,"href":"https:\/\/www.unisantos.br\/educacaocientifica2\/wp-json\/wp\/v2\/users\/1"}],"replies":[{"embeddable":true,"href":"https:\/\/www.unisantos.br\/educacaocientifica2\/wp-json\/wp\/v2\/comments?post=19"}],"version-history":[{"count":2,"href":"https:\/\/www.unisantos.br\/educacaocientifica2\/wp-json\/wp\/v2\/pages\/19\/revisions"}],"predecessor-version":[{"id":52,"href":"https:\/\/www.unisantos.br\/educacaocientifica2\/wp-json\/wp\/v2\/pages\/19\/revisions\/52"}],"wp:featuredmedia":[{"embeddable":true,"href":"https:\/\/www.unisantos.br\/educacaocientifica2\/wp-json\/wp\/v2\/media\/180"}],"wp:attachment":[{"href":"https:\/\/www.unisantos.br\/educacaocientifica2\/wp-json\/wp\/v2\/media?parent=19"}],"curies":[{"name":"wp","href":"https:\/\/api.w.org\/{rel}","templated":true}]}}