{"id":15,"date":"2024-04-24T10:32:06","date_gmt":"2024-04-24T13:32:06","guid":{"rendered":"https:\/\/www.unisantos.br\/educacaocientifica2\/?page_id=15"},"modified":"2024-06-03T17:32:45","modified_gmt":"2024-06-03T20:32:45","slug":"graduacao","status":"publish","type":"page","link":"https:\/\/www.unisantos.br\/educacaocientifica2\/graduacao\/","title":{"rendered":"Gradua\u00e7\u00e3o"},"content":{"rendered":"<p>Com o maior n\u00famero de bolsas da regi\u00e3o, o Programa de Educa\u00e7\u00e3o Cient\u00edfica (PEC) para a Gradua\u00e7\u00e3o da Cat\u00f3lica de Santos foi criado em 2004 para proporcionar uma oportunidade de forma\u00e7\u00e3o cient\u00edfica aos estudantes da gradua\u00e7\u00e3o, propiciando o desenvolvimento do pensamento cient\u00edfico e tecnol\u00f3gico dos estudantes participantes. O PEC visa despertar talentos para as atividades de pesquisa e fortalecer os projetos\u00a0de pesquisa\u00a0realizados na Universidade, a partir da participa\u00e7\u00e3o de estudantes bolsistas nas diferentes \u00e1reas de conhecimento.<\/p>\n<p>O PEC para a Gradua\u00e7\u00e3o teve in\u00edcio em 2005, com a participa\u00e7\u00e3o de 25 estudantes, momento em que a Unisantos adotou como pol\u00edtica a oferta de bolsas institucionais. No ano seguinte, o PEC passou a integrar o Programa Institucional de Bolsas de Inicia\u00e7\u00e3o Cient\u00edfica (PIBIC) do Conselho Nacional de Desenvolvimento Cient\u00edfico e Tecnol\u00f3gico (CNPq), entidade ligada ao Minist\u00e9rio da Ci\u00eancia, Tecnologia e Inova\u00e7\u00f5es (MCTI) do Governo Federal. Ao longo dos anos, o n\u00famero de bolsas das duas modalidades tem aumentado, sempre buscando atender \u00e0 procura dos estudantes e grupos de pesquisa.<\/p>\n<p>A Universidade, assim,\u00a0garante apoio e infraestrutura compat\u00edveis com a import\u00e2ncia que a Inicia\u00e7\u00e3o Cient\u00edfica representa para a qualidade do processo de forma\u00e7\u00e3o dos estudantes, com\u00a0o envolvimento dos docentes dos cursos de Gradua\u00e7\u00e3o e P\u00f3s-Gradua\u00e7\u00e3o. Promove, tamb\u00e9m, a integra\u00e7\u00e3o entre todos os n\u00edveis da pesquisa.<\/p>\n<p>Muitos dos estudantes iniciados na pesquisa\u00a0por meio\u00a0do PEC cursaram ou est\u00e3o cursando P\u00f3s-Gradua\u00e7\u00e3o\u00a0<em>Stricto Sensu<\/em>\u00a0na Cat\u00f3lica de Santos e em outras grandes universidades brasileiras.\u00a0Confirmam-se, assim, os objetivos do PEC em rela\u00e7\u00e3o \u00e0 produ\u00e7\u00e3o de recursos humanos qualificados para o desenvolvimento da ci\u00eancia e da tecnologia no Pa\u00eds.<\/p>\n<p>A experi\u00eancia acumulada desde 2005\u00a0coloca \u00e0 Cat\u00f3lica de Santos outro desafio, o da forma\u00e7\u00e3o das novas gera\u00e7\u00f5es de pesquisadores com \u00e9tica e compet\u00eancia, capazes de colocar a ci\u00eancia a servi\u00e7o do desenvolvimento de uma sociedade mais justa e igualit\u00e1ria.<\/p>\n","protected":false},"excerpt":{"rendered":"<p>Com o maior n\u00famero de bolsas da regi\u00e3o, o Programa de Educa\u00e7\u00e3o Cient\u00edfica (PEC) para a Gradua\u00e7\u00e3o da Cat\u00f3lica de [&hellip;]<\/p>\n","protected":false},"author":1,"featured_media":191,"parent":0,"menu_order":0,"comment_status":"closed","ping_status":"closed","template":"","meta":{"_acf_changed":false,"footnotes":""},"acf":[],"_links":{"self":[{"href":"https:\/\/www.unisantos.br\/educacaocientifica2\/wp-json\/wp\/v2\/pages\/15"}],"collection":[{"href":"https:\/\/www.unisantos.br\/educacaocientifica2\/wp-json\/wp\/v2\/pages"}],"about":[{"href":"https:\/\/www.unisantos.br\/educacaocientifica2\/wp-json\/wp\/v2\/types\/page"}],"author":[{"embeddable":true,"href":"https:\/\/www.unisantos.br\/educacaocientifica2\/wp-json\/wp\/v2\/users\/1"}],"replies":[{"embeddable":true,"href":"https:\/\/www.unisantos.br\/educacaocientifica2\/wp-json\/wp\/v2\/comments?post=15"}],"version-history":[{"count":2,"href":"https:\/\/www.unisantos.br\/educacaocientifica2\/wp-json\/wp\/v2\/pages\/15\/revisions"}],"predecessor-version":[{"id":39,"href":"https:\/\/www.unisantos.br\/educacaocientifica2\/wp-json\/wp\/v2\/pages\/15\/revisions\/39"}],"wp:featuredmedia":[{"embeddable":true,"href":"https:\/\/www.unisantos.br\/educacaocientifica2\/wp-json\/wp\/v2\/media\/191"}],"wp:attachment":[{"href":"https:\/\/www.unisantos.br\/educacaocientifica2\/wp-json\/wp\/v2\/media?parent=15"}],"curies":[{"name":"wp","href":"https:\/\/api.w.org\/{rel}","templated":true}]}}