{"id":112,"date":"2024-06-03T06:24:36","date_gmt":"2024-06-03T09:24:36","guid":{"rendered":"https:\/\/www.unisantos.br\/educacaocientifica2\/?page_id=112"},"modified":"2025-06-18T16:41:54","modified_gmt":"2025-06-18T19:41:54","slug":"eventos-regulares","status":"publish","type":"page","link":"https:\/\/www.unisantos.br\/educacaocientifica2\/ensino-medio\/eventos-regulares\/","title":{"rendered":"EVENTOS"},"content":{"rendered":"<p><strong>JORNADA DE INICIA\u00c7\u00c3O CIENT\u00cdFICA PARA O ENSINO M\u00c9DIO<\/strong><\/p>\n<p><img loading=\"lazy\" decoding=\"async\" class=\"alignnone size-medium wp-image-189\" src=\"http:\/\/www.unisantos.br\/educacaocientifica2\/wp-content\/uploads\/sites\/90\/2024\/06\/mostra-ic-em-300x169.jpg\" alt=\"\" width=\"300\" height=\"169\" srcset=\"https:\/\/www.unisantos.br\/educacaocientifica2\/wp-content\/uploads\/sites\/90\/2024\/06\/mostra-ic-em-300x169.jpg 300w, https:\/\/www.unisantos.br\/educacaocientifica2\/wp-content\/uploads\/sites\/90\/2024\/06\/mostra-ic-em-768x432.jpg 768w, https:\/\/www.unisantos.br\/educacaocientifica2\/wp-content\/uploads\/sites\/90\/2024\/06\/mostra-ic-em-1024x576.jpg 1024w, https:\/\/www.unisantos.br\/educacaocientifica2\/wp-content\/uploads\/sites\/90\/2024\/06\/mostra-ic-em.jpg 1600w\" sizes=\"(max-width: 300px) 100vw, 300px\" \/><\/p>\n<p>A Jornada de IC do Ensino M\u00e9dio \u00e9 realizada desde 2005, seguindo o calend\u00e1rio da Semana Nacional de Ci\u00eancia e Tecnologia do CNPq. O Coic \u00e9 respons\u00e1vel pela organiza\u00e7\u00e3o da jornada, momento importante para os estudantes divulgarem os principais resultados obtidos durante o desenvolvimento do seu projeto de pesquisa.<\/p>\n<p>A Jornada \u00e9 importante tamb\u00e9m para a comunidade, incluindo as fam\u00edlias e amigos, prestigiarem o trabalho dos estudantes al\u00e9m de propiciar um momento de troca de experi\u00eancias entre os participantes do PEC.<\/p>\n<p><strong>P\u00fablico-alvo<\/strong>: Estudantes que realizaram IC-EM na UNISANTOS no per\u00edodo de 9\/2024 a 8\/2025.<\/p>\n<p><strong>MOSTRA CIENT\u00cdFICA<\/strong><\/p>\n<p><img loading=\"lazy\" decoding=\"async\" class=\"wp-image-119 alignleft\" src=\"http:\/\/www.unisantos.br\/educacaocientifica2\/wp-content\/uploads\/sites\/90\/2024\/06\/Ana-Beatriz-Primo-Ferreira-768x576-300x225.jpg\" alt=\"\" width=\"200\" height=\"150\" srcset=\"https:\/\/www.unisantos.br\/educacaocientifica2\/wp-content\/uploads\/sites\/90\/2024\/06\/Ana-Beatriz-Primo-Ferreira-768x576-300x225.jpg 300w, https:\/\/www.unisantos.br\/educacaocientifica2\/wp-content\/uploads\/sites\/90\/2024\/06\/Ana-Beatriz-Primo-Ferreira-768x576.jpg 768w\" sizes=\"(max-width: 200px) 100vw, 200px\" \/>A Mostra Cient\u00edfica do Ensino M\u00e9dio de Santos \u00e9 uma oportunidade para os estudantes que est\u00e3o cursando o ensino m\u00e9dio mostrarem seu talento. Para apresenta\u00e7\u00e3o na Mostra, s\u00e3o aceitos trabalhos desenvolvidos por estudantes do ensino m\u00e9dio e do ensino t\u00e9cnico de qualquer escola da Regi\u00e3o Metropolitana da Baixada Santista (RMBS). A ideia \u00e9 promover a integra\u00e7\u00e3o desses estudantes ao ambiente acad\u00eamico universit\u00e1rio, atrav\u00e9s de inclus\u00e3o social pelo desenvolvimento da ci\u00eancia e tecnologia.<\/p>\n<p><strong>P\u00fablico-alvo<\/strong>: Estudantes do Ensino M\u00e9dio ou do Ensino T\u00e9cnico.<\/p>\n<p><strong>Objetivos<br \/>\n<\/strong>&#8211; Promover a\u00e7\u00f5es que estimulem a curiosidade cient\u00edfica, o racioc\u00ednio cient\u00edfico e a capacidade de inova\u00e7\u00e3o, dentro de especificidades locais;<br \/>\n&#8211; Induzir o compartilhamento de conhecimento cient\u00edfico e tecnol\u00f3gico por meio da participa\u00e7\u00e3o de escolas da RMBS;<br \/>\n&#8211; Valorizar pr\u00e1ticas interdisciplinares que promovem a intera\u00e7\u00e3o com o p\u00fablico;<br \/>\n&#8211; Estimular as culturas indagativa e cr\u00edtica, pr\u00f3prias da ci\u00eancia, por meio de estudo de problemas e quest\u00f5es da sociedade, tanto de estudantes quanto de professores e do p\u00fablico participante;<br \/>\n&#8211; Promover a forma\u00e7\u00e3o de estudantes do ensino m\u00e9dio e t\u00e9cnico no m\u00e9todo cient\u00edfico e em outros conceitos fundamentais para a produ\u00e7\u00e3o do conhecimento cient\u00edfico.<\/p>\n<p><strong>ENCONTRO CIENT\u00cdFICO NAS ESCOLAS<\/strong><\/p>\n<p>Encontro que antecede a Jornada de Inicia\u00e7\u00e3o Cient\u00edfica do Ensino M\u00e9dio \u00e9 uma oportunidade para que os estudantes, que est\u00e3o encerrando o ciclo de Inicia\u00e7\u00e3o Cient\u00edfica, apresentem o resultado de seus projetos de pesquisa em suas escolas.<\/p>\n<p>Neste mesmo encontro, os docentes das escolas que est\u00e3o realizando mestrado ou doutorado na UniSantos, com bolsa por meio do conv\u00eanio de coopera\u00e7\u00e3o t\u00e9cnico-cient\u00edfica, tamb\u00e9m apresentam o estado da arte de seus projetos de pesquisa \u00e0 comunidade escolar.<\/p>\n<p><strong>P\u00fablico-alvo<\/strong>: Comunidade escolar<\/p>\n<p><strong>A PR\u00c1TICA EDUCATIVA EM FOCO: PESQUISA, REFLEX\u00c3O E INOVA\u00c7\u00c3O<\/strong><\/p>\n<p>Voltada \u00e0 forma\u00e7\u00e3o de educadores, essa iniciativa objetiva oportunizar a reflex\u00e3o coletiva sobre e a partir da pr\u00e1tica, oferecendo subs\u00eddios para a an\u00e1lise e elabora\u00e7\u00e3o de alternativas aos m\u00faltiplos desafios do cotidiano escolar.<\/p>\n<p>Em acr\u00e9scimo, os participantes ser\u00e3o convidados a elaborar projetos de pesquisa e\/ou interven\u00e7\u00e3o, com vistas ao ingresso na p\u00f3s-gradua\u00e7\u00e3o stricto sensu e sistematiza\u00e7\u00e3o de seus planejamentos did\u00e1tico-pedag\u00f3gicos. did\u00e1tico-pedag\u00f3gicos.<\/p>\n<p><strong>P\u00fablico-alvo<\/strong>: Professores e Equipes Gestoras atuantes na Educa\u00e7\u00e3o-B\u00e1sica<\/p>\n<p><strong style=\"font-size: revert; color: initial;\">ORIENTA\u00c7\u00c3O VOCACIONAL\/PROFISSIONAL<\/strong><\/p>\n<p>A Orienta\u00e7\u00e3o Vocacional \u00e9 um processo que visa acompanhar o estudante do ensino m\u00e9dio\/t\u00e9cnico, o orientando, em suas reflex\u00f5es para que ele possa, ao final do processo, ser capaz de tomar uma decis\u00e3o consciente a respeito da profiss\u00e3o.<\/p>\n<p>O respons\u00e1vel pelo projeto \u00e9 o setor de est\u00e1gio em Psicologia Escolar e da Aprendizagem do Curso de Psicologia.\u00a0Os encontros de Orienta\u00e7\u00e3o Vocacional s\u00e3o realizados com o objetivo de atender a comunidade escolar adolescente em suas escolhas profissionais.<\/p>\n<p><strong>P\u00fablico-alvo<\/strong>: Estudantes do 2\u00ba ou 3\u00ba ano do Ensino M\u00e9dio ou pen\u00faltimo ou \u00faltimo ciclo do Ensino T\u00e9cnico<\/p>\n<div>\n<p><strong style=\"font-size: revert; color: initial;\">SEMIN\u00c1RIOS DE PESQUISA DO IPECI<\/strong><\/p>\n<\/div>\n<p><img loading=\"lazy\" decoding=\"async\" class=\"alignnone size-medium wp-image-242\" src=\"http:\/\/www.unisantos.br\/educacaocientifica2\/wp-content\/uploads\/sites\/90\/2024\/06\/seminario-ipeci-300x135.jpeg\" alt=\"\" width=\"300\" height=\"135\" srcset=\"https:\/\/www.unisantos.br\/educacaocientifica2\/wp-content\/uploads\/sites\/90\/2024\/06\/seminario-ipeci-300x135.jpeg 300w, https:\/\/www.unisantos.br\/educacaocientifica2\/wp-content\/uploads\/sites\/90\/2024\/06\/seminario-ipeci-768x346.jpeg 768w, https:\/\/www.unisantos.br\/educacaocientifica2\/wp-content\/uploads\/sites\/90\/2024\/06\/seminario-ipeci-1024x461.jpeg 1024w, https:\/\/www.unisantos.br\/educacaocientifica2\/wp-content\/uploads\/sites\/90\/2024\/06\/seminario-ipeci.jpeg 1600w\" sizes=\"(max-width: 300px) 100vw, 300px\" \/><\/p>\n<p>Os Semin\u00e1rios de Pesquisa do Ipeci tiveram in\u00edcio em 2011 com o prop\u00f3sito de comunicar e divulgar os projetos, atividades e resultados alcan\u00e7ados no \u00e2mbito da pesquisa por estudantes e pesquisadores da Universidade, no \u00e2mbito dos grupos de pesquisa institucionais, para toda a comunidade universit\u00e1ria, para os setores produtivos articulados e para a sociedade como um todo.<\/p>\n<p>S\u00e3o eventos mensais que t\u00eam o objetivo de suscitar a discuss\u00e3o em torno de temas priorit\u00e1rios para a institui\u00e7\u00e3o ao mesmo tempo que contribuem para a forma\u00e7\u00e3o de recursos humanos qualificados para a promo\u00e7\u00e3o e o desenvolvimento da ci\u00eancia em di\u00e1logo com o setor produtivo e comprometidos com a transforma\u00e7\u00e3o da realidade social. A participa\u00e7\u00e3o nos Semin\u00e1rios do Ipeci compreende uma das obriga\u00e7\u00f5es para os estudantes participantes do Programa de Educa\u00e7\u00e3o Cient\u00edfica (IC-EM, IC, IT e EP).<\/p>\n<p><strong>TRENDS<\/strong><\/p>\n<p>UniSantos Trends \u00e9 uma experi\u00eancia \u00fanica na escolha da profiss\u00e3o, \u00e9 mais que uma feira de profiss\u00f5es, o<br \/>\nTrends oferece diversas atividades, oficinas, shows, plant\u00f5es de d\u00favida e muito mais.<\/p>\n<p><strong>P\u00fablico-alvo<\/strong>: Estudantes do Ensino M\u00e9dio ou Ensino T\u00e9cnico.<\/p>\n<p><a href=\"https:\/\/www.unisantos.br\/educacaocientifica2\/proximos-eventos-em-2025\/\"><strong>Pr\u00f3ximos eventos em 2025<\/strong><\/a><\/p>\n<p><a href=\"https:\/\/www.unisantos.br\/educacaocientifica2\/eventos-realizados-em-2025\/\"><strong>Eventos realizados em 2025<\/strong><\/a><\/p>\n<p><a href=\"https:\/\/www.unisantos.br\/educacaocientifica2\/eventos-realizados-em-2024\/\"><strong>Eventos realizados em 2024<\/strong><\/a><\/p>\n","protected":false},"excerpt":{"rendered":"<p>JORNADA DE INICIA\u00c7\u00c3O CIENT\u00cdFICA PARA O ENSINO M\u00c9DIO A Jornada de IC do Ensino M\u00e9dio \u00e9 realizada desde 2005, seguindo [&hellip;]<\/p>\n","protected":false},"author":1,"featured_media":0,"parent":19,"menu_order":1,"comment_status":"closed","ping_status":"closed","template":"","meta":{"_acf_changed":false,"footnotes":""},"acf":[],"_links":{"self":[{"href":"https:\/\/www.unisantos.br\/educacaocientifica2\/wp-json\/wp\/v2\/pages\/112"}],"collection":[{"href":"https:\/\/www.unisantos.br\/educacaocientifica2\/wp-json\/wp\/v2\/pages"}],"about":[{"href":"https:\/\/www.unisantos.br\/educacaocientifica2\/wp-json\/wp\/v2\/types\/page"}],"author":[{"embeddable":true,"href":"https:\/\/www.unisantos.br\/educacaocientifica2\/wp-json\/wp\/v2\/users\/1"}],"replies":[{"embeddable":true,"href":"https:\/\/www.unisantos.br\/educacaocientifica2\/wp-json\/wp\/v2\/comments?post=112"}],"version-history":[{"count":49,"href":"https:\/\/www.unisantos.br\/educacaocientifica2\/wp-json\/wp\/v2\/pages\/112\/revisions"}],"predecessor-version":[{"id":376,"href":"https:\/\/www.unisantos.br\/educacaocientifica2\/wp-json\/wp\/v2\/pages\/112\/revisions\/376"}],"up":[{"embeddable":true,"href":"https:\/\/www.unisantos.br\/educacaocientifica2\/wp-json\/wp\/v2\/pages\/19"}],"wp:attachment":[{"href":"https:\/\/www.unisantos.br\/educacaocientifica2\/wp-json\/wp\/v2\/media?parent=112"}],"curies":[{"name":"wp","href":"https:\/\/api.w.org\/{rel}","templated":true}]}}