{"id":105,"date":"2024-06-03T05:57:37","date_gmt":"2024-06-03T08:57:37","guid":{"rendered":"https:\/\/www.unisantos.br\/educacaocientifica2\/?page_id=105"},"modified":"2024-06-04T13:54:01","modified_gmt":"2024-06-04T16:54:01","slug":"oficinas-tematicas","status":"publish","type":"page","link":"https:\/\/www.unisantos.br\/educacaocientifica2\/ensino-medio\/subprogramas\/oficinas-tematicas\/","title":{"rendered":"OFICINAS TEM\u00c1TICAS"},"content":{"rendered":"<p><strong>OFICINAS PARA OLIMP\u00cdADAS<\/strong><\/p>\n<p><img loading=\"lazy\" decoding=\"async\" class=\"alignnone size-medium wp-image-178\" src=\"http:\/\/www.unisantos.br\/educacaocientifica2\/wp-content\/uploads\/sites\/90\/2024\/06\/olimpiadas-300x169.jpg\" alt=\"\" width=\"300\" height=\"169\" srcset=\"https:\/\/www.unisantos.br\/educacaocientifica2\/wp-content\/uploads\/sites\/90\/2024\/06\/olimpiadas-300x169.jpg 300w, https:\/\/www.unisantos.br\/educacaocientifica2\/wp-content\/uploads\/sites\/90\/2024\/06\/olimpiadas-768x432.jpg 768w, https:\/\/www.unisantos.br\/educacaocientifica2\/wp-content\/uploads\/sites\/90\/2024\/06\/olimpiadas-1024x576.jpg 1024w, https:\/\/www.unisantos.br\/educacaocientifica2\/wp-content\/uploads\/sites\/90\/2024\/06\/olimpiadas.jpg 1600w\" sizes=\"(max-width: 300px) 100vw, 300px\" \/><\/p>\n<p>A Universidade Cat\u00f3lica de Santos, por meio de oficinas pr\u00e1ticas em seus laborat\u00f3rios, ministradas por professores da institui\u00e7\u00e3o, oferece a oportunidade de prepara\u00e7\u00e3o de estudantes das escolas conveniadas que tenham interesse em participar de olimp\u00edadas voltadas a \u00e1reas espec\u00edficas do saber, como as de Ci\u00eancias, Biologia, Qu\u00edmica, Inform\u00e1tica e Matem\u00e1tica, entre outras. A UniSantos oferece tamb\u00e9m consultoria para as equipes gestoras e professores das escolas conveniadas que tenham interesse em inscrever seus estudantes nessas competi\u00e7\u00f5es.<\/p>\n<p><strong>OFICINAS TEM\u00c1TICAS<\/strong><\/p>\n<p><img loading=\"lazy\" decoding=\"async\" class=\"alignnone size-medium wp-image-203\" src=\"http:\/\/www.unisantos.br\/educacaocientifica2\/wp-content\/uploads\/sites\/90\/2024\/06\/oficina-tematica-michele-300x169.jpg\" alt=\"\" width=\"300\" height=\"169\" srcset=\"https:\/\/www.unisantos.br\/educacaocientifica2\/wp-content\/uploads\/sites\/90\/2024\/06\/oficina-tematica-michele-300x169.jpg 300w, https:\/\/www.unisantos.br\/educacaocientifica2\/wp-content\/uploads\/sites\/90\/2024\/06\/oficina-tematica-michele-768x432.jpg 768w, https:\/\/www.unisantos.br\/educacaocientifica2\/wp-content\/uploads\/sites\/90\/2024\/06\/oficina-tematica-michele-1024x576.jpg 1024w, https:\/\/www.unisantos.br\/educacaocientifica2\/wp-content\/uploads\/sites\/90\/2024\/06\/oficina-tematica-michele.jpg 1599w\" sizes=\"(max-width: 300px) 100vw, 300px\" \/><\/p>\n<p>As oficinas tem\u00e1ticas consistem em atividades que t\u00eam o objetivo de despertar o interesse por ci\u00eancia e pesquisa por meio de atividades desenvolvidas no formato de oficinas ou outras a\u00e7\u00f5es em diversas \u00e1reas do conhecimento. As atividades acontecem de acordo com o cronograma proposto, com atividades presenciais no Campus Dom Id\u00edlio da Universidade Cat\u00f3lica de Santos.<\/p>\n<p>Conhe\u00e7a alguns temas j\u00e1 abordados nas oficinas tem\u00e1ticas feitas por agendamento:<\/p>\n<p><strong>Alimenta\u00e7\u00e3o e Sa\u00fade<br \/>\n<\/strong>Por meio de oficinas, atividades pr\u00e1ticas e exposi\u00e7\u00e3o de conte\u00fado t\u00e9cnico-cient\u00edfico, os estudantes ter\u00e3o conhecimento do corpo humano, dos alimentos e seus nutrientes, bem como suas a\u00e7\u00f5es na composi\u00e7\u00e3o corporal, al\u00e9m de terem subs\u00eddios b\u00e1sicos na elabora\u00e7\u00e3o de uma alimenta\u00e7\u00e3o saud\u00e1vel, baseada no Guia Alimentar para a Popula\u00e7\u00e3o Brasileira.<br \/>\nVagas: 30<br \/>\nDura\u00e7\u00e3o: 4 encontros<\/p>\n<p><strong>Diversidade Biol\u00f3gica e Conserva\u00e7\u00e3o Ambiental<br \/>\n<\/strong>Percorrer uma trilha experimental que gere aos estudantes aproxima\u00e7\u00e3o com os Reinos dos Seres Vivos pelos exemplos de esp\u00e9cimes, com destaque \u00e0 diversidade biol\u00f3gica e a seus nichos ecol\u00f3gicos. Al\u00e9m disso, trazer no\u00e7\u00f5es de ferramentas utilizadas como indicadores de sa\u00fade ambiental.<br \/>\nVagas: 30<br \/>\nDura\u00e7\u00e3o: 4 encontros<\/p>\n<p><strong>Gastronomia, Tecnologia e Inova\u00e7\u00e3o em Cozinhas Profissionais<\/strong><br \/>\nPossibilitar ao estudante do ensino m\u00e9dio e t\u00e9cnico a possibilidade de vivenciar experi\u00eancias pr\u00e1ticas ao lado de chefs renomados, mestres e doutores, no Centro de Tecnologia e Inova\u00e7\u00e3o em Gastronomia e Nutri\u00e7\u00e3o (CTIGN) da UniSantos, tendo acesso a alta tecnologia no setor gastron\u00f4mico.<br \/>\nVagas: 30<br \/>\nDura\u00e7\u00e3o: 2 encontros<\/p>\n<p><strong>Giro Cultural: Conhecendo a Hemeroteca Nacional e o Museu Afro-Brasil<\/strong><br \/>\nA proposta deste plano de atividade \u00e9 proporcionar ao estudante a oportunidade de aprofundar seus conhecimentos sobre o passado e desenvolver habilidades de pesquisa e an\u00e1lise de fontes hist\u00f3ricas, al\u00e9m de ampliar o repert\u00f3rio de fontes utilizadas em seus estudos. Al\u00e9m disso, apresentar a eles o Museu Afro Brasil, com um acervo diverso, entre pinturas, esculturas, gravuras, fotografias, documentos e pe\u00e7as etnol\u00f3gicas de autores brasileiros e estrangeiros, produzidos entre o s\u00e9culo XVIII e os dias de hoje.<br \/>\nVagas: 35<br \/>\nDura\u00e7\u00e3o: 4 encontros<\/p>\n<p><strong>Laborat\u00f3rio de Modelos Estruturais<\/strong><br \/>\nEstudar os fen\u00f4menos f\u00edsicos envolvidos nas estruturas das edifica\u00e7\u00f5es e desenvolver modelos que demonstrem os comportamentos estruturais. O subprograma \u00e9 composto por oficinas de modelos e maquetes, nas quais ser\u00e1 desenvolvida uma pesquisa de car\u00e1ter pr\u00e1tico e experimental, al\u00e9m de desenvolvidos modelos, o que possibilita o aprofundamento dos conhecimentos dos participantes na tem\u00e1tica.<br \/>\nVagas: 24<br \/>\nDura\u00e7\u00e3o: 4 encontros<\/p>\n<p><strong>Linguagem Oral-Auditiva Digital: Produ\u00e7\u00e3o de Podcast<\/strong><br \/>\nOficina de Linguagem voltada \u00e0 compreens\u00e3o dos mecanismos de produ\u00e7\u00e3o de podcasts, envolvendo a constru\u00e7\u00e3o linguagem oral-auditiva na constru\u00e7\u00e3o de um produto comunicacional bastante utilizado, valorizado e acess\u00edvel gratuitamente a todos. Esta proposta se enquadra no itiner\u00e1rio Linguagens e suas tecnologias.<br \/>\nVagas: 20<br \/>\nDura\u00e7\u00e3o: 4 encontros<\/p>\n<p><strong>Medicamentos, Cosm\u00e9ticos, Per\u00edcia: Voc\u00ea no Futuro!<\/strong><br \/>\nConhecimento do corpo humano &#8211; entendendo os padr\u00f5es macrosc\u00f3picos atrav\u00e9s da anatomia e proporcionando o aprofundamento em aspectos microsc\u00f3picos por meio do estudo de estudos em laborat\u00f3rio de histologia (estudo dos tecidos) para justificar como as plantas medicinais e os medicamentos podem interagir com nosso corpo. Abordaremos a manipula\u00e7\u00e3o de medicamentos usados na sa\u00fade e est\u00e9tica com a\u00e7\u00e3o nos sistemas corporais, bem como a apresenta\u00e7\u00e3o da per\u00edcia criminal farmac\u00eautica para discuss\u00e3o dos efeitos t\u00f3xicos das plantas, ou dos medicamentos. Essas atividades pr\u00e1ticas s\u00e3o desenvolvidas em ambientes laboratoriais presenciais, e possibilitam uma experi\u00eancia para correla\u00e7\u00e3o do processo produtivo de medicamentos e sua correla\u00e7\u00e3o com o corpo humano.<br \/>\nVagas: 40<br \/>\nDura\u00e7\u00e3o: 4 encontros<\/p>\n<p><strong>Produ\u00e7\u00e3o Audiovisual<\/strong><br \/>\nProp\u00f5e a articula\u00e7\u00e3o entre as compet\u00eancias comunica\u00e7\u00e3o, cultura digital e pr\u00e1ticas diversificadas da produ\u00e7\u00e3o art\u00edstico-cultural previstas na BNCC, por meio da cria\u00e7\u00e3o, roteiriza\u00e7\u00e3o e produ\u00e7\u00e3o de cena de conte\u00fado metalingu\u00edstico (sobre cinema), visando publica\u00e7\u00e3o na plataforma Tik-Tok, com v\u00eddeo no formato vertical.<br \/>\nVagas: 20<br \/>\nDura\u00e7\u00e3o: 3 encontros<\/p>\n<p><strong>Seguran\u00e7a de Dados e Intelig\u00eancia Artificial no Cotidiano das Empresas e das Pessoas<\/strong><br \/>\nEntender como conte\u00fados abordados no ensino s\u00e3o importantes para compreender situa\u00e7\u00e3o do cotidiano, como o uso da criptografia na seguran\u00e7a de dados, o emprego de algoritmos gen\u00e9ticos na intelig\u00eancia artificial e o papel da Ci\u00eancias de Dados na precifica\u00e7\u00e3o de seguros de modo pr\u00e1tico, simples e din\u00e2mico.<br \/>\nVagas: 40<br \/>\nDura\u00e7\u00e3o: 4 encontros<\/p>\n<p><strong>Tradu\u00e7\u00e3o Liter\u00e1ria, Dublagem e Legendagem Cinematogr\u00e1fica<\/strong><br \/>\nConhecer mais a fundo l\u00ednguas estrangeiras e suas respectivas culturas pode proporcionar experi\u00eancias de vida e oportunidades profissionais e acad\u00eamicas desconhecidas do p\u00fablico em geral. Esta proposta, portanto, visa contribuir para esse conhecimento, oferecendo oficinas voltadas \u00e0 comunica\u00e7\u00e3o em l\u00edngua estrangeira (ingl\u00eas e\/ou espanhol) e a vertentes acad\u00eamicas e profissionais das \u00e1reas de Letras e Tradu\u00e7\u00e3o e Interpreta\u00e7\u00e3o, como legendagem, dublagem e interpreta\u00e7\u00e3o simult\u00e2nea. Est\u00e3o previstas, ainda, atividades de pesquisa e pr\u00e1tica, fortemente calcadas nas culturas e l\u00ednguas envolvidas.<br \/>\nVagas: 40<br \/>\nDura\u00e7\u00e3o: 5 encontros<\/p>\n","protected":false},"excerpt":{"rendered":"<p>OFICINAS PARA OLIMP\u00cdADAS A Universidade Cat\u00f3lica de Santos, por meio de oficinas pr\u00e1ticas em seus laborat\u00f3rios, ministradas por professores da [&hellip;]<\/p>\n","protected":false},"author":1,"featured_media":0,"parent":53,"menu_order":0,"comment_status":"closed","ping_status":"closed","template":"","meta":{"_acf_changed":false,"footnotes":""},"acf":[],"_links":{"self":[{"href":"https:\/\/www.unisantos.br\/educacaocientifica2\/wp-json\/wp\/v2\/pages\/105"}],"collection":[{"href":"https:\/\/www.unisantos.br\/educacaocientifica2\/wp-json\/wp\/v2\/pages"}],"about":[{"href":"https:\/\/www.unisantos.br\/educacaocientifica2\/wp-json\/wp\/v2\/types\/page"}],"author":[{"embeddable":true,"href":"https:\/\/www.unisantos.br\/educacaocientifica2\/wp-json\/wp\/v2\/users\/1"}],"replies":[{"embeddable":true,"href":"https:\/\/www.unisantos.br\/educacaocientifica2\/wp-json\/wp\/v2\/comments?post=105"}],"version-history":[{"count":12,"href":"https:\/\/www.unisantos.br\/educacaocientifica2\/wp-json\/wp\/v2\/pages\/105\/revisions"}],"predecessor-version":[{"id":240,"href":"https:\/\/www.unisantos.br\/educacaocientifica2\/wp-json\/wp\/v2\/pages\/105\/revisions\/240"}],"up":[{"embeddable":true,"href":"https:\/\/www.unisantos.br\/educacaocientifica2\/wp-json\/wp\/v2\/pages\/53"}],"wp:attachment":[{"href":"https:\/\/www.unisantos.br\/educacaocientifica2\/wp-json\/wp\/v2\/media?parent=105"}],"curies":[{"name":"wp","href":"https:\/\/api.w.org\/{rel}","templated":true}]}}