{"id":54,"date":"2018-03-09T10:26:46","date_gmt":"2018-03-09T13:26:46","guid":{"rendered":"https:\/\/www.unisantos.br\/educacaocientifica\/?page_id=54"},"modified":"2023-08-17T21:08:28","modified_gmt":"2023-08-18T00:08:28","slug":"monu","status":"publish","type":"page","link":"https:\/\/www.unisantos.br\/educacaocientifica\/monu\/","title":{"rendered":"Modelo das Na\u00e7\u00f5es Unidas (MONU)"},"content":{"rendered":"<p>Atividades que proporcionam aos alunos do 2\u00ba e 3\u00ba ano do ensino m\u00e9dio uma experi\u00eancia nas din\u00e2micas da Organiza\u00e7\u00e3o das Na\u00e7\u00f5es Unidas (ONU), por meio da prepara\u00e7\u00e3o e simula\u00e7\u00e3o das Assembleias Gerais, forma\u00e7\u00e3o de delega\u00e7\u00f5es de representa\u00e7\u00e3o diplom\u00e1tica de diversos pa\u00edses, pr\u00e1tica de pesquisa sobre pol\u00edtica, economia, cultura e rela\u00e7\u00f5es internacionais. O MONU permite a viv\u00eancia de diferentes \u00e1reas do conhecimento, como Hist\u00f3ria e Geografia, al\u00e9m de desenvolver capacidade de linguagem e orat\u00f3ria.<\/p>\n<p><strong>P\u00daBLICO-ALVO<\/strong><br \/>\nEstudantes do EM Regular (2\u00ba. e 3\u00ba. anos) matriculados nas escolas conveniadas<\/p>\n<p><strong>VAGAS<\/strong><br \/>\nEst\u00e3o dispon\u00edveis 2 vagas por escola conveniada por semestre<\/p>\n<p><strong>DURA\u00c7\u00c3O<\/strong><br \/>\n10 encontros por semestre (segundas-feiras \u00e0 tarde)<\/p>\n","protected":false},"excerpt":{"rendered":"<p>Atividades que proporcionam aos alunos do 2\u00ba e 3\u00ba ano do ensino m\u00e9dio uma experi\u00eancia nas din\u00e2micas da Organiza\u00e7\u00e3o das [&hellip;]<\/p>\n","protected":false},"author":1,"featured_media":0,"parent":0,"menu_order":0,"comment_status":"closed","ping_status":"closed","template":"menu-lateral.php","meta":{"footnotes":""},"_links":{"self":[{"href":"https:\/\/www.unisantos.br\/educacaocientifica\/wp-json\/wp\/v2\/pages\/54"}],"collection":[{"href":"https:\/\/www.unisantos.br\/educacaocientifica\/wp-json\/wp\/v2\/pages"}],"about":[{"href":"https:\/\/www.unisantos.br\/educacaocientifica\/wp-json\/wp\/v2\/types\/page"}],"author":[{"embeddable":true,"href":"https:\/\/www.unisantos.br\/educacaocientifica\/wp-json\/wp\/v2\/users\/1"}],"replies":[{"embeddable":true,"href":"https:\/\/www.unisantos.br\/educacaocientifica\/wp-json\/wp\/v2\/comments?post=54"}],"version-history":[{"count":8,"href":"https:\/\/www.unisantos.br\/educacaocientifica\/wp-json\/wp\/v2\/pages\/54\/revisions"}],"predecessor-version":[{"id":386,"href":"https:\/\/www.unisantos.br\/educacaocientifica\/wp-json\/wp\/v2\/pages\/54\/revisions\/386"}],"wp:attachment":[{"href":"https:\/\/www.unisantos.br\/educacaocientifica\/wp-json\/wp\/v2\/media?parent=54"}],"curies":[{"name":"wp","href":"https:\/\/api.w.org\/{rel}","templated":true}]}}