{"id":38,"date":"2018-03-09T09:58:57","date_gmt":"2018-03-09T12:58:57","guid":{"rendered":"https:\/\/www.unisantos.br\/educacaocientifica\/?page_id=38"},"modified":"2023-08-17T21:06:24","modified_gmt":"2023-08-18T00:06:24","slug":"expedicao-cientifica","status":"publish","type":"page","link":"https:\/\/www.unisantos.br\/educacaocientifica\/programa-de-vivencia-cientifica\/expedicao-cientifica\/","title":{"rendered":"Expedi\u00e7\u00e3o Cient\u00edfica"},"content":{"rendered":"<p>Esse subprograma possibilita a oportunidade de vivenciar a Universidade antes mesmo do ingresso do aluno. Estudantes do 2\u00ba. e 3\u00ba. ano do ensino m\u00e9dio podem participar das atividades experimentais pr\u00e1ticas, desenvolvidas nos laborat\u00f3rios da UniSantos.\u00a0Os alunos do 3\u00ba. ano participam no primeiro semestre, e os do 2\u00ba. ano, no segundo semestre.<\/p>\n<p>A expedi\u00e7\u00e3o passa por diferentes \u00e1reas do conhecimento, como Arquitetura e Urbanismo, Bioqu\u00edmica, Cosmetologia, Ecologia, Eletr\u00f4nica, Farmacologia, Geof\u00edsica aplicada \u00e0 Explora\u00e7\u00e3o de Petr\u00f3leo, Geoci\u00eancias, Geologia, Processos Biotecnol\u00f3gicos, Qu\u00edmica Ambiental, Qu\u00edmica Org\u00e2nica e S\u00edntese Qu\u00edmica, Sensores e Circuitos Integrados, e Tradu\u00e7\u00e3o e Interpreta\u00e7\u00e3o.<\/p>\n<p><strong>P\u00daBLICO-ALVO<\/strong><br \/>\nEstudantes do EM Regular (2\u00ba. e 3\u00ba. anos) e do EM T\u00e9cnico (pen\u00faltimo e \u00faltimo ciclos) matriculados nas escolas conveniadas.<\/p>\n<p><strong>VAGAS<\/strong><br \/>\nEst\u00e3o dispon\u00edveis 6\u00a0vagas por escola conveniada por semestre.<\/p>\n<p><strong>DURA\u00c7\u00c3O<\/strong><br \/>\n8 encontros por semestre (quartas-feiras \u00e0 tarde)<\/p>\n","protected":false},"excerpt":{"rendered":"<p>Esse subprograma possibilita a oportunidade de vivenciar a Universidade antes mesmo do ingresso do aluno. Estudantes do 2\u00ba. e 3\u00ba. [&hellip;]<\/p>\n","protected":false},"author":1,"featured_media":0,"parent":291,"menu_order":0,"comment_status":"closed","ping_status":"closed","template":"menu-lateral.php","meta":{"footnotes":""},"_links":{"self":[{"href":"https:\/\/www.unisantos.br\/educacaocientifica\/wp-json\/wp\/v2\/pages\/38"}],"collection":[{"href":"https:\/\/www.unisantos.br\/educacaocientifica\/wp-json\/wp\/v2\/pages"}],"about":[{"href":"https:\/\/www.unisantos.br\/educacaocientifica\/wp-json\/wp\/v2\/types\/page"}],"author":[{"embeddable":true,"href":"https:\/\/www.unisantos.br\/educacaocientifica\/wp-json\/wp\/v2\/users\/1"}],"replies":[{"embeddable":true,"href":"https:\/\/www.unisantos.br\/educacaocientifica\/wp-json\/wp\/v2\/comments?post=38"}],"version-history":[{"count":7,"href":"https:\/\/www.unisantos.br\/educacaocientifica\/wp-json\/wp\/v2\/pages\/38\/revisions"}],"predecessor-version":[{"id":385,"href":"https:\/\/www.unisantos.br\/educacaocientifica\/wp-json\/wp\/v2\/pages\/38\/revisions\/385"}],"up":[{"embeddable":true,"href":"https:\/\/www.unisantos.br\/educacaocientifica\/wp-json\/wp\/v2\/pages\/291"}],"wp:attachment":[{"href":"https:\/\/www.unisantos.br\/educacaocientifica\/wp-json\/wp\/v2\/media?parent=38"}],"curies":[{"name":"wp","href":"https:\/\/api.w.org\/{rel}","templated":true}]}}