{"id":372,"date":"2023-08-16T14:52:55","date_gmt":"2023-08-16T17:52:55","guid":{"rendered":"https:\/\/www.unisantos.br\/educacaocientifica\/?page_id=372"},"modified":"2023-08-17T21:14:25","modified_gmt":"2023-08-18T00:14:25","slug":"jornada-de-iniciacao-cientifica-para-o-ensino-medio-2","status":"publish","type":"page","link":"https:\/\/www.unisantos.br\/educacaocientifica\/jornada-de-iniciacao-cientifica-para-o-ensino-medio-2\/","title":{"rendered":"Jornada de Inicia\u00e7\u00e3o Cient\u00edfica para o Ensino M\u00e9dio"},"content":{"rendered":"<p><strong>DATA<\/strong><br \/>\n17\/10<\/p>\n<p><strong>HOR\u00c1RIO<\/strong><br \/>\nDas 14 h \u00e0s 17 h<\/p>\n","protected":false},"excerpt":{"rendered":"<p>DATA 17\/10 HOR\u00c1RIO Das 14 h \u00e0s 17 h<\/p>\n","protected":false},"author":1,"featured_media":0,"parent":0,"menu_order":0,"comment_status":"closed","ping_status":"closed","template":"","meta":{"footnotes":""},"_links":{"self":[{"href":"https:\/\/www.unisantos.br\/educacaocientifica\/wp-json\/wp\/v2\/pages\/372"}],"collection":[{"href":"https:\/\/www.unisantos.br\/educacaocientifica\/wp-json\/wp\/v2\/pages"}],"about":[{"href":"https:\/\/www.unisantos.br\/educacaocientifica\/wp-json\/wp\/v2\/types\/page"}],"author":[{"embeddable":true,"href":"https:\/\/www.unisantos.br\/educacaocientifica\/wp-json\/wp\/v2\/users\/1"}],"replies":[{"embeddable":true,"href":"https:\/\/www.unisantos.br\/educacaocientifica\/wp-json\/wp\/v2\/comments?post=372"}],"version-history":[{"count":2,"href":"https:\/\/www.unisantos.br\/educacaocientifica\/wp-json\/wp\/v2\/pages\/372\/revisions"}],"predecessor-version":[{"id":390,"href":"https:\/\/www.unisantos.br\/educacaocientifica\/wp-json\/wp\/v2\/pages\/372\/revisions\/390"}],"wp:attachment":[{"href":"https:\/\/www.unisantos.br\/educacaocientifica\/wp-json\/wp\/v2\/media?parent=372"}],"curies":[{"name":"wp","href":"https:\/\/api.w.org\/{rel}","templated":true}]}}