{"id":34,"date":"2018-03-09T09:58:28","date_gmt":"2018-03-09T12:58:28","guid":{"rendered":"https:\/\/www.unisantos.br\/educacaocientifica\/?page_id=34"},"modified":"2023-08-17T20:50:22","modified_gmt":"2023-08-17T23:50:22","slug":"iniciacao-cientifica-para-o-ensino-medio","status":"publish","type":"page","link":"https:\/\/www.unisantos.br\/educacaocientifica\/ensino-medio\/iniciacao-cientifica-para-o-ensino-medio\/","title":{"rendered":"Inicia\u00e7\u00e3o Cient\u00edfica para o Ensino M\u00e9dio"},"content":{"rendered":"<p>Voltado para alunos do 2\u00ba ano do ensino m\u00e9dio, o subprograma tem a finalidade de contribuir para a forma\u00e7\u00e3o de cidad\u00e3os plenos, conscientes e participativos. Desperta a voca\u00e7\u00e3o cient\u00edfica e incentiva talentos potenciais, com a participa\u00e7\u00e3o em atividades de educa\u00e7\u00e3o cient\u00edfica, tecnol\u00f3gica ou art\u00edstico-cultural, que s\u00e3o orientadas por um docente da Universidade.<\/p>\n<p>&nbsp;<\/p>\n","protected":false},"excerpt":{"rendered":"<p>Voltado para alunos do 2\u00ba ano do ensino m\u00e9dio, o subprograma tem a finalidade de contribuir para a forma\u00e7\u00e3o de [&hellip;]<\/p>\n","protected":false},"author":1,"featured_media":0,"parent":11,"menu_order":0,"comment_status":"closed","ping_status":"closed","template":"menu-lateral.php","meta":{"footnotes":""},"_links":{"self":[{"href":"https:\/\/www.unisantos.br\/educacaocientifica\/wp-json\/wp\/v2\/pages\/34"}],"collection":[{"href":"https:\/\/www.unisantos.br\/educacaocientifica\/wp-json\/wp\/v2\/pages"}],"about":[{"href":"https:\/\/www.unisantos.br\/educacaocientifica\/wp-json\/wp\/v2\/types\/page"}],"author":[{"embeddable":true,"href":"https:\/\/www.unisantos.br\/educacaocientifica\/wp-json\/wp\/v2\/users\/1"}],"replies":[{"embeddable":true,"href":"https:\/\/www.unisantos.br\/educacaocientifica\/wp-json\/wp\/v2\/comments?post=34"}],"version-history":[{"count":17,"href":"https:\/\/www.unisantos.br\/educacaocientifica\/wp-json\/wp\/v2\/pages\/34\/revisions"}],"predecessor-version":[{"id":290,"href":"https:\/\/www.unisantos.br\/educacaocientifica\/wp-json\/wp\/v2\/pages\/34\/revisions\/290"}],"up":[{"embeddable":true,"href":"https:\/\/www.unisantos.br\/educacaocientifica\/wp-json\/wp\/v2\/pages\/11"}],"wp:attachment":[{"href":"https:\/\/www.unisantos.br\/educacaocientifica\/wp-json\/wp\/v2\/media?parent=34"}],"curies":[{"name":"wp","href":"https:\/\/api.w.org\/{rel}","templated":true}]}}