{"id":293,"date":"2023-08-14T15:13:43","date_gmt":"2023-08-14T18:13:43","guid":{"rendered":"https:\/\/www.unisantos.br\/educacaocientifica\/?page_id=293"},"modified":"2023-08-17T20:55:42","modified_gmt":"2023-08-17T23:55:42","slug":"programa-de-gamificacao","status":"publish","type":"page","link":"https:\/\/www.unisantos.br\/educacaocientifica\/ensino-medio\/programa-de-gamificacao\/","title":{"rendered":"Gamifica\u00e7\u00e3o"},"content":{"rendered":"<p><strong>CONHE\u00c7A OS SUBPROGRAMAS DE GAMIFICA\u00c7\u00c3O<\/strong><\/p>\n<p><a href=\"https:\/\/www.unisantos.br\/educacaocientifica\/ensino-medio\/iniciacao-cientifica-para-o-ensino-medio\/subprograma-c-s-i\/\">C.S.I.<\/a><\/p>\n<p><a href=\"https:\/\/www.unisantos.br\/educacaocientifica\/ensino-medio\/monu\/\">MODELO DAS NA\u00c7\u00d5ES UNIDAS (MONU)<\/a><\/p>\n<p><a href=\"https:\/\/www.unisantos.br\/educacaocientifica\/ensino-medio\/iniciacao-cientifica-para-o-ensino-medio\/subprograma-sala-da-agua\/\">SALA DA \u00c1GUA<\/a><\/p>\n","protected":false},"excerpt":{"rendered":"<p>CONHE\u00c7A OS SUBPROGRAMAS DE GAMIFICA\u00c7\u00c3O C.S.I. MODELO DAS NA\u00c7\u00d5ES UNIDAS (MONU) SALA DA \u00c1GUA<\/p>\n","protected":false},"author":1,"featured_media":0,"parent":11,"menu_order":0,"comment_status":"closed","ping_status":"closed","template":"","meta":{"footnotes":""},"_links":{"self":[{"href":"https:\/\/www.unisantos.br\/educacaocientifica\/wp-json\/wp\/v2\/pages\/293"}],"collection":[{"href":"https:\/\/www.unisantos.br\/educacaocientifica\/wp-json\/wp\/v2\/pages"}],"about":[{"href":"https:\/\/www.unisantos.br\/educacaocientifica\/wp-json\/wp\/v2\/types\/page"}],"author":[{"embeddable":true,"href":"https:\/\/www.unisantos.br\/educacaocientifica\/wp-json\/wp\/v2\/users\/1"}],"replies":[{"embeddable":true,"href":"https:\/\/www.unisantos.br\/educacaocientifica\/wp-json\/wp\/v2\/comments?post=293"}],"version-history":[{"count":4,"href":"https:\/\/www.unisantos.br\/educacaocientifica\/wp-json\/wp\/v2\/pages\/293\/revisions"}],"predecessor-version":[{"id":381,"href":"https:\/\/www.unisantos.br\/educacaocientifica\/wp-json\/wp\/v2\/pages\/293\/revisions\/381"}],"up":[{"embeddable":true,"href":"https:\/\/www.unisantos.br\/educacaocientifica\/wp-json\/wp\/v2\/pages\/11"}],"wp:attachment":[{"href":"https:\/\/www.unisantos.br\/educacaocientifica\/wp-json\/wp\/v2\/media?parent=293"}],"curies":[{"name":"wp","href":"https:\/\/api.w.org\/{rel}","templated":true}]}}