{"id":291,"date":"2023-08-14T15:09:56","date_gmt":"2023-08-14T18:09:56","guid":{"rendered":"https:\/\/www.unisantos.br\/educacaocientifica\/?page_id=291"},"modified":"2023-08-17T20:56:30","modified_gmt":"2023-08-17T23:56:30","slug":"programa-de-vivencia-cientifica","status":"publish","type":"page","link":"https:\/\/www.unisantos.br\/educacaocientifica\/programa-de-vivencia-cientifica\/","title":{"rendered":"Viv\u00eancia Cient\u00edfica"},"content":{"rendered":"<p><strong>CONHE\u00c7A OS SUBPROGRAMAS DE VIV\u00caNCIA CIENT\u00cdFICA<\/strong><\/p>\n<p><a href=\"https:\/\/www.unisantos.br\/educacaocientifica\/ensino-medio\/iniciacao-cientifica-para-o-ensino-medio\/\">INICIA\u00c7\u00c3O CIENT\u00cdFICA PARA O ENSINO M\u00c9DIO<\/a><\/p>\n<p><a href=\"https:\/\/www.unisantos.br\/educacaocientifica\/ensino-medio\/expedicao-cientifica\/\">EXPEDI\u00c7\u00c3O CIENT\u00cdFICA<\/a><\/p>\n<p><a href=\"https:\/\/www.unisantos.br\/educacaocientifica\/ensino-medio\/expresso-cientifico\/\">EXPRESSO CIENT\u00cdFICO<\/a><\/p>\n<p>&nbsp;<\/p>\n","protected":false},"excerpt":{"rendered":"<p>CONHE\u00c7A OS SUBPROGRAMAS DE VIV\u00caNCIA CIENT\u00cdFICA INICIA\u00c7\u00c3O CIENT\u00cdFICA PARA O ENSINO M\u00c9DIO EXPEDI\u00c7\u00c3O CIENT\u00cdFICA EXPRESSO CIENT\u00cdFICO &nbsp;<\/p>\n","protected":false},"author":1,"featured_media":0,"parent":0,"menu_order":0,"comment_status":"closed","ping_status":"closed","template":"","meta":{"footnotes":""},"_links":{"self":[{"href":"https:\/\/www.unisantos.br\/educacaocientifica\/wp-json\/wp\/v2\/pages\/291"}],"collection":[{"href":"https:\/\/www.unisantos.br\/educacaocientifica\/wp-json\/wp\/v2\/pages"}],"about":[{"href":"https:\/\/www.unisantos.br\/educacaocientifica\/wp-json\/wp\/v2\/types\/page"}],"author":[{"embeddable":true,"href":"https:\/\/www.unisantos.br\/educacaocientifica\/wp-json\/wp\/v2\/users\/1"}],"replies":[{"embeddable":true,"href":"https:\/\/www.unisantos.br\/educacaocientifica\/wp-json\/wp\/v2\/comments?post=291"}],"version-history":[{"count":7,"href":"https:\/\/www.unisantos.br\/educacaocientifica\/wp-json\/wp\/v2\/pages\/291\/revisions"}],"predecessor-version":[{"id":382,"href":"https:\/\/www.unisantos.br\/educacaocientifica\/wp-json\/wp\/v2\/pages\/291\/revisions\/382"}],"wp:attachment":[{"href":"https:\/\/www.unisantos.br\/educacaocientifica\/wp-json\/wp\/v2\/media?parent=291"}],"curies":[{"name":"wp","href":"https:\/\/api.w.org\/{rel}","templated":true}]}}