{"id":288,"date":"2023-08-14T15:03:09","date_gmt":"2023-08-14T18:03:09","guid":{"rendered":"https:\/\/www.unisantos.br\/educacaocientifica\/?page_id=288"},"modified":"2023-08-17T20:57:10","modified_gmt":"2023-08-17T23:57:10","slug":"programa-de-educacao-cientifica","status":"publish","type":"page","link":"https:\/\/www.unisantos.br\/educacaocientifica\/ensino-medio\/programa-de-educacao-cientifica\/","title":{"rendered":"Oficinas Tem\u00e1ticas"},"content":{"rendered":"<p><strong>CONHE\u00c7A OS SUBPROGRAMAS DAS OFICINAS TEM\u00c1TICAS<\/strong><\/p>\n<p><a href=\"https:\/\/www.unisantos.br\/educacaocientifica\/ensino-medio\/iniciacao-cientifica-para-o-ensino-medio\/subprograma-1-alimentacao-e-saude\/\">ALIMENTA\u00c7\u00c3O E SA\u00daDE<\/a><\/p>\n<p><a href=\"https:\/\/www.unisantos.br\/educacaocientifica\/ensino-medio\/iniciacao-cientifica-para-o-ensino-medio\/subprograma-diversidade-biologica-e-conservacao-ambiental\/\">DIVERSIDADE BIOL\u00d3GICA E CONSERVA\u00c7\u00c3O AMBIENTAL<\/a><\/p>\n<p><a href=\"https:\/\/www.unisantos.br\/educacaocientifica\/ensino-medio\/iniciacao-cientifica-para-o-ensino-medio\/subprograma-gastronomia-tecnologia-e-inovacao-em-cozinhas-profissionais\/\">GASTRONOMIA, TECNOLOGIA E INOVA\u00c7\u00c3O EM COZINHAS PROFISSIONAIS<\/a><\/p>\n<p><a href=\"https:\/\/www.unisantos.br\/educacaocientifica\/ensino-medio\/iniciacao-cientifica-para-o-ensino-medio\/subprograma-giro-cultural-conhecendo-a-hemeroteca-nacional-e-o-museu-afro-brasil\/\">GIRO CULTURAL: CONHECENDO A HEMEROTECA NACIONAL E O MUSEU AFRO-BRASIL<\/a><\/p>\n<p><a href=\"https:\/\/www.unisantos.br\/educacaocientifica\/ensino-medio\/iniciacao-cientifica-para-o-ensino-medio\/subprograma-laboratorio-de-modelos-estruturais\/\">LABORAT\u00d3RIO DE MODELOS ESTRUTURAIS<\/a><\/p>\n<p><a href=\"https:\/\/www.unisantos.br\/educacaocientifica\/ensino-medio\/iniciacao-cientifica-para-o-ensino-medio\/subprograma-linguagem-oral-auditiva-digital-producao-de-podcast\/\">LINGUAGEM ORAL-AUDITIVA DIGITAL: PRODU\u00c7\u00c3O DE PODCAST<\/a><\/p>\n<p><a href=\"https:\/\/www.unisantos.br\/educacaocientifica\/ensino-medio\/iniciacao-cientifica-para-o-ensino-medio\/subprograma-medicamentos-cosmeticos-pericia-voce-no-futuro\/\">MEDICAMENTOS, COSM\u00c9TICOS, PER\u00cdCIA: VOC\u00ca NO FUTURO!<\/a><\/p>\n<p><a href=\"https:\/\/www.unisantos.br\/educacaocientifica\/ensino-medio\/iniciacao-cientifica-para-o-ensino-medio\/subprograma-producao-audiovisual\/\">PRODU\u00c7\u00c3O AUDIOVISUAL<\/a><\/p>\n<p><a href=\"https:\/\/www.unisantos.br\/educacaocientifica\/ensino-medio\/iniciacao-cientifica-para-o-ensino-medio\/subprograma-seguranca-de-dados-e-inteligencia-artificial-no-cotidiano-das-empresas-e-das-pessoas\/\">SEGURAN\u00c7A DE DADOS E INTELIG\u00caNCIA ARTIFICIAL NO COTIDIANO DAS EMPRESAS E DAS PESSOAS<\/a><\/p>\n<p><a href=\"https:\/\/www.unisantos.br\/educacaocientifica\/ensino-medio\/iniciacao-cientifica-para-o-ensino-medio\/subprograma-traducao-literaria-dublagem-e-legendagem-cinematografica\/\">TRADUA\u00c7\u00c3O LITER\u00c1RIA, DUBLAGEM E LEGENDAGEM CINEMATOGR\u00c1FICA<\/a><\/p>\n<p>&nbsp;<\/p>\n","protected":false},"excerpt":{"rendered":"<p>CONHE\u00c7A OS SUBPROGRAMAS DAS OFICINAS TEM\u00c1TICAS ALIMENTA\u00c7\u00c3O E SA\u00daDE DIVERSIDADE BIOL\u00d3GICA E CONSERVA\u00c7\u00c3O AMBIENTAL GASTRONOMIA, TECNOLOGIA E INOVA\u00c7\u00c3O EM COZINHAS [&hellip;]<\/p>\n","protected":false},"author":1,"featured_media":0,"parent":11,"menu_order":0,"comment_status":"closed","ping_status":"closed","template":"","meta":{"footnotes":""},"_links":{"self":[{"href":"https:\/\/www.unisantos.br\/educacaocientifica\/wp-json\/wp\/v2\/pages\/288"}],"collection":[{"href":"https:\/\/www.unisantos.br\/educacaocientifica\/wp-json\/wp\/v2\/pages"}],"about":[{"href":"https:\/\/www.unisantos.br\/educacaocientifica\/wp-json\/wp\/v2\/types\/page"}],"author":[{"embeddable":true,"href":"https:\/\/www.unisantos.br\/educacaocientifica\/wp-json\/wp\/v2\/users\/1"}],"replies":[{"embeddable":true,"href":"https:\/\/www.unisantos.br\/educacaocientifica\/wp-json\/wp\/v2\/comments?post=288"}],"version-history":[{"count":9,"href":"https:\/\/www.unisantos.br\/educacaocientifica\/wp-json\/wp\/v2\/pages\/288\/revisions"}],"predecessor-version":[{"id":383,"href":"https:\/\/www.unisantos.br\/educacaocientifica\/wp-json\/wp\/v2\/pages\/288\/revisions\/383"}],"up":[{"embeddable":true,"href":"https:\/\/www.unisantos.br\/educacaocientifica\/wp-json\/wp\/v2\/pages\/11"}],"wp:attachment":[{"href":"https:\/\/www.unisantos.br\/educacaocientifica\/wp-json\/wp\/v2\/media?parent=288"}],"curies":[{"name":"wp","href":"https:\/\/api.w.org\/{rel}","templated":true}]}}