{"id":268,"date":"2023-08-14T12:17:00","date_gmt":"2023-08-14T15:17:00","guid":{"rendered":"https:\/\/www.unisantos.br\/educacaocientifica\/?page_id=268"},"modified":"2023-08-15T11:38:23","modified_gmt":"2023-08-15T14:38:23","slug":"subprograma-seguranca-de-dados-e-inteligencia-artificial-no-cotidiano-das-empresas-e-das-pessoas","status":"publish","type":"page","link":"https:\/\/www.unisantos.br\/educacaocientifica\/subprograma-seguranca-de-dados-e-inteligencia-artificial-no-cotidiano-das-empresas-e-das-pessoas\/","title":{"rendered":"Seguran\u00e7a de Dados e Intelig\u00eancia Artificial no Cotidiano das Empresas e das Pessoas"},"content":{"rendered":"<p><strong>PROPOSTA<br \/>\n<\/strong>Entender como conte\u00fados abordados no ensino s\u00e3o importantes para compreender situa\u00e7\u00e3o do cotidiano, como o uso da criptografia na seguran\u00e7a de dados, o emprego de algoritmos gen\u00e9ticos na intelig\u00eancia artificial e o papel da Ci\u00eancias de Dados na precifica\u00e7\u00e3o de seguros de modo pr\u00e1tico, simples e din\u00e2mico.<\/p>\n<p><strong>VAGAS DISPON\u00cdVEIS<br \/>\n<\/strong>40<\/p>\n<p><strong>DURA\u00c7\u00c3O<br \/>\n<\/strong>4 encontros<\/p>\n","protected":false},"excerpt":{"rendered":"<p>PROPOSTA Entender como conte\u00fados abordados no ensino s\u00e3o importantes para compreender situa\u00e7\u00e3o do cotidiano, como o uso da criptografia na [&hellip;]<\/p>\n","protected":false},"author":1,"featured_media":0,"parent":0,"menu_order":10,"comment_status":"closed","ping_status":"closed","template":"","meta":{"footnotes":""},"_links":{"self":[{"href":"https:\/\/www.unisantos.br\/educacaocientifica\/wp-json\/wp\/v2\/pages\/268"}],"collection":[{"href":"https:\/\/www.unisantos.br\/educacaocientifica\/wp-json\/wp\/v2\/pages"}],"about":[{"href":"https:\/\/www.unisantos.br\/educacaocientifica\/wp-json\/wp\/v2\/types\/page"}],"author":[{"embeddable":true,"href":"https:\/\/www.unisantos.br\/educacaocientifica\/wp-json\/wp\/v2\/users\/1"}],"replies":[{"embeddable":true,"href":"https:\/\/www.unisantos.br\/educacaocientifica\/wp-json\/wp\/v2\/comments?post=268"}],"version-history":[{"count":2,"href":"https:\/\/www.unisantos.br\/educacaocientifica\/wp-json\/wp\/v2\/pages\/268\/revisions"}],"predecessor-version":[{"id":320,"href":"https:\/\/www.unisantos.br\/educacaocientifica\/wp-json\/wp\/v2\/pages\/268\/revisions\/320"}],"wp:attachment":[{"href":"https:\/\/www.unisantos.br\/educacaocientifica\/wp-json\/wp\/v2\/media?parent=268"}],"curies":[{"name":"wp","href":"https:\/\/api.w.org\/{rel}","templated":true}]}}