{"id":266,"date":"2023-08-14T12:15:11","date_gmt":"2023-08-14T15:15:11","guid":{"rendered":"https:\/\/www.unisantos.br\/educacaocientifica\/?page_id=266"},"modified":"2023-08-15T11:40:14","modified_gmt":"2023-08-15T14:40:14","slug":"subprograma-sala-da-agua","status":"publish","type":"page","link":"https:\/\/www.unisantos.br\/educacaocientifica\/subprograma-sala-da-agua\/","title":{"rendered":"Sala da \u00c1gua"},"content":{"rendered":"<p><strong>PROPOSTA<br \/>\n<\/strong>Apresentar aos estudantes do ensino m\u00e9dio e t\u00e9cnico, por meio de quatro atividades experimentais espec\u00edficas, os seguintes temas:<br \/>\n1. o ciclo da \u00e1gua e a import\u00e2ncia de sua preserva\u00e7\u00e3o<br \/>\n2. identifica\u00e7\u00e3o dos diferentes usos da \u00e1gua no cotidiano<br \/>\n3. conscientiza\u00e7\u00e3o sobre o uso sustent\u00e1vel e inteligente da \u00e1gua<br \/>\n4. apresenta\u00e7\u00e3o do papel fundamental do ser humano nas solu\u00e7\u00f5es e problemas relacionados \u00e0 \u00e1gua e desenvolver a imagina\u00e7\u00e3o, capacidade de abstra\u00e7\u00e3o e interpreta\u00e7\u00e3o do p\u00fablico.<\/p>\n<p><strong>VAGAS DISPON\u00cdVEIS<br \/>\n<\/strong>20<\/p>\n<p><strong>DURA\u00c7\u00c3O<br \/>\n<\/strong>4 encontros<\/p>\n","protected":false},"excerpt":{"rendered":"<p>PROPOSTA Apresentar aos estudantes do ensino m\u00e9dio e t\u00e9cnico, por meio de quatro atividades experimentais espec\u00edficas, os seguintes temas: 1. [&hellip;]<\/p>\n","protected":false},"author":1,"featured_media":0,"parent":0,"menu_order":9,"comment_status":"closed","ping_status":"closed","template":"","meta":{"footnotes":""},"_links":{"self":[{"href":"https:\/\/www.unisantos.br\/educacaocientifica\/wp-json\/wp\/v2\/pages\/266"}],"collection":[{"href":"https:\/\/www.unisantos.br\/educacaocientifica\/wp-json\/wp\/v2\/pages"}],"about":[{"href":"https:\/\/www.unisantos.br\/educacaocientifica\/wp-json\/wp\/v2\/types\/page"}],"author":[{"embeddable":true,"href":"https:\/\/www.unisantos.br\/educacaocientifica\/wp-json\/wp\/v2\/users\/1"}],"replies":[{"embeddable":true,"href":"https:\/\/www.unisantos.br\/educacaocientifica\/wp-json\/wp\/v2\/comments?post=266"}],"version-history":[{"count":2,"href":"https:\/\/www.unisantos.br\/educacaocientifica\/wp-json\/wp\/v2\/pages\/266\/revisions"}],"predecessor-version":[{"id":327,"href":"https:\/\/www.unisantos.br\/educacaocientifica\/wp-json\/wp\/v2\/pages\/266\/revisions\/327"}],"wp:attachment":[{"href":"https:\/\/www.unisantos.br\/educacaocientifica\/wp-json\/wp\/v2\/media?parent=266"}],"curies":[{"name":"wp","href":"https:\/\/api.w.org\/{rel}","templated":true}]}}