{"id":264,"date":"2023-08-14T12:12:04","date_gmt":"2023-08-14T15:12:04","guid":{"rendered":"https:\/\/www.unisantos.br\/educacaocientifica\/?page_id=264"},"modified":"2023-08-15T11:38:02","modified_gmt":"2023-08-15T14:38:02","slug":"subprograma-producao-audiovisual","status":"publish","type":"page","link":"https:\/\/www.unisantos.br\/educacaocientifica\/subprograma-producao-audiovisual\/","title":{"rendered":"Produ\u00e7\u00e3o Audiovisual"},"content":{"rendered":"<p><strong>PROPOSTA<br \/>\n<\/strong>Prop\u00f5e a articula\u00e7\u00e3o entre as compet\u00eancias comunica\u00e7\u00e3o, cultura digital e pr\u00e1ticas diversificadas da produ\u00e7\u00e3o art\u00edstico-cultural previstas na BNCC, por meio da cria\u00e7\u00e3o, roteiriza\u00e7\u00e3o e produ\u00e7\u00e3o de cena de conte\u00fado metalingu\u00edstico (sobre cinema), visando publica\u00e7\u00e3o na plataforma Tik-Tok, com v\u00eddeo no formato vertical.<\/p>\n<p><strong>VAGAS DISPON\u00cdVEIS<br \/>\n<\/strong>20<\/p>\n<p><strong>DURA\u00c7\u00c3O<br \/>\n<\/strong>3 encontros<\/p>\n","protected":false},"excerpt":{"rendered":"<p>PROPOSTA Prop\u00f5e a articula\u00e7\u00e3o entre as compet\u00eancias comunica\u00e7\u00e3o, cultura digital e pr\u00e1ticas diversificadas da produ\u00e7\u00e3o art\u00edstico-cultural previstas na BNCC, por [&hellip;]<\/p>\n","protected":false},"author":1,"featured_media":0,"parent":0,"menu_order":8,"comment_status":"closed","ping_status":"closed","template":"","meta":{"footnotes":""},"_links":{"self":[{"href":"https:\/\/www.unisantos.br\/educacaocientifica\/wp-json\/wp\/v2\/pages\/264"}],"collection":[{"href":"https:\/\/www.unisantos.br\/educacaocientifica\/wp-json\/wp\/v2\/pages"}],"about":[{"href":"https:\/\/www.unisantos.br\/educacaocientifica\/wp-json\/wp\/v2\/types\/page"}],"author":[{"embeddable":true,"href":"https:\/\/www.unisantos.br\/educacaocientifica\/wp-json\/wp\/v2\/users\/1"}],"replies":[{"embeddable":true,"href":"https:\/\/www.unisantos.br\/educacaocientifica\/wp-json\/wp\/v2\/comments?post=264"}],"version-history":[{"count":2,"href":"https:\/\/www.unisantos.br\/educacaocientifica\/wp-json\/wp\/v2\/pages\/264\/revisions"}],"predecessor-version":[{"id":319,"href":"https:\/\/www.unisantos.br\/educacaocientifica\/wp-json\/wp\/v2\/pages\/264\/revisions\/319"}],"wp:attachment":[{"href":"https:\/\/www.unisantos.br\/educacaocientifica\/wp-json\/wp\/v2\/media?parent=264"}],"curies":[{"name":"wp","href":"https:\/\/api.w.org\/{rel}","templated":true}]}}