{"id":261,"date":"2023-08-14T12:09:21","date_gmt":"2023-08-14T15:09:21","guid":{"rendered":"https:\/\/www.unisantos.br\/educacaocientifica\/?page_id=261"},"modified":"2023-08-15T11:37:38","modified_gmt":"2023-08-15T14:37:38","slug":"subprograma-medicamentos-cosmeticos-pericia-voce-no-futuro","status":"publish","type":"page","link":"https:\/\/www.unisantos.br\/educacaocientifica\/subprograma-medicamentos-cosmeticos-pericia-voce-no-futuro\/","title":{"rendered":"Medicamentos, Cosm\u00e9ticos, Per\u00edcia: Voc\u00ea no Futuro!"},"content":{"rendered":"<p><strong>PROPOSTA<br \/>\n<\/strong>Conhecimento do corpo humano &#8211; entendendo os padr\u00f5es macrosc\u00f3picos atrav\u00e9s da anatomia e proporcionando o aprofundamento em aspectos microsc\u00f3picos por meio do estudo de estudos em laborat\u00f3rio de histologia (estudo dos tecidos) para justificar como as plantas medicinais e os medicamentos podem interagir com nosso corpo. Abordaremos a manipula\u00e7\u00e3o de medicamentos usados na sa\u00fade e est\u00e9tica com a\u00e7\u00e3o nos sistemas corporais, bem como a apresenta\u00e7\u00e3o da per\u00edcia criminal farmac\u00eautica para discuss\u00e3o dos efeitos t\u00f3xicos das plantas, ou dos medicamentos. Essas atividades pr\u00e1ticas s\u00e3o desenvolvidas em ambientes laboratoriais presenciais, e possibilitam uma experi\u00eancia para correla\u00e7\u00e3o do processo produtivo de medicamentos e sua correla\u00e7\u00e3o com o corpo humano.<\/p>\n<p><strong>VAGAS DISPON\u00cdVEIS<br \/>\n<\/strong>40<\/p>\n<p><strong>DURA\u00c7\u00c3O<br \/>\n<\/strong>4 encontros<\/p>\n","protected":false},"excerpt":{"rendered":"<p>PROPOSTA Conhecimento do corpo humano &#8211; entendendo os padr\u00f5es macrosc\u00f3picos atrav\u00e9s da anatomia e proporcionando o aprofundamento em aspectos microsc\u00f3picos [&hellip;]<\/p>\n","protected":false},"author":1,"featured_media":0,"parent":0,"menu_order":7,"comment_status":"closed","ping_status":"closed","template":"","meta":{"footnotes":""},"_links":{"self":[{"href":"https:\/\/www.unisantos.br\/educacaocientifica\/wp-json\/wp\/v2\/pages\/261"}],"collection":[{"href":"https:\/\/www.unisantos.br\/educacaocientifica\/wp-json\/wp\/v2\/pages"}],"about":[{"href":"https:\/\/www.unisantos.br\/educacaocientifica\/wp-json\/wp\/v2\/types\/page"}],"author":[{"embeddable":true,"href":"https:\/\/www.unisantos.br\/educacaocientifica\/wp-json\/wp\/v2\/users\/1"}],"replies":[{"embeddable":true,"href":"https:\/\/www.unisantos.br\/educacaocientifica\/wp-json\/wp\/v2\/comments?post=261"}],"version-history":[{"count":3,"href":"https:\/\/www.unisantos.br\/educacaocientifica\/wp-json\/wp\/v2\/pages\/261\/revisions"}],"predecessor-version":[{"id":317,"href":"https:\/\/www.unisantos.br\/educacaocientifica\/wp-json\/wp\/v2\/pages\/261\/revisions\/317"}],"wp:attachment":[{"href":"https:\/\/www.unisantos.br\/educacaocientifica\/wp-json\/wp\/v2\/media?parent=261"}],"curies":[{"name":"wp","href":"https:\/\/api.w.org\/{rel}","templated":true}]}}