{"id":259,"date":"2023-08-14T12:05:34","date_gmt":"2023-08-14T15:05:34","guid":{"rendered":"https:\/\/www.unisantos.br\/educacaocientifica\/?page_id=259"},"modified":"2023-08-15T11:37:16","modified_gmt":"2023-08-15T14:37:16","slug":"subprograma-linguagem-oral-auditiva-digital-producao-de-podcast","status":"publish","type":"page","link":"https:\/\/www.unisantos.br\/educacaocientifica\/subprograma-linguagem-oral-auditiva-digital-producao-de-podcast\/","title":{"rendered":"Linguagem Oral-Auditiva Digital: Produ\u00e7\u00e3o de Podcast"},"content":{"rendered":"<p><strong>PROPOSTA<br \/>\n<\/strong>Oficina de Linguagem voltada \u00e0 compreens\u00e3o dos mecanismos de produ\u00e7\u00e3o de podcasts, envolvendo a constru\u00e7\u00e3o linguagem oral-auditiva na constru\u00e7\u00e3o de um produto comunicacional bastante utilizado, valorizado e acess\u00edvel gratuitamente a todos. Esta proposta se enquadra no itiner\u00e1rio Linguagens e suas tecnologias.<\/p>\n<p><strong>VAGAS DISPON\u00cdVEIS<br \/>\n<\/strong>20<\/p>\n<p><strong>DURA\u00c7\u00c3O<br \/>\n<\/strong>4 encontros<\/p>\n","protected":false},"excerpt":{"rendered":"<p>PROPOSTA Oficina de Linguagem voltada \u00e0 compreens\u00e3o dos mecanismos de produ\u00e7\u00e3o de podcasts, envolvendo a constru\u00e7\u00e3o linguagem oral-auditiva na constru\u00e7\u00e3o [&hellip;]<\/p>\n","protected":false},"author":1,"featured_media":0,"parent":0,"menu_order":6,"comment_status":"closed","ping_status":"closed","template":"","meta":{"footnotes":""},"_links":{"self":[{"href":"https:\/\/www.unisantos.br\/educacaocientifica\/wp-json\/wp\/v2\/pages\/259"}],"collection":[{"href":"https:\/\/www.unisantos.br\/educacaocientifica\/wp-json\/wp\/v2\/pages"}],"about":[{"href":"https:\/\/www.unisantos.br\/educacaocientifica\/wp-json\/wp\/v2\/types\/page"}],"author":[{"embeddable":true,"href":"https:\/\/www.unisantos.br\/educacaocientifica\/wp-json\/wp\/v2\/users\/1"}],"replies":[{"embeddable":true,"href":"https:\/\/www.unisantos.br\/educacaocientifica\/wp-json\/wp\/v2\/comments?post=259"}],"version-history":[{"count":2,"href":"https:\/\/www.unisantos.br\/educacaocientifica\/wp-json\/wp\/v2\/pages\/259\/revisions"}],"predecessor-version":[{"id":316,"href":"https:\/\/www.unisantos.br\/educacaocientifica\/wp-json\/wp\/v2\/pages\/259\/revisions\/316"}],"wp:attachment":[{"href":"https:\/\/www.unisantos.br\/educacaocientifica\/wp-json\/wp\/v2\/media?parent=259"}],"curies":[{"name":"wp","href":"https:\/\/api.w.org\/{rel}","templated":true}]}}