{"id":257,"date":"2023-08-14T12:01:19","date_gmt":"2023-08-14T15:01:19","guid":{"rendered":"https:\/\/www.unisantos.br\/educacaocientifica\/?page_id=257"},"modified":"2023-08-15T11:36:54","modified_gmt":"2023-08-15T14:36:54","slug":"subprograma-laboratorio-de-modelos-estruturais","status":"publish","type":"page","link":"https:\/\/www.unisantos.br\/educacaocientifica\/subprograma-laboratorio-de-modelos-estruturais\/","title":{"rendered":"Laborat\u00f3rio de Modelos Estruturais"},"content":{"rendered":"<p><strong>PROPOSTA<\/strong><br \/>\nEstudar os fen\u00f4menos f\u00edsicos envolvidos nas estruturas das edifica\u00e7\u00f5es e desenvolver modelos que demonstrem os comportamentos estruturais. O subprograma \u00e9 composto por oficinas de modelos e maquetes, nas quais ser\u00e1 desenvolvida uma pesquisa de car\u00e1ter pr\u00e1tico e experimental, al\u00e9m de desenvolvidos modelos, o que possibilita o aprofundamento dos conhecimentos dos participantes na tem\u00e1tica.<\/p>\n<p><strong>VAGAS DISPON\u00cdVEIS<br \/>\n<\/strong>24<\/p>\n<p><strong>DURA\u00c7\u00c3O<br \/>\n<\/strong>4 encontros<\/p>\n","protected":false},"excerpt":{"rendered":"<p>PROPOSTA Estudar os fen\u00f4menos f\u00edsicos envolvidos nas estruturas das edifica\u00e7\u00f5es e desenvolver modelos que demonstrem os comportamentos estruturais. O subprograma [&hellip;]<\/p>\n","protected":false},"author":1,"featured_media":0,"parent":0,"menu_order":5,"comment_status":"closed","ping_status":"closed","template":"","meta":{"footnotes":""},"_links":{"self":[{"href":"https:\/\/www.unisantos.br\/educacaocientifica\/wp-json\/wp\/v2\/pages\/257"}],"collection":[{"href":"https:\/\/www.unisantos.br\/educacaocientifica\/wp-json\/wp\/v2\/pages"}],"about":[{"href":"https:\/\/www.unisantos.br\/educacaocientifica\/wp-json\/wp\/v2\/types\/page"}],"author":[{"embeddable":true,"href":"https:\/\/www.unisantos.br\/educacaocientifica\/wp-json\/wp\/v2\/users\/1"}],"replies":[{"embeddable":true,"href":"https:\/\/www.unisantos.br\/educacaocientifica\/wp-json\/wp\/v2\/comments?post=257"}],"version-history":[{"count":2,"href":"https:\/\/www.unisantos.br\/educacaocientifica\/wp-json\/wp\/v2\/pages\/257\/revisions"}],"predecessor-version":[{"id":315,"href":"https:\/\/www.unisantos.br\/educacaocientifica\/wp-json\/wp\/v2\/pages\/257\/revisions\/315"}],"wp:attachment":[{"href":"https:\/\/www.unisantos.br\/educacaocientifica\/wp-json\/wp\/v2\/media?parent=257"}],"curies":[{"name":"wp","href":"https:\/\/api.w.org\/{rel}","templated":true}]}}