{"id":253,"date":"2023-08-14T11:54:50","date_gmt":"2023-08-14T14:54:50","guid":{"rendered":"https:\/\/www.unisantos.br\/educacaocientifica\/?page_id=253"},"modified":"2023-08-16T10:24:24","modified_gmt":"2023-08-16T13:24:24","slug":"subprograma-gastronomia-tecnologia-e-inovacao-em-cozinhas-profissionais","status":"publish","type":"page","link":"https:\/\/www.unisantos.br\/educacaocientifica\/subprograma-gastronomia-tecnologia-e-inovacao-em-cozinhas-profissionais\/","title":{"rendered":"Gastronomia, Tecnologia e Inova\u00e7\u00e3o em Cozinhas Profissionais"},"content":{"rendered":"<p><strong>PROPOSTA<br \/>\n<\/strong>Possibilitar ao estudante do ensino m\u00e9dio e t\u00e9cnico a possibilidade de vivenciar experi\u00eancias pr\u00e1ticas ao lado de chefs renomados, mestres e doutores, no Centro de Tecnologia e Inova\u00e7\u00e3o em Gastronomia e Nutri\u00e7\u00e3o (CTIGN) da UNISANTOS, tendo acesso a alta tecnologia no setor gastron\u00f4mico.<\/p>\n<p><strong>VAGAS DISPON\u00cdVEIS<br \/>\n<\/strong>30<\/p>\n<p><strong>DURA\u00c7\u00c3O<br \/>\n<\/strong>2 encontros<\/p>\n","protected":false},"excerpt":{"rendered":"<p>PROPOSTA Possibilitar ao estudante do ensino m\u00e9dio e t\u00e9cnico a possibilidade de vivenciar experi\u00eancias pr\u00e1ticas ao lado de chefs renomados, [&hellip;]<\/p>\n","protected":false},"author":1,"featured_media":0,"parent":0,"menu_order":3,"comment_status":"closed","ping_status":"closed","template":"","meta":{"footnotes":""},"_links":{"self":[{"href":"https:\/\/www.unisantos.br\/educacaocientifica\/wp-json\/wp\/v2\/pages\/253"}],"collection":[{"href":"https:\/\/www.unisantos.br\/educacaocientifica\/wp-json\/wp\/v2\/pages"}],"about":[{"href":"https:\/\/www.unisantos.br\/educacaocientifica\/wp-json\/wp\/v2\/types\/page"}],"author":[{"embeddable":true,"href":"https:\/\/www.unisantos.br\/educacaocientifica\/wp-json\/wp\/v2\/users\/1"}],"replies":[{"embeddable":true,"href":"https:\/\/www.unisantos.br\/educacaocientifica\/wp-json\/wp\/v2\/comments?post=253"}],"version-history":[{"count":11,"href":"https:\/\/www.unisantos.br\/educacaocientifica\/wp-json\/wp\/v2\/pages\/253\/revisions"}],"predecessor-version":[{"id":354,"href":"https:\/\/www.unisantos.br\/educacaocientifica\/wp-json\/wp\/v2\/pages\/253\/revisions\/354"}],"wp:attachment":[{"href":"https:\/\/www.unisantos.br\/educacaocientifica\/wp-json\/wp\/v2\/media?parent=253"}],"curies":[{"name":"wp","href":"https:\/\/api.w.org\/{rel}","templated":true}]}}