{"id":249,"date":"2023-08-14T11:51:04","date_gmt":"2023-08-14T14:51:04","guid":{"rendered":"https:\/\/www.unisantos.br\/educacaocientifica\/?page_id=249"},"modified":"2023-08-15T11:31:57","modified_gmt":"2023-08-15T14:31:57","slug":"subprograma-diversidade-biologica-e-conservacao-ambiental","status":"publish","type":"page","link":"https:\/\/www.unisantos.br\/educacaocientifica\/subprograma-diversidade-biologica-e-conservacao-ambiental\/","title":{"rendered":"Diversidade Biol\u00f3gica e Conserva\u00e7\u00e3o Ambiental"},"content":{"rendered":"<p><strong>PROPOSTA<\/strong><br \/>\nPercorrer uma trilha experimental que gere aos estudantes aproxima\u00e7\u00e3o com os Reinos dos Seres Vivos pelos exemplos de esp\u00e9cimes, com destaque \u00e0 diversidade biol\u00f3gica e a seus nichos ecol\u00f3gicos. Al\u00e9m disso, trazer no\u00e7\u00f5es de ferramentas utilizadas como indicadores de sa\u00fade ambiental.<\/p>\n<p><strong>VAGAS DISPON\u00cdVEIS<\/strong><br \/>\n30<\/p>\n<p><strong>DURA\u00c7\u00c3O<\/strong><br \/>\n4 encontros<\/p>\n","protected":false},"excerpt":{"rendered":"<p>PROPOSTA Percorrer uma trilha experimental que gere aos estudantes aproxima\u00e7\u00e3o com os Reinos dos Seres Vivos pelos exemplos de esp\u00e9cimes, [&hellip;]<\/p>\n","protected":false},"author":1,"featured_media":0,"parent":0,"menu_order":2,"comment_status":"closed","ping_status":"closed","template":"","meta":{"footnotes":""},"_links":{"self":[{"href":"https:\/\/www.unisantos.br\/educacaocientifica\/wp-json\/wp\/v2\/pages\/249"}],"collection":[{"href":"https:\/\/www.unisantos.br\/educacaocientifica\/wp-json\/wp\/v2\/pages"}],"about":[{"href":"https:\/\/www.unisantos.br\/educacaocientifica\/wp-json\/wp\/v2\/types\/page"}],"author":[{"embeddable":true,"href":"https:\/\/www.unisantos.br\/educacaocientifica\/wp-json\/wp\/v2\/users\/1"}],"replies":[{"embeddable":true,"href":"https:\/\/www.unisantos.br\/educacaocientifica\/wp-json\/wp\/v2\/comments?post=249"}],"version-history":[{"count":2,"href":"https:\/\/www.unisantos.br\/educacaocientifica\/wp-json\/wp\/v2\/pages\/249\/revisions"}],"predecessor-version":[{"id":311,"href":"https:\/\/www.unisantos.br\/educacaocientifica\/wp-json\/wp\/v2\/pages\/249\/revisions\/311"}],"wp:attachment":[{"href":"https:\/\/www.unisantos.br\/educacaocientifica\/wp-json\/wp\/v2\/media?parent=249"}],"curies":[{"name":"wp","href":"https:\/\/api.w.org\/{rel}","templated":true}]}}