{"id":246,"date":"2023-08-14T11:47:24","date_gmt":"2023-08-14T14:47:24","guid":{"rendered":"https:\/\/www.unisantos.br\/educacaocientifica\/?page_id=246"},"modified":"2023-08-15T11:39:23","modified_gmt":"2023-08-15T14:39:23","slug":"subprograma-c-s-i","status":"publish","type":"page","link":"https:\/\/www.unisantos.br\/educacaocientifica\/subprograma-c-s-i\/","title":{"rendered":"C.S.I."},"content":{"rendered":"<p><strong>PROPOSTA<\/strong><br \/>\nC.S.I., como o seriado\u00a0<em>Crime Scene Investigation<\/em>, apresenta o cotidiano de peritos que resolvem casos analisando os locais onde foram cometidos crimes. \u00c9 ofertado como um desafio a ser solucionado por meio da utiliza\u00e7\u00e3o dos conceitos e habilidades de investiga\u00e7\u00e3o cient\u00edfica de cada participante. O grupo ser\u00e1 orientado por peritos da Superintend\u00eancia da Pol\u00edcia T\u00e9cnico-Cient\u00edfica do Estado de SP e por pesquisadores da UNISANTOS. Ao t\u00e9rmino das atividades, espera-se que os estudantes sejam capazes de desvendar o crime.<\/p>\n<p><strong>VAGAS DISPON\u00cdVEIS<br \/>\n<\/strong>30<\/p>\n<p><strong>DURA\u00c7\u00c3O<br \/>\n<\/strong>3 encontros<\/p>\n","protected":false},"excerpt":{"rendered":"<p>PROPOSTA C.S.I., como o seriado\u00a0Crime Scene Investigation, apresenta o cotidiano de peritos que resolvem casos analisando os locais onde foram [&hellip;]<\/p>\n","protected":false},"author":1,"featured_media":0,"parent":0,"menu_order":1,"comment_status":"closed","ping_status":"closed","template":"","meta":{"footnotes":""},"_links":{"self":[{"href":"https:\/\/www.unisantos.br\/educacaocientifica\/wp-json\/wp\/v2\/pages\/246"}],"collection":[{"href":"https:\/\/www.unisantos.br\/educacaocientifica\/wp-json\/wp\/v2\/pages"}],"about":[{"href":"https:\/\/www.unisantos.br\/educacaocientifica\/wp-json\/wp\/v2\/types\/page"}],"author":[{"embeddable":true,"href":"https:\/\/www.unisantos.br\/educacaocientifica\/wp-json\/wp\/v2\/users\/1"}],"replies":[{"embeddable":true,"href":"https:\/\/www.unisantos.br\/educacaocientifica\/wp-json\/wp\/v2\/comments?post=246"}],"version-history":[{"count":2,"href":"https:\/\/www.unisantos.br\/educacaocientifica\/wp-json\/wp\/v2\/pages\/246\/revisions"}],"predecessor-version":[{"id":322,"href":"https:\/\/www.unisantos.br\/educacaocientifica\/wp-json\/wp\/v2\/pages\/246\/revisions\/322"}],"wp:attachment":[{"href":"https:\/\/www.unisantos.br\/educacaocientifica\/wp-json\/wp\/v2\/media?parent=246"}],"curies":[{"name":"wp","href":"https:\/\/api.w.org\/{rel}","templated":true}]}}