{"id":243,"date":"2023-08-14T11:10:47","date_gmt":"2023-08-14T14:10:47","guid":{"rendered":"https:\/\/www.unisantos.br\/educacaocientifica\/?page_id=243"},"modified":"2023-08-16T10:23:54","modified_gmt":"2023-08-16T13:23:54","slug":"subprograma-1-alimentacao-e-saude","status":"publish","type":"page","link":"https:\/\/www.unisantos.br\/educacaocientifica\/subprograma-1-alimentacao-e-saude\/","title":{"rendered":"Alimenta\u00e7\u00e3o e Sa\u00fade"},"content":{"rendered":"<p><strong>PROPOSTA<br \/>\n<\/strong>Por meio de oficinas, atividades pr\u00e1ticas e exposi\u00e7\u00e3o de conte\u00fado t\u00e9cnico-cient\u00edfico, os estudantes ter\u00e3o conhecimento do corpo humano, dos alimentos e seus nutrientes, bem como suas a\u00e7\u00f5es na composi\u00e7\u00e3o corporal, al\u00e9m de terem subs\u00eddios b\u00e1sicos na elabora\u00e7\u00e3o de uma alimenta\u00e7\u00e3o saud\u00e1vel, baseada no Guia Alimentar para a Popula\u00e7\u00e3o Brasileira.<\/p>\n<p><strong>VAGAS DISPON\u00cdVEIS<br \/>\n<\/strong>30<\/p>\n<p><strong>DURA\u00c7\u00c3O<br \/>\n<\/strong>4 encontros<\/p>\n","protected":false},"excerpt":{"rendered":"<p>PROPOSTA Por meio de oficinas, atividades pr\u00e1ticas e exposi\u00e7\u00e3o de conte\u00fado t\u00e9cnico-cient\u00edfico, os estudantes ter\u00e3o conhecimento do corpo humano, dos [&hellip;]<\/p>\n","protected":false},"author":1,"featured_media":0,"parent":0,"menu_order":0,"comment_status":"closed","ping_status":"closed","template":"","meta":{"footnotes":""},"_links":{"self":[{"href":"https:\/\/www.unisantos.br\/educacaocientifica\/wp-json\/wp\/v2\/pages\/243"}],"collection":[{"href":"https:\/\/www.unisantos.br\/educacaocientifica\/wp-json\/wp\/v2\/pages"}],"about":[{"href":"https:\/\/www.unisantos.br\/educacaocientifica\/wp-json\/wp\/v2\/types\/page"}],"author":[{"embeddable":true,"href":"https:\/\/www.unisantos.br\/educacaocientifica\/wp-json\/wp\/v2\/users\/1"}],"replies":[{"embeddable":true,"href":"https:\/\/www.unisantos.br\/educacaocientifica\/wp-json\/wp\/v2\/comments?post=243"}],"version-history":[{"count":4,"href":"https:\/\/www.unisantos.br\/educacaocientifica\/wp-json\/wp\/v2\/pages\/243\/revisions"}],"predecessor-version":[{"id":353,"href":"https:\/\/www.unisantos.br\/educacaocientifica\/wp-json\/wp\/v2\/pages\/243\/revisions\/353"}],"wp:attachment":[{"href":"https:\/\/www.unisantos.br\/educacaocientifica\/wp-json\/wp\/v2\/media?parent=243"}],"curies":[{"name":"wp","href":"https:\/\/api.w.org\/{rel}","templated":true}]}}