{"id":185,"date":"2020-06-24T16:44:24","date_gmt":"2020-06-24T19:44:24","guid":{"rendered":"https:\/\/www.unisantos.br\/educacaocientifica\/?page_id=185"},"modified":"2023-08-16T10:36:07","modified_gmt":"2023-08-16T13:36:07","slug":"mostra-cientifica","status":"publish","type":"page","link":"https:\/\/www.unisantos.br\/educacaocientifica\/mostra-cientifica\/","title":{"rendered":"Mostra Cient\u00edfica"},"content":{"rendered":"<p>A Mostra Cient\u00edfica da Universidade Cat\u00f3lica de Santos \u00e9 a oportunidade de estudantes que est\u00e3o cursando o ensino m\u00e9dio mostrarem seu talento. A ideia \u00e9 promover a integra\u00e7\u00e3o desses alunos ao ambiente acad\u00eamico universit\u00e1rio, atrav\u00e9s de inclus\u00e3o social pelo desenvolvimento da ci\u00eancia e tecnologia.<\/p>\n<p><strong>Objetivos<\/strong><br \/>\n\u2022 Promover a\u00e7\u00f5es que estimulem a curiosidade cient\u00edfica, o racioc\u00ednio cient\u00edfico e a capacidade de inova\u00e7\u00e3o, dentro de especificidades locais;<br \/>\n\u2022 Induzir o compartilhamento de conhecimento cient\u00edfico e tecnol\u00f3gico por meio da participa\u00e7\u00e3o de escolas da RMBS;<br \/>\n\u2022 Valorizar pr\u00e1ticas interdisciplinares que promovem a intera\u00e7\u00e3o com o p\u00fablico;<br \/>\n\u2022 Estimular as culturas indagativa e cr\u00edtica, pr\u00f3prias da ci\u00eancia, por meio de estudo de problemas e quest\u00f5es da sociedade, tanto de estudantes quanto de professores e do p\u00fablico participante;<br \/>\n\u2022 Promover a forma\u00e7\u00e3o de estudantes do ensino m\u00e9dio e t\u00e9cnico no m\u00e9todo cient\u00edfico e em outros conceitos fundamentais para a produ\u00e7\u00e3o do conhecimento cient\u00edfico.<\/p>\n","protected":false},"excerpt":{"rendered":"<p>A Mostra Cient\u00edfica da Universidade Cat\u00f3lica de Santos \u00e9 a oportunidade de estudantes que est\u00e3o cursando o ensino m\u00e9dio mostrarem [&hellip;]<\/p>\n","protected":false},"author":1,"featured_media":0,"parent":0,"menu_order":0,"comment_status":"closed","ping_status":"closed","template":"menu-lateral.php","meta":{"footnotes":""},"_links":{"self":[{"href":"https:\/\/www.unisantos.br\/educacaocientifica\/wp-json\/wp\/v2\/pages\/185"}],"collection":[{"href":"https:\/\/www.unisantos.br\/educacaocientifica\/wp-json\/wp\/v2\/pages"}],"about":[{"href":"https:\/\/www.unisantos.br\/educacaocientifica\/wp-json\/wp\/v2\/types\/page"}],"author":[{"embeddable":true,"href":"https:\/\/www.unisantos.br\/educacaocientifica\/wp-json\/wp\/v2\/users\/1"}],"replies":[{"embeddable":true,"href":"https:\/\/www.unisantos.br\/educacaocientifica\/wp-json\/wp\/v2\/comments?post=185"}],"version-history":[{"count":7,"href":"https:\/\/www.unisantos.br\/educacaocientifica\/wp-json\/wp\/v2\/pages\/185\/revisions"}],"predecessor-version":[{"id":360,"href":"https:\/\/www.unisantos.br\/educacaocientifica\/wp-json\/wp\/v2\/pages\/185\/revisions\/360"}],"wp:attachment":[{"href":"https:\/\/www.unisantos.br\/educacaocientifica\/wp-json\/wp\/v2\/media?parent=185"}],"curies":[{"name":"wp","href":"https:\/\/api.w.org\/{rel}","templated":true}]}}