{"id":177,"date":"2020-04-27T02:15:39","date_gmt":"2020-04-27T05:15:39","guid":{"rendered":"https:\/\/www.unisantos.br\/educacaocientifica\/?page_id=177"},"modified":"2020-06-24T17:19:03","modified_gmt":"2020-06-24T20:19:03","slug":"informacoes","status":"publish","type":"page","link":"https:\/\/www.unisantos.br\/educacaocientifica\/graduacao\/informacoes\/","title":{"rendered":"Programa de Bolsas e Volunt\u00e1rios"},"content":{"rendered":"<p>O Programa Institucional de Bolsas de Inicia\u00e7\u00e3o Cient\u00edfica e Inicia\u00e7\u00e3o em Desenvolvimento Tecnol\u00f3gico e Inova\u00e7\u00e3o da Universidade Cat\u00f3lica de Santos e o Programa Institucional de Volunt\u00e1rios de Inicia\u00e7\u00e3o Cient\u00edfica e Inicia\u00e7\u00e3o em Desenvolvimento Tecnol\u00f3gico e Inova\u00e7\u00e3o s\u00e3o voltados ao desenvolvimento do pensamento cient\u00edfico e tecnol\u00f3gico dos estudantes participantes.<\/p>\n<p>Ambos apresentam como p\u00fablico-alvo estudantes de gradua\u00e7\u00e3o matriculados at\u00e9 o antepen\u00faltimo semestre do curso, que devem demonstrar seu interesse aos docentes da Universidade Cat\u00f3lica de Santos envolvidos com o desenvolvimento de pesquisa.<\/p>\n<p>O Subprojeto de Pesquisa de IC ou de IT \u00e9 o documento espec\u00edfico elaborado pelo docente (orientador) para um estudante (orientando) desenvolver ao longo de um ano sob sua supervis\u00e3o e orienta\u00e7\u00e3o.<\/p>\n<p>O Subprojeto de Pesquisa de IC ou IT deve estar vinculado a Projeto de Pesquisa em vig\u00eancia do docente que esteja cadastrado, ou em processo de cadastro no IPECI.<\/p>\n<p>&nbsp;<\/p>\n","protected":false},"excerpt":{"rendered":"<p>O Programa Institucional de Bolsas de Inicia\u00e7\u00e3o Cient\u00edfica e Inicia\u00e7\u00e3o em Desenvolvimento Tecnol\u00f3gico e Inova\u00e7\u00e3o da Universidade Cat\u00f3lica de Santos [&hellip;]<\/p>\n","protected":false},"author":1,"featured_media":0,"parent":12,"menu_order":0,"comment_status":"closed","ping_status":"closed","template":"menu-lateral.php","meta":{"footnotes":""},"_links":{"self":[{"href":"https:\/\/www.unisantos.br\/educacaocientifica\/wp-json\/wp\/v2\/pages\/177"}],"collection":[{"href":"https:\/\/www.unisantos.br\/educacaocientifica\/wp-json\/wp\/v2\/pages"}],"about":[{"href":"https:\/\/www.unisantos.br\/educacaocientifica\/wp-json\/wp\/v2\/types\/page"}],"author":[{"embeddable":true,"href":"https:\/\/www.unisantos.br\/educacaocientifica\/wp-json\/wp\/v2\/users\/1"}],"replies":[{"embeddable":true,"href":"https:\/\/www.unisantos.br\/educacaocientifica\/wp-json\/wp\/v2\/comments?post=177"}],"version-history":[{"count":4,"href":"https:\/\/www.unisantos.br\/educacaocientifica\/wp-json\/wp\/v2\/pages\/177\/revisions"}],"predecessor-version":[{"id":181,"href":"https:\/\/www.unisantos.br\/educacaocientifica\/wp-json\/wp\/v2\/pages\/177\/revisions\/181"}],"up":[{"embeddable":true,"href":"https:\/\/www.unisantos.br\/educacaocientifica\/wp-json\/wp\/v2\/pages\/12"}],"wp:attachment":[{"href":"https:\/\/www.unisantos.br\/educacaocientifica\/wp-json\/wp\/v2\/media?parent=177"}],"curies":[{"name":"wp","href":"https:\/\/api.w.org\/{rel}","templated":true}]}}