{"id":12,"date":"2018-03-07T15:08:40","date_gmt":"2018-03-07T18:08:40","guid":{"rendered":"https:\/\/www.unisantos.br\/educacaocientifica\/?page_id=12"},"modified":"2023-08-15T11:49:17","modified_gmt":"2023-08-15T14:49:17","slug":"graduacao","status":"publish","type":"page","link":"https:\/\/www.unisantos.br\/educacaocientifica\/graduacao\/","title":{"rendered":"Gradua\u00e7\u00e3o"},"content":{"rendered":"<p>Saia na frente. Conhe\u00e7a o maior projeto de pesquisa acad\u00eamica da regi\u00e3o.<\/p>\n","protected":false},"excerpt":{"rendered":"<p>Saia na frente. Conhe\u00e7a o maior projeto de pesquisa acad\u00eamica da regi\u00e3o.<\/p>\n","protected":false},"author":1,"featured_media":0,"parent":0,"menu_order":0,"comment_status":"closed","ping_status":"closed","template":"nivel.php","meta":{"footnotes":""},"_links":{"self":[{"href":"https:\/\/www.unisantos.br\/educacaocientifica\/wp-json\/wp\/v2\/pages\/12"}],"collection":[{"href":"https:\/\/www.unisantos.br\/educacaocientifica\/wp-json\/wp\/v2\/pages"}],"about":[{"href":"https:\/\/www.unisantos.br\/educacaocientifica\/wp-json\/wp\/v2\/types\/page"}],"author":[{"embeddable":true,"href":"https:\/\/www.unisantos.br\/educacaocientifica\/wp-json\/wp\/v2\/users\/1"}],"replies":[{"embeddable":true,"href":"https:\/\/www.unisantos.br\/educacaocientifica\/wp-json\/wp\/v2\/comments?post=12"}],"version-history":[{"count":12,"href":"https:\/\/www.unisantos.br\/educacaocientifica\/wp-json\/wp\/v2\/pages\/12\/revisions"}],"predecessor-version":[{"id":329,"href":"https:\/\/www.unisantos.br\/educacaocientifica\/wp-json\/wp\/v2\/pages\/12\/revisions\/329"}],"wp:attachment":[{"href":"https:\/\/www.unisantos.br\/educacaocientifica\/wp-json\/wp\/v2\/media?parent=12"}],"curies":[{"name":"wp","href":"https:\/\/api.w.org\/{rel}","templated":true}]}}