{"id":11,"date":"2018-03-07T15:08:34","date_gmt":"2018-03-07T18:08:34","guid":{"rendered":"https:\/\/www.unisantos.br\/educacaocientifica\/?page_id=11"},"modified":"2023-09-18T10:34:39","modified_gmt":"2023-09-18T13:34:39","slug":"ensino-medio","status":"publish","type":"page","link":"https:\/\/www.unisantos.br\/educacaocientifica\/ensino-medio\/","title":{"rendered":"Ensino M\u00e9dio\/T\u00e9cnico"},"content":{"rendered":"<p>A educa\u00e7\u00e3o cient\u00edfica \u00e9 um passo s\u00f3lido na forma\u00e7\u00e3o de um indiv\u00edduo, um passo que deve ser compartilhado por pais e familiares que, orgulhosamente, d\u00e3o suporte ao jovem em sua trajet\u00f3ria. Na Universidade Cat\u00f3lica de Santos h\u00e1 espa\u00e7o para que o estudante do Ensino M\u00e9dio, das escolas conveniadas, inicie neste universo ao lado de docentes-pesquisadores empenhados em contribuir para essa forma\u00e7\u00e3o diferenciada.<\/p>\n","protected":false},"excerpt":{"rendered":"<p>A educa\u00e7\u00e3o cient\u00edfica \u00e9 um passo s\u00f3lido na forma\u00e7\u00e3o de um indiv\u00edduo, um passo que deve ser compartilhado por pais [&hellip;]<\/p>\n","protected":false},"author":1,"featured_media":0,"parent":0,"menu_order":0,"comment_status":"closed","ping_status":"closed","template":"nivel.php","meta":{"footnotes":""},"_links":{"self":[{"href":"https:\/\/www.unisantos.br\/educacaocientifica\/wp-json\/wp\/v2\/pages\/11"}],"collection":[{"href":"https:\/\/www.unisantos.br\/educacaocientifica\/wp-json\/wp\/v2\/pages"}],"about":[{"href":"https:\/\/www.unisantos.br\/educacaocientifica\/wp-json\/wp\/v2\/types\/page"}],"author":[{"embeddable":true,"href":"https:\/\/www.unisantos.br\/educacaocientifica\/wp-json\/wp\/v2\/users\/1"}],"replies":[{"embeddable":true,"href":"https:\/\/www.unisantos.br\/educacaocientifica\/wp-json\/wp\/v2\/comments?post=11"}],"version-history":[{"count":37,"href":"https:\/\/www.unisantos.br\/educacaocientifica\/wp-json\/wp\/v2\/pages\/11\/revisions"}],"predecessor-version":[{"id":396,"href":"https:\/\/www.unisantos.br\/educacaocientifica\/wp-json\/wp\/v2\/pages\/11\/revisions\/396"}],"wp:attachment":[{"href":"https:\/\/www.unisantos.br\/educacaocientifica\/wp-json\/wp\/v2\/media?parent=11"}],"curies":[{"name":"wp","href":"https:\/\/api.w.org\/{rel}","templated":true}]}}