{"id":70,"date":"2018-04-23T10:43:02","date_gmt":"2018-04-23T13:43:02","guid":{"rendered":"http:\/\/www.unisantos.br\/congressodireitoambiental2025\/?page_id=70"},"modified":"2025-10-07T13:59:43","modified_gmt":"2025-10-07T16:59:43","slug":"comissao-organizadora","status":"publish","type":"page","link":"https:\/\/www.unisantos.br\/congressodireitoambiental2025\/comissao-organizadora\/","title":{"rendered":"Comiss\u00e3o Organizadora"},"content":{"rendered":"\n<p class=\"has-black-color has-text-color has-link-color wp-elements-c6bd1713416f66484c000e81fd1a61a4\"><strong>Presidente:<\/strong> Prof. Dr. Fernando Cardozo Fernandes Rei &#8211; Universidade Cat\u00f3lica de Santos<\/p>\n\n\n\n<p class=\"has-black-color has-text-color has-link-color wp-elements-8de8af8aad06cb63f68b822b7598ef44\">Prof. Dr. Alcindo Fernandes&nbsp; Gon\u00e7alves &#8211; Universidade Cat\u00f3lica de Santos<\/p>\n\n\n\n<p class=\"has-black-color has-text-color has-link-color wp-elements-afb2968b1f23b2e9378fad1a67a4d02d\">Prof\u00aa. Dr\u00aa. Mariangela Mendes Lomba Pinho &#8211; Universidade Cat\u00f3lica de Santos<\/p>\n\n\n\n<p class=\"has-black-color has-text-color has-link-color wp-elements-db2a841ee97489da307384ba01412bb7\">Prof. Dr. Daniel Freire e Almeida &#8211; Universidade Cat\u00f3lica de Santos<\/p>\n\n\n\n<p class=\"has-black-color has-text-color has-link-color wp-elements-f25e7e0ea30e8526d06ac756d7ab156f\">Prof\u00aa. Dr\u00aa. Liliana Lyra Jubilut &#8211; Universidade Cat\u00f3lica de Santos<\/p>\n\n\n\n<p class=\"has-black-color has-text-color has-link-color wp-elements-f7f4e48ae88ee5ec193a2c6db0624a59\">Prof\u00aa. Dr\u00aa. Gabriela Soldano Garcez &#8211; Universidade Cat\u00f3lica de Santos<\/p>\n\n\n\n<p class=\"has-black-color has-text-color has-link-color wp-elements-0625229e083dc6ed20ec74a274be4690\">Prof. Dr. Flavio Miranda Ribeiro &#8211; Universidade Cat\u00f3lica de Santos<\/p>\n\n\n\n<p class=\"has-black-color has-text-color has-link-color wp-elements-292e70442c84469f434135c4c86aa19f\">Prof\u00aa. Dr\u00aa. Lilian Matheus Marques &#8211; Universidade Cat\u00f3lica de Santos<\/p>\n","protected":false},"excerpt":{"rendered":"<p>Presidente: Prof. Dr. Fernando Cardozo Fernandes Rei &#8211; Universidade Cat\u00f3lica de Santos Prof. Dr. Alcindo Fernandes&nbsp; Gon\u00e7alves &#8211; Universidade Cat\u00f3lica de Santos Prof\u00aa. Dr\u00aa. Mariangela Mendes Lomba Pinho &#8211; Universidade Cat\u00f3lica de Santos Prof. Dr. Daniel Freire e Almeida &#8211; Universidade Cat\u00f3lica de Santos Prof\u00aa. Dr\u00aa. Liliana Lyra Jubilut &#8211; Universidade Cat\u00f3lica de Santos Prof\u00aa. [&hellip;]<\/p>\n","protected":false},"author":1,"featured_media":0,"parent":0,"menu_order":0,"comment_status":"closed","ping_status":"closed","template":"","meta":{"footnotes":""},"_links":{"self":[{"href":"https:\/\/www.unisantos.br\/congressodireitoambiental2025\/wp-json\/wp\/v2\/pages\/70"}],"collection":[{"href":"https:\/\/www.unisantos.br\/congressodireitoambiental2025\/wp-json\/wp\/v2\/pages"}],"about":[{"href":"https:\/\/www.unisantos.br\/congressodireitoambiental2025\/wp-json\/wp\/v2\/types\/page"}],"author":[{"embeddable":true,"href":"https:\/\/www.unisantos.br\/congressodireitoambiental2025\/wp-json\/wp\/v2\/users\/1"}],"replies":[{"embeddable":true,"href":"https:\/\/www.unisantos.br\/congressodireitoambiental2025\/wp-json\/wp\/v2\/comments?post=70"}],"version-history":[{"count":22,"href":"https:\/\/www.unisantos.br\/congressodireitoambiental2025\/wp-json\/wp\/v2\/pages\/70\/revisions"}],"predecessor-version":[{"id":687,"href":"https:\/\/www.unisantos.br\/congressodireitoambiental2025\/wp-json\/wp\/v2\/pages\/70\/revisions\/687"}],"wp:attachment":[{"href":"https:\/\/www.unisantos.br\/congressodireitoambiental2025\/wp-json\/wp\/v2\/media?parent=70"}],"curies":[{"name":"wp","href":"https:\/\/api.w.org\/{rel}","templated":true}]}}