{"id":44,"date":"2018-03-23T15:41:38","date_gmt":"2018-03-23T18:41:38","guid":{"rendered":"http:\/\/www.unisantos.br\/congressodireitoambiental2025\/?page_id=44"},"modified":"2025-09-18T16:07:06","modified_gmt":"2025-09-18T19:07:06","slug":"conselho-cientifico","status":"publish","type":"page","link":"https:\/\/www.unisantos.br\/congressodireitoambiental2025\/conselho-cientifico\/","title":{"rendered":"Comit\u00ea Cient\u00edfico"},"content":{"rendered":"\n<p class=\"has-black-color has-text-color has-link-color wp-elements-170bf52b6cd054c165878805a886b137\"><strong>Presidente:<\/strong>&nbsp;Prof. Dr. Flavio Miranda Ribeiro &#8211; Universidade Cat\u00f3lica de Santos<\/p>\n\n\n\n<p class=\"has-black-color has-text-color has-link-color wp-elements-925139fbb7b79b8211921e786248c861\">Prof. Dr. Alcindo Fernandes Gon\u00e7alves &#8211; Universidade Cat\u00f3lica de Santos<\/p>\n\n\n\n<p class=\"has-black-color has-text-color has-link-color wp-elements-467c256510cb0daa3cc74c06afa1f67b\">Prof. Dr. Alf\u00e9sio Lu\u00eds Ferreira Braga &#8211; Universidade Cat\u00f3lica de Santos<\/p>\n\n\n\n<p class=\"has-black-color has-text-color has-link-color wp-elements-2f76ee5533939016b1148edc43de3ed9\">Prof\u00aa. Dr\u00aa. Angela Limongi Alvarenga Alves &#8211; Universidade Cat\u00f3lica de Santos<\/p>\n\n\n\n<p class=\"has-black-color has-text-color has-link-color wp-elements-18707f86739e6ef0fcf6af0e62cc4970\">Prof. Dr. Cleber Ferr\u00e3o Corr\u00eaa &#8211; Universidade Cat\u00f3lica de Santos<\/p>\n\n\n\n<p class=\"has-black-color has-text-color has-link-color wp-elements-db2a841ee97489da307384ba01412bb7\">Prof. Dr. Daniel Freire e Almeida &#8211; Universidade Cat\u00f3lica de Santos<\/p>\n\n\n\n<p class=\"has-black-color has-text-color has-link-color wp-elements-830971259468be5ed64676c582b54381\">Prof\u00aa. Dr\u00aa. Deise Marcelino da Silva &#8211; Faculdades Londrina<\/p>\n\n\n\n<p class=\"has-black-color has-text-color has-link-color wp-elements-f771dd3eb613a6988e21f45d7f866363\">Prof. Dr. Diego de Melo Conti &#8211; Pontif\u00edcia Universidade Cat\u00f3lica de Campinas<\/p>\n\n\n\n<p class=\"has-black-color has-text-color has-link-color wp-elements-d72fbdb6044c84735dd7b5cb68bac47d\">Prof. Dr. Edson Saleme &#8211; Universidade Cat\u00f3lica de Santos<\/p>\n\n\n\n<p class=\"has-black-color has-text-color has-link-color wp-elements-331721ba6dd643f551b4062ffe5a26e8\">Prof\u00aa. Dr\u00aa. Fabiana Barbi &#8211; Universidade de S\u00e3o Paulo<\/p>\n\n\n\n<p class=\"has-black-color has-text-color has-link-color wp-elements-2d21e327f600aa9cc9fc2a97a4b7f447\">Prof. Dr. Fabiano Louren\u00e7o de Menezes &#8211; Universidade Cat\u00f3lica de Santos<\/p>\n\n\n\n<p class=\"has-black-color has-text-color has-link-color wp-elements-4782bd0faf3f71cf6f442178de8e7dc8\">Prof. Dr. Fernando Cardozo Fernandes Rei &#8211; Universidade Cat\u00f3lica de Santos<\/p>\n\n\n\n<p class=\"has-black-color has-text-color has-link-color wp-elements-f7f4e48ae88ee5ec193a2c6db0624a59\">Prof\u00aa. Dr\u00aa. Gabriela Soldano Garcez &#8211; Universidade Cat\u00f3lica de Santos<\/p>\n\n\n\n<p class=\"has-black-color has-text-color has-link-color wp-elements-e07684379a0b03f536113284ca971bc0\">Prof\u00aa. Dr\u00aa. Gisela Umbuzeiro &#8211; Universidade Estadual de Campinas<\/p>\n\n\n\n<p class=\"has-black-color has-text-color has-link-color wp-elements-4bf4d1c01730e9ad75ac85ef943de207\">Prof\u00aa. Dr\u00aa. Joana Setzer &#8211; London School of Economics<\/p>\n\n\n\n<p class=\"has-black-color has-text-color has-link-color wp-elements-7921494fc8ef33539d5a4126c9fdcc68\">Prof. Dr. Jorge Luis Jurado Perez &#8211; Universidad Externado de Colombia<\/p>\n\n\n\n<p class=\"has-black-color has-text-color has-link-color wp-elements-e8def6aa8b83b91ea6e93b969e35bc38\">Prof. Dr. Marcos Renato Schahin &#8211; Centro Univ Armando \u00c1lvares Penteado<\/p>\n\n\n\n<p class=\"has-black-color has-text-color has-link-color wp-elements-d15d5f1d199f4be33e5ba0858b148506\">Prof\u00aa. Dr\u00aa. Mayara Longuini Ferrari &#8211; Centro Univ Armando \u00c1lvares Penteado<\/p>\n\n\n\n<p class=\"has-black-color has-text-color has-link-color wp-elements-e912034c3732dbef8fdb4611db260a19\">Prof\u00aa. Dr\u00aa. Marcia Brand\u00e3o Carneiro Le\u00e3o &#8211; Instituto Nacional de Pesquisas Oce\u00e2nicas (INPO)<\/p>\n\n\n\n<p class=\"has-black-color has-text-color has-link-color wp-elements-586934cb845d51a477445e1a51d4eb4d\">Prof\u00aa. Dr\u00aa. Maria Pilar Dopazo Fraguio &#8211; Universidad Complutense de Madrid<\/p>\n\n\n\n<p class=\"has-black-color has-text-color has-link-color wp-elements-afb2968b1f23b2e9378fad1a67a4d02d\">Prof\u00aa. Dr\u00aa. Mariangela Mendes Lomba Pinho &#8211; Universidade Cat\u00f3lica de Santos<\/p>\n\n\n\n<p class=\"has-black-color has-text-color has-link-color wp-elements-76b4f25d288657eef7b62be60511b2b6\">Prof. Dr. Rafael Costa Freiria &#8211; Universidade Estadual de Campinas<\/p>\n\n\n\n<p class=\"has-black-color has-text-color has-link-color wp-elements-f0e132bb3e303ad81d880897f6a42e97\">Prof. Dr. Rhiani Salamon Reis Riani &#8211; Faculdade de Direito de Vit\u00f3ria<\/p>\n\n\n\n<p class=\"has-black-color has-text-color has-link-color wp-elements-abc09fe8c2f3caa19bdf98bf8d200df1\">Prof. Dr. Rodrigo Fernandes More &#8211; Universidade Federal de S\u00e3o Paulo<\/p>\n\n\n\n<p class=\"has-black-color has-text-color has-link-color wp-elements-ada39bab4e28621f6b823cc68f8b5252\">Prof. Dr. Salem Nasser &#8211; Funda\u00e7\u00e3o Get\u00falio Vargas<\/p>\n","protected":false},"excerpt":{"rendered":"<p>Presidente:&nbsp;Prof. Dr. Flavio Miranda Ribeiro &#8211; Universidade Cat\u00f3lica de Santos Prof. Dr. Alcindo Fernandes Gon\u00e7alves &#8211; Universidade Cat\u00f3lica de Santos Prof. Dr. Alf\u00e9sio Lu\u00eds Ferreira Braga &#8211; Universidade Cat\u00f3lica de Santos Prof\u00aa. Dr\u00aa. Angela Limongi Alvarenga Alves &#8211; Universidade Cat\u00f3lica de Santos Prof. Dr. Cleber Ferr\u00e3o Corr\u00eaa &#8211; Universidade Cat\u00f3lica de Santos Prof. Dr. Daniel [&hellip;]<\/p>\n","protected":false},"author":1,"featured_media":0,"parent":0,"menu_order":0,"comment_status":"closed","ping_status":"closed","template":"","meta":{"footnotes":""},"_links":{"self":[{"href":"https:\/\/www.unisantos.br\/congressodireitoambiental2025\/wp-json\/wp\/v2\/pages\/44"}],"collection":[{"href":"https:\/\/www.unisantos.br\/congressodireitoambiental2025\/wp-json\/wp\/v2\/pages"}],"about":[{"href":"https:\/\/www.unisantos.br\/congressodireitoambiental2025\/wp-json\/wp\/v2\/types\/page"}],"author":[{"embeddable":true,"href":"https:\/\/www.unisantos.br\/congressodireitoambiental2025\/wp-json\/wp\/v2\/users\/1"}],"replies":[{"embeddable":true,"href":"https:\/\/www.unisantos.br\/congressodireitoambiental2025\/wp-json\/wp\/v2\/comments?post=44"}],"version-history":[{"count":25,"href":"https:\/\/www.unisantos.br\/congressodireitoambiental2025\/wp-json\/wp\/v2\/pages\/44\/revisions"}],"predecessor-version":[{"id":646,"href":"https:\/\/www.unisantos.br\/congressodireitoambiental2025\/wp-json\/wp\/v2\/pages\/44\/revisions\/646"}],"wp:attachment":[{"href":"https:\/\/www.unisantos.br\/congressodireitoambiental2025\/wp-json\/wp\/v2\/media?parent=44"}],"curies":[{"name":"wp","href":"https:\/\/api.w.org\/{rel}","templated":true}]}}