{"id":38,"date":"2018-03-23T15:29:51","date_gmt":"2018-03-23T18:29:51","guid":{"rendered":"http:\/\/www.unisantos.br\/congressodireitoambiental2025\/?page_id=38"},"modified":"2025-10-22T13:53:29","modified_gmt":"2025-10-22T16:53:29","slug":"programacao","status":"publish","type":"page","link":"https:\/\/www.unisantos.br\/congressodireitoambiental2025\/programacao\/","title":{"rendered":"Programa\u00e7\u00e3o"},"content":{"rendered":"\n<p class=\"has-black-color has-text-color has-link-color wp-elements-6f0384d02fa24bc5430c603fb027e80b\"><strong><strong>EMERG\u00caNCIAS NA GOVERNAN\u00c7A AMBIENTAL GLOBAL<\/strong><\/strong><\/p>\n\n\n\n<p class=\"has-black-color has-text-color has-link-color wp-elements-95563479ec8ecd89e2fd8e78a11001bd\"><strong>DE 22 A 24<\/strong> <strong>DE OUTUBRO DE 2025<\/strong> <\/p>\n\n\n\n<p class=\"has-black-color has-text-color has-link-color wp-elements-07f9d735422c8f0af54efff9ce9172e2\"><strong>22 DE OUTUBRO \u2013 QUARTA-FEIRA&nbsp;<\/strong><strong><\/strong><\/p>\n\n\n\n<p class=\"has-black-color has-text-color has-link-color wp-elements-4cddc98997c3a1d69695be65a2643f80\"><strong>19h-21h30<\/strong><br>Confer\u00eancia de Abertura:<strong>\u00a0 Emerg\u00eancias na Governan\u00e7a Clim\u00e1tica Global<\/strong><br>Conferencistas<strong>:<\/strong> <br><strong>Dom Joaquim Giovani Mol Guimar\u00e3es<\/strong> &#8211; Bispo Coadjutor da Diocese de Santos<br><strong>Prof. Dr. Oswaldo Lucon<\/strong> &#8211; Autor e coordenador l\u00edder no Painel Intergovernamental sobre Mudan\u00e7as Clim\u00e1ticas (IPCC). Ex-coordenador do F\u00f3rum Brasileiro de Mudan\u00e7as Clim\u00e1ticas<br>Local<strong>: Audit\u00f3rio 201<\/strong><\/p>\n\n\n\n<p class=\"has-black-color has-text-color has-link-color wp-elements-edf86329f7e4b3f13337e2367d6d3b23\"><strong>23 DE OUTUBRO \u2013 QUINTA-FEIRA<\/strong><strong><\/strong><\/p>\n\n\n\n<p class=\"has-black-color has-text-color has-link-color wp-elements-14ab2f90d576d956e76755314ff406fe\"><strong>9h-10h30<\/strong><br>Mesa-Redonda<strong>: Governan\u00e7a Global e as Futuras Gera\u00e7\u00f5es: o pacto para o futuro<\/strong><br>Participantes:<br><strong>Prof\u00aa. Dr\u00aa. Thais Menezes<\/strong> &#8211;\u00a0 Oficial de Prote\u00e7\u00e3o do Alto Comissariado das Na\u00e7\u00f5es Unidas para Refugiados<br><strong>Prof\u00aa. Dr\u00aa. Ana Cl\u00e1udia Ruy Cardia Atchabahia<\/strong> &#8211; S\u00f3cia do Escrit\u00f3rio Ruy Cardia Atchabahian Advocacia. Conselheira da Academia\u00a0 Latino-Americana de Direitos Humanos e Empresas, vinculada \u00e0 Global Business and Human Rights Scholars Association. Membro da <em>International Law Association <\/em>&#8211; Ramo Brasileiro. Membro da Comiss\u00e3o de Direitos Humanos da OAB\/SP.\u00a0<br><strong>Isabel Soares da Costa<\/strong> &#8211; Chefe da Divis\u00e3o de Assuntos Humanit\u00e1rios e Migra\u00e7\u00f5es do Minist\u00e9rio das Rela\u00e7\u00f5es Exteriores (MRE)<br>Mediadora: <strong><strong>Prof\u00aa. Dr\u00aa. <\/strong>Liliana Lyra Jubilut<\/strong> &#8211; Professora do Programa de P\u00f3s-Gradua\u00e7\u00e3o <em>Stricto Sensu<\/em> em Direito Ambiental Internacional da Universidade Cat\u00f3lica de Santos. Coordenadora da C\u00e1tedra S\u00e9rgio Vieira de Mello da UniSantos, em parceria com a ACNUR, e do Grupo de Pesquisa <em>Direitos Humanos e Vulnerabilidades<\/em>. Copresidente da Global Academic Interdisciplinary Network (GAIN),<em> <\/em>do Pacto Global para Refugiados. Membro do Migration Research Leaders\u2019 Syndicate, da Organiza\u00e7\u00e3o Internacional para Migra\u00e7\u00f5es (OIM).<br>Local: <strong>Audit\u00f3rio 201\u00a0<\/strong><\/p>\n\n\n\n<p class=\"has-black-color has-text-color has-link-color wp-elements-6ade240cbb31632461b9cab87438b324\"><strong>10h45-12h<\/strong><br>Mesa-redonda: <strong>Polui\u00e7\u00e3o por Pl\u00e1sticos: Estrat\u00e9gias para um Plano Regional Lixo no Mar para a Regi\u00e3o Metropolitana da Baixada Santista e Plen\u00e1ria do Condesb &#8211; Conselho de Desenvolvimento da RMBS para Aprova\u00e7\u00e3o do Plano<br><\/strong>Participantes:<strong><br>Prof\u00aa. Me. Gabriela Gomes Prol Otero<\/strong> &#8211; Ge\u00f3grafa, com mestrado em Ci\u00eancia Ambiental. Atua com pol\u00edticas p\u00fablicas, governan\u00e7a e sustentabilidade em diversos pa\u00edses. Coordena o Blue Keepers &#8211; Guardi\u00f5es Azuis, projeto ligado \u00e0 plataforma A\u00e7\u00e3o pela \u00c1gua e Oceano, do Pacto Global das Na\u00e7\u00f5es Unidas.<br><strong>Prof. Dr. Cl\u00e9ber Ferr\u00e3o Corr\u00eaa<\/strong> &#8211; Diretor do Centro de Ci\u00eancias Exatas, Arquitetura e Engenharia e pesquisador do Programa de <em>Stricto Sensu<\/em> em Direito Ambiental Internacional na \u00e1rea de concentra\u00e7\u00e3o Direito Ambiental e Sustentabilidade. Integrante do Banco de Avaliadores BASIs do INEP &#8211; MEC. L\u00edder do grupo de pesquisa <em>LABSUS (Laborat\u00f3rio de Sustentabilidade)<\/em>.\u00a0<br><strong>Fernando Almeida Poyatos<\/strong> &#8211; Secret\u00e1rio do Meio Ambiente de Bertioga e coordenador da C\u00e2mara Tem\u00e1tica de Meio Ambiente e Saneamento do Condesb<br><strong>Prof\u00aa. Me. Vit\u00f3ria Milanez Scrich<\/strong> &#8211; Assessora da Diretoria de Res\u00edduos S\u00f3lidos &#8211; Secretaria de Meio Ambiente, Infraestrutura e Log\u00edstica do Estado de S\u00e3o Paulo<br><strong>Mediador:<\/strong> <strong>Prof. Dr. Fl\u00e1vio de Miranda Ribeiro<\/strong> &#8211; Professor do Programa <em>Stricto Sensu<\/em> em Direito Ambiental Internacional da Universidade Cat\u00f3lica de Santos. Consultor da OECD para Economia Circular e membro do Grupo de Especialistas em Consumo e Produ\u00e7\u00e3o Sustent\u00e1veis das Na\u00e7\u00f5es Unidas. Conselheiro do Pacto Global da ONU para Economia Circular e embaixador do Movimento Circular.<br>Local: <strong>Audit\u00f3rio 201\u00a0<\/strong><\/p>\n\n\n\n<p class=\"has-black-color has-text-color has-link-color wp-elements-e6cc13fa21a16b5c2ae9c6b3c9f63c3b\"><strong>14h-17h30<\/strong><br><strong>Apresenta\u00e7\u00e3o de artigos aprovados<\/strong><br>Mesa I<br>Coordenadora: <strong>Prof\u00aa. Dr\u00aa. \u00c2ngela Limongi Alvarenga Alves<\/strong> &#8211; Professora do Programa de P\u00f3s-Gradua\u00e7\u00e3o <em>Stricto Sensu<\/em> em Direito Ambiental Internacional da Universidade Cat\u00f3lica de Santos.<br>Local: Sala de Audi\u00eancia 1<br>Mesa II<br>Coordenador: <strong>Prof. Dr. Sylvio Alarcon Estrada Junior<\/strong> &#8211; Professor do Programa de P\u00f3s-Gradua\u00e7\u00e3o <em>Stricto Sensu<\/em> em Direito Ambiental Internacional da Universidade Cat\u00f3lica de Santos.<br>Local: <strong>Sala 313<\/strong><br>Mesa III<br>Coordenadora: <strong><strong>Prof\u00aa. Dr\u00aa. <\/strong>Mari\u00e2ngela Mendes Lomba Pinho<\/strong> &#8211; Professora do Programa de P\u00f3s-Gradua\u00e7\u00e3o <em>Stricto Sensu<\/em> em Direito Ambiental Internacional da Universidade Cat\u00f3lica de Santos.<br>Local: Sala de Audi\u00eancia 2<\/p>\n\n\n\n<p class=\"has-black-color has-text-color has-link-color wp-elements-3b281bdba9fda8c5ccfd19fbe9dc2601\"><strong>18h30-20h<\/strong><br>Mesa-redonda: <strong>Justi\u00e7a Clim\u00e1tica e Vulnerabilidades<\/strong><br>Participantes:<br><strong>Prof. Dr. Cl\u00e1udio Jos\u00e9 Franzolin<\/strong> &#8211; Professor pesquisador do Programa de P\u00f3s-Gradua\u00e7\u00e3o Stricto Sensu em Direito da PUC Campinas. Membro da rede internacional de pesquisa Direitos Humanos, Diversidade e Vulnerabilidades.<br><strong>Prof. Dr. Pedro Henrique Campello Torres<\/strong> &#8211; Professor da \u00e1rea de Ci\u00eancias Ambientais no Departamento de Ci\u00eancias Biol\u00f3gicas e Ambientais do Instituto de Bioci\u00eancias, na UNESP Campus Litoral Paulista. Professor colaborador no Programa de P\u00f3s Gradua\u00e7\u00e3o em Ci\u00eancias Ambientais na USP. Faz parte do Grupo de Pesquisa Meio Ambiente e Sociedade &#8211; IEA-USP, do INCLINE <em>(INterdisciplinary ClLmate INvestigation cEnter<\/em>) e do GovAmb\/IEE\/USP.<br><strong>Prof. Dr. Tiago Fensterseifer<\/strong> &#8211; Doutor em Direito P\u00fablico pela PUC\/RS, com pesquisa de doutorado-sandu\u00edche junto ao Instituto Max-Planck de Direito Social e Pol\u00edtica Social (MPISOC) de Munique, na Alemanha. Estudos em n\u00edvel de p\u00f3s-doutorado junto ao MPISOC (2018-2019) e \u00e0 UFSC (2023-2025). Professor-Visitante (2021-2022) do Mestrado e Doutorado do PPGD da Universidade de Fortaleza (Unifor).<br>Mediadora: <strong>Prof\u00aa. Dr\u00aa. Gabriela Soldano Garcez<\/strong> &#8211; Professora do Programa de P\u00f3s-Gradua\u00e7\u00e3o <em>Stricto Sensu<\/em> em Direito Ambiental Internacional. Professora em n\u00edvel de Gradua\u00e7\u00e3o da Universidade Cat\u00f3lica de Santos (Direito e Rela\u00e7\u00f5es Internacionais).&nbsp; Conciliadora capacitada pela Escola Paulista de Magistratura. Mediadora da C\u00e2mara de Media\u00e7\u00e3o de Conflitos Socioambientais, Urban\u00edsticos e Empresariais, da UniSantos. Pesquisadora dos Grupos de Pesquisa: 1) Direitos Humanos e vulnerabilidades; 2) Direito e Pol\u00edtica Espacial e, 3) Energia e Meio Ambiente . Vice Coordenadora da C\u00e1tedra S\u00e9rgio Vieira de Melo.<br>Local: <strong>Audit\u00f3rio 201&nbsp;<\/strong><\/p>\n\n\n\n<p class=\"has-black-color has-text-color has-link-color wp-elements-d4cefcce12c619ba9469b262a2946797\"><strong>20h30-22h<\/strong><br>Mesa-redonda: <strong>COP 30: o que esperar?<\/strong><br>Participantes:<strong><br><strong>Prof\u00aa. <\/strong>Me. Alice de Moraes Amorim Vogas<\/strong> &#8211; Graduada em Direito pela Universidade do Estado do Rio de Janeiro (2008) e mestrado em Pol\u00edtica Econ\u00f4mica de Desenvolvimento Tardio pela <em>London School of Economics and Political Sciences <\/em>(LSE). J\u00e1 atuou como coordenadora de programa de pol\u00edtica clim\u00e1tica e engajamento no iCS &#8211; Instituto Clima e Sociedade.&nbsp;<br><strong>Prof\u00aa. Me. Caroline Dihil Prolo<\/strong> &#8211; Advogada especializada em direito das mudan\u00e7as clim\u00e1ticas. S\u00f3cia da gestora de investimentos fama re.capital. Cofundadora e presidente do Conselho da LACLIMA (<em>Latin American Climate Lawyers Initiative for Mobilising Action<\/em>). Consultora do International <em>Institute for Environment and Development<\/em> (IIED) e assessora jur\u00eddica do grupo dos <em>Least Developed Countries<\/em> nas negocia\u00e7\u00f5es da Conven\u00e7\u00e3o-Quadro das Na\u00e7\u00f5es Unidas sobre Mudan\u00e7a do Clima (UNFCCC).&nbsp;<br><strong>Prof\u00aa. Dr\u00aa. Ana Maria de Oliveira Nusdeo<\/strong> &#8211; Doutora e livre-docente pela FDUSP.&nbsp; Tornou-se professora da SanFran em 1997, sendo desde ent\u00e3o respons\u00e1vel pela sub\u00e1rea de Direito Ambiental, disciplina que ministra na Faculdade de Direito, na Escola Polit\u00e9cnica e no Instituto de Qu\u00edmica. Foi professora na Universidade Cat\u00f3lica de Santos de 2001 a 2010.<br><strong>Mediadora: Prof\u00aa. Dr\u00aa. Caroline Medeiros Rocha Frasson<\/strong> &#8211; Professora do Programa de P\u00f3s-Gradua\u00e7\u00e3o <em>Stricto Sensu<\/em> em Direito Ambiental Internacional. Especialista em Pol\u00edtica Clim\u00e1tica. Diretora de Pol\u00edticas P\u00fablicas e Engajamento na LACLIMA, co-fundadora da Rede Amaz\u00f4nidas pelo Clima e consultora no <em>Oxford Sustainable Law Programme..<\/em><br>Local: <strong>Audit\u00f3rio 201&nbsp;<\/strong><\/p>\n\n\n\n<p class=\"has-black-color has-text-color has-link-color wp-elements-df979e4dbcb882978606d7253359f1b5\"><strong>24 DE OUTUBRO &#8211; SEXTA-FEIRA&nbsp;<\/strong><strong><\/strong><\/p>\n\n\n\n<p class=\"has-black-color has-text-color has-link-color wp-elements-14dfb4182a8cb8623e907c4fc0c6f649\"><strong>09h-10h30<\/strong><br>Mesa-redonda: <strong>Emerg\u00eancias no Multilateralismo: riscos de desglobaliza\u00e7\u00e3o?<\/strong><br>Participantes:<strong><br>Prof. Dr. Daniel Rei Coronato<\/strong> &#8211; Professor Adjunto de Rela\u00e7\u00f5es Internacionais na Universidade Federal do Rio Grande e pesquisador do LAHPIS \u2013 Laborat\u00f3rio de Hist\u00f3ria da Pol\u00edtica Internacional Sul-Americana.<br>Foi professor da Universidade Cat\u00f3lica de Santos de 2017-2023.<br><strong>Prof. Dr. Murilo Gaspardo<\/strong> &#8211; Professor Associado do Departamento de Direito P\u00fablico e do Programa de P\u00f3s-gradua\u00e7\u00e3o em Direito da Universidade Estadual Paulista &#8220;J\u00falio de Mesquita Filho&#8221; (UNESP) &#8211; Campus de Franca &#8211; SP, onde tamb\u00e9m \u00e9 Vice-diretor da Faculdade de Ci\u00eancias Humanas e Sociais (FCHS).<br>Mediadora:<strong><br>Prof\u00aa. Dr\u00aa. \u00c2ngela Limongi Alvarenga Alves<\/strong> &#8211; Professora do Programa de P\u00f3s-Gradua\u00e7\u00e3o <em>Stricto Sensu<\/em> em Direito Ambiental Internacional da Universidade Cat\u00f3lica de Santos.&nbsp; Professora Respons\u00e1vel pelos Projetos de Pesquisa <em>Estado e (Des)Globaliza\u00e7\u00e3o<\/em> e <em>(Trans)forma\u00e7\u00f5es na ordem global e Direitos Humanos<\/em>.<br>Local: <strong>Audit\u00f3rio 201&nbsp;<\/strong><\/p>\n\n\n\n<p class=\"has-black-color has-text-color has-link-color wp-elements-1db621155b0714d15df21f2040f01071\"><strong>11h-12h30<br><\/strong>Mesa-redonda: <strong>Governan\u00e7a Ambiental Global e o Papel da Intelig\u00eancia Artificial<\/strong><br><strong>Participantes:<\/strong><br><strong>Prof. Dr. Daniel Freire e Almeida<\/strong> &#8211; Professor do Programa de P\u00f3s-Gradua\u00e7\u00e3o <em>Stricto Sensu<\/em> em Direito Ambiental Internacional da Universidade Cat\u00f3lica de Santos.&nbsp;&nbsp;<br><strong>Prof. Dr. Mateus Catalani Pirani<\/strong> &#8211; Coordenador Adjunto do Curso de Direito.&nbsp; Professor Supervisor do Juizado Especial Civil &#8211; N\u00facleo UniSantos, participa ativamente como Membro e Vice-Coordenador do Comit\u00ea de \u00c9tica e Pesquisa com Seres Humanos.&nbsp;<br><strong>Prof\u00aa. Dr\u00aa. Monica Steffen Guise<\/strong> &#8211; Professora da Escola de Direito de S\u00e3o Paulo da Funda\u00e7\u00e3o Get\u00falio Vargas, Profissional de Pol\u00edticas P\u00fablicas &#8211; Regula\u00e7\u00e3o de Tecnologia.<br><strong>Mediador: Prof. Dr. Alcindo Fernandes Gon\u00e7alves<\/strong> &#8211; Coordenador do Programa de P\u00f3s-Gradua\u00e7\u00e3o Stricto Sensu em Direito da Universidade Cat\u00f3lica de Santos. Tem experi\u00eancia na \u00e1rea de Ci\u00eancia Pol\u00edtica e Direito Ambiental Internacional, atuando principalmente nos seguintes temas: Governan\u00e7a Global e Regimes Internacionais, Estudos Eleitorais e Comportamento Pol\u00edtico, Institui\u00e7\u00f5es Pol\u00edticas, Direitos Humanos, Desenvolvimento Regional e Meio Ambiente<br>Local: <strong>Audit\u00f3rio 201<\/strong><\/p>\n\n\n\n<p class=\"has-black-color has-text-color has-link-color wp-elements-9ac00cf961d1ea846fe5a532228b76c6\"><\/p>\n","protected":false},"excerpt":{"rendered":"<p>EMERG\u00caNCIAS NA GOVERNAN\u00c7A AMBIENTAL GLOBAL DE 22 A 24 DE OUTUBRO DE 2025 22 DE OUTUBRO \u2013 QUARTA-FEIRA&nbsp; 19h-21h30Confer\u00eancia de Abertura:\u00a0 Emerg\u00eancias na Governan\u00e7a Clim\u00e1tica GlobalConferencistas: Dom Joaquim Giovani Mol Guimar\u00e3es &#8211; Bispo Coadjutor da Diocese de SantosProf. Dr. Oswaldo Lucon &#8211; Autor e coordenador l\u00edder no Painel Intergovernamental sobre Mudan\u00e7as Clim\u00e1ticas (IPCC). Ex-coordenador do [&hellip;]<\/p>\n","protected":false},"author":1,"featured_media":0,"parent":0,"menu_order":0,"comment_status":"closed","ping_status":"closed","template":"","meta":{"footnotes":""},"_links":{"self":[{"href":"https:\/\/www.unisantos.br\/congressodireitoambiental2025\/wp-json\/wp\/v2\/pages\/38"}],"collection":[{"href":"https:\/\/www.unisantos.br\/congressodireitoambiental2025\/wp-json\/wp\/v2\/pages"}],"about":[{"href":"https:\/\/www.unisantos.br\/congressodireitoambiental2025\/wp-json\/wp\/v2\/types\/page"}],"author":[{"embeddable":true,"href":"https:\/\/www.unisantos.br\/congressodireitoambiental2025\/wp-json\/wp\/v2\/users\/1"}],"replies":[{"embeddable":true,"href":"https:\/\/www.unisantos.br\/congressodireitoambiental2025\/wp-json\/wp\/v2\/comments?post=38"}],"version-history":[{"count":187,"href":"https:\/\/www.unisantos.br\/congressodireitoambiental2025\/wp-json\/wp\/v2\/pages\/38\/revisions"}],"predecessor-version":[{"id":707,"href":"https:\/\/www.unisantos.br\/congressodireitoambiental2025\/wp-json\/wp\/v2\/pages\/38\/revisions\/707"}],"wp:attachment":[{"href":"https:\/\/www.unisantos.br\/congressodireitoambiental2025\/wp-json\/wp\/v2\/media?parent=38"}],"curies":[{"name":"wp","href":"https:\/\/api.w.org\/{rel}","templated":true}]}}