{"id":44,"date":"2018-03-23T15:41:38","date_gmt":"2018-03-23T18:41:38","guid":{"rendered":"https:\/\/www.unisantos.br\/congressodireitoambiental2023\/?page_id=44"},"modified":"2025-04-08T12:16:09","modified_gmt":"2025-04-08T15:16:09","slug":"conselho-cientifico","status":"publish","type":"page","link":"https:\/\/www.unisantos.br\/congressodireitoambiental2023\/conselho-cientifico\/","title":{"rendered":"Conselho Cient\u00edfico"},"content":{"rendered":"<p><strong>Presidente:<\/strong> Prof. Dr. Flavio Miranda Ribeiro &#8211; Universidade Cat\u00f3lica de Santos<\/p>\n<p>Prof. Dr. Alcindo Fernandes Gon\u00e7alves &#8211; Universidade Cat\u00f3lica de Santos<\/p>\n<p>Prof. Dr. Alf\u00e9sio Lu\u00eds Ferreira Braga &#8211; Universidade Cat\u00f3lica de Santos<\/p>\n<p>Prof\u00aa. Dr\u00aa. Angela Limongi Alvarenga Alves &#8211; Universidade Cat\u00f3lica de Santos<\/p>\n<p>Prof. Dr. Cleber Ferr\u00e3o Corr\u00eaa &#8211; Universidade Cat\u00f3lica de Santos<\/p>\n<p>Prof. Dr. Daniel Freire e Almeida &#8211; Universidade Cat\u00f3lica de Santos<\/p>\n<p>Prof\u00aa. Dr\u00aa. Deise Marcelino da Silva &#8211; Faculdades Londrina<\/p>\n<p>Prof\u00aa. Dr\u00aa. Fabiana Barbi &#8211; Universidade de S\u00e3o Paulo<\/p>\n<p>Prof. Dr. Fabiano Louren\u00e7o de Menezes &#8211; Universidade Cat\u00f3lica de Santos<\/p>\n<p>Prof. Dr. Fernando Cardozo Fernandes Rei &#8211; Universidade Cat\u00f3lica de Santos<\/p>\n<p>Prof\u00aa. Dr\u00aa. Gabriela Soldano Garcez &#8211; Universidade Cat\u00f3lica de Santos<\/p>\n<p>Prof\u00aa. Dr\u00aa. Gisela Umbuzeiro &#8211; Universidade Estadual de Campinas<\/p>\n<p>Prof\u00aa. Dr\u00aa. Joana Setzer &#8211; London School of Economics<\/p>\n<p>Prof. Dr. Jorge Luis Jurado Perez &#8211; Universidad Externado de Colombia<\/p>\n<p>Prof. Dr. Marcos Renato Schahin &#8211; Centro Univ Armando \u00c1lvares Penteado<\/p>\n<p>Prof\u00aa. Dr\u00aa. Mayara Longuini Ferrari &#8211; Centro Univ Armando \u00c1lvares Penteado<\/p>\n<p>Prof\u00aa. Dr\u00aa. Marcia Brand\u00e3o Carneiro Le\u00e3o &#8211; Instituto Nacional de Pesquisas Oce\u00e2nicas (INPO)<\/p>\n<p>Prof\u00aa. Dr\u00aa. Maria Pilar Dopazo Fraguio &#8211; Universidad Complutense de Madrid<\/p>\n<p>Prof\u00aa. Dr\u00aa. Mariangela Lomba Mendes Pinho &#8211; Universidade Cat\u00f3lica de Santos<\/p>\n<p>Prof. Dr. Rafael Costa Freiria &#8211; Universidade Estadual de Campinas<\/p>\n<p>Prof. Dr. Rhiani Salamon Reis Riani &#8211; Faculdade de Direito de Vit\u00f3ria<\/p>\n<p>Prof. Dr. Rodrigo Fernandes More &#8211; Universidade Federal de S\u00e3o Paulo<\/p>\n<p>Prof. Dr. Salem Nasser &#8211; Funda\u00e7\u00e3o Get\u00falio Vargas<\/p>\n<p>&nbsp;<\/p>\n","protected":false},"excerpt":{"rendered":"<p>Presidente: Prof. Dr. Flavio Miranda Ribeiro &#8211; Universidade Cat\u00f3lica de Santos Prof. Dr. Alcindo Fernandes Gon\u00e7alves &#8211; Universidade Cat\u00f3lica de Santos Prof. Dr. Alf\u00e9sio Lu\u00eds Ferreira Braga &#8211; Universidade Cat\u00f3lica de Santos Prof\u00aa. Dr\u00aa. Angela Limongi Alvarenga Alves &#8211; Universidade Cat\u00f3lica de Santos Prof. Dr. Cleber Ferr\u00e3o Corr\u00eaa &#8211; Universidade Cat\u00f3lica de Santos Prof. Dr. [&hellip;]<\/p>\n","protected":false},"author":1,"featured_media":0,"parent":0,"menu_order":0,"comment_status":"closed","ping_status":"closed","template":"","meta":{"footnotes":""},"_links":{"self":[{"href":"https:\/\/www.unisantos.br\/congressodireitoambiental2023\/wp-json\/wp\/v2\/pages\/44"}],"collection":[{"href":"https:\/\/www.unisantos.br\/congressodireitoambiental2023\/wp-json\/wp\/v2\/pages"}],"about":[{"href":"https:\/\/www.unisantos.br\/congressodireitoambiental2023\/wp-json\/wp\/v2\/types\/page"}],"author":[{"embeddable":true,"href":"https:\/\/www.unisantos.br\/congressodireitoambiental2023\/wp-json\/wp\/v2\/users\/1"}],"replies":[{"embeddable":true,"href":"https:\/\/www.unisantos.br\/congressodireitoambiental2023\/wp-json\/wp\/v2\/comments?post=44"}],"version-history":[{"count":22,"href":"https:\/\/www.unisantos.br\/congressodireitoambiental2023\/wp-json\/wp\/v2\/pages\/44\/revisions"}],"predecessor-version":[{"id":582,"href":"https:\/\/www.unisantos.br\/congressodireitoambiental2023\/wp-json\/wp\/v2\/pages\/44\/revisions\/582"}],"wp:attachment":[{"href":"https:\/\/www.unisantos.br\/congressodireitoambiental2023\/wp-json\/wp\/v2\/media?parent=44"}],"curies":[{"name":"wp","href":"https:\/\/api.w.org\/{rel}","templated":true}]}}