{"id":31,"date":"2018-03-23T15:16:10","date_gmt":"2018-03-23T18:16:10","guid":{"rendered":"https:\/\/www.unisantos.br\/congressodireitoambiental2023\/?page_id=31"},"modified":"2025-04-02T16:34:07","modified_gmt":"2025-04-02T19:34:07","slug":"apresentacao","status":"publish","type":"page","link":"https:\/\/www.unisantos.br\/congressodireitoambiental2023\/apresentacao\/","title":{"rendered":"Apresenta\u00e7\u00e3o"},"content":{"rendered":"<p>O debate sobre como enfrentar determinadas quest\u00f5es ambientais, seja em nossa regi\u00e3o, seja em dimens\u00f5es continentais e globais, se tornou t\u00e3o importante que dificilmente encontramos encaminhamentos que n\u00e3o passem por processos de participa\u00e7\u00e3o ampliada, de aut\u00eantica governan\u00e7a.<\/p>\n<p>Neste sentido, o envolvimento de organismos internacionais, institui\u00e7\u00f5es p\u00fablicas e privadas e da sociedade nesse debate e nesse enfrentamento continua a ser crucial para o melhor encaminhamento das decis\u00f5es que venham a ser prolatadas nas mat\u00e9rias e nos contextos que implicam e se refletem na agenda da global da sustentabilidade.<\/p>\n<p>Entretanto, novos acontecimentos parecem situar o mundo diante de desafios que podem colocar em risco os avan\u00e7os logrados em d\u00e9cadas de governan\u00e7a em agendas ambientais multilaterais e multin\u00edveis.<\/p>\n<p>Assim, a Universidade Cat\u00f3lica de Santos cumpre o papel que lhe cabe como institui\u00e7\u00e3o geradora, promotora e difusora de novos olhares da ci\u00eancia do Direito sobre as complexas quest\u00f5es da governan\u00e7a ambiental global. Por meio dos programas de Doutorado em Direito Ambiental Internacional e Mestrado em Direito Ambiental e Direito Internacional, a institui\u00e7\u00e3o realiza o Congresso Internacional de Direito Ambiental Internacional, com o prop\u00f3sito de reunir congressistas do Pa\u00eds e do exterior,\u00a0 buscando dar espa\u00e7o ao exame de diversas demandas acad\u00eamicas e sociais, que propiciem uma evolu\u00e7\u00e3o de conhecimentos nessa nova \u00e1rea interdisciplinar do Direito Ambiental Internacional, bem como de outras tantas \u00e1reas afins.<\/p>\n<p><strong>JUSTIFICATIVA<br \/>\n<\/strong>\u00c9 ineg\u00e1vel que, nos \u00faltimos anos, o debate sobre determinadas quest\u00f5es que a agenda da sustentabilidade re\u00fane se v\u00ea ampliada com a inser\u00e7\u00e3o de novos temas como incertezas quanto ao futuro da governan\u00e7a ambiental global. Nesse sentido, o envolvimento da Universidade com organismos internacionais e institui\u00e7\u00f5es p\u00fablicas nesse debate, renovado a cada dois anos, \u00e9 crucial para o melhor encaminhamento das decis\u00f5es que venham a ser prolatadas nas mat\u00e9rias consideradas.<\/p>\n<p><strong>OBJETIVOS<br \/>\n<\/strong>O congresso busca, uma vez mais, responder a essas quest\u00f5es e demandas acad\u00eamicas e sociais, tendo por objetivo analisar temas relacionados com problemas ambientais e sociais estrat\u00e9gicos atuais, n\u00e3o s\u00f3 do ponto de vista da nossa regi\u00e3o geogr\u00e1fica, mas no contexto mundial, a partir da an\u00e1lise de algumas din\u00e2micas de governan\u00e7a e da proje\u00e7\u00e3o das prov\u00e1veis consequ\u00eancias, relacionando os temas \u00e0s diferentes ci\u00eancias envolvidas.<\/p>\n<p><strong>ABRANG\u00caNCIA<br \/>\n<\/strong>O congresso \u00e9 destinado a acad\u00eamicos e profissionais envolvidos com as quest\u00f5es ambientais (Direito Ambiental, Direito Internacional, Economia de Baixo Carbono, Engenharia Ambiental, Planejamento, Arquitetura, Ci\u00eancias Ambientais, Ci\u00eancias Sociais, Ci\u00eancias Pol\u00edticas, Rela\u00e7\u00f5es Internacionais, Pesquisas Espaciais etc.) dos setores p\u00fablico e privado, bem como estudantes universit\u00e1rios dessas carreiras, representantes da sociedade civil e o p\u00fablico em geral.<\/p>\n<p><strong>LOCAL\u00a0<\/strong><br \/>\nUniversidade Cat\u00f3lica de Santos<br \/>\nCampus Dom Id\u00edlio Jos\u00e9 Soares<\/p>\n<p><strong>INSCRI\u00c7\u00d5ES<\/strong><br \/>\nGratuitas e realizadas diretamente neste hotsite.<br \/>\nAs despesas referentes a deslocamento, traslado e hospedagem dos congressistas s\u00e3o totalmente por conta dos participantes.<\/p>\n<p><strong>APRESENTA\u00c7\u00d5ES<\/strong><br \/>\nSer\u00e3o disponibilizadas neste hotsite as apresenta\u00e7\u00f5es dos congressistas, conforme autorizado.<\/p>\n<p><strong>CERTIFICADOS DE PARTICIPA\u00c7\u00c3O<br \/>\n<\/strong>Certificados de participa\u00e7\u00e3o ser\u00e3o concedidos aos participantes acima de 50% de frequ\u00eancia.<br \/>\nObrigatoriedade para os alunos do 8\u00ba. semestre de Direito da Universidade Cat\u00f3lica de Santos.<br \/>\nEstudantes das disciplinas de Direito Ambiental e Direito Internacional possuem isen\u00e7\u00e3o de pagamento.<\/p>\n<p><strong>ORGANIZA\u00c7\u00c3O<\/strong><br \/>\nUniversidade Cat\u00f3lica de Santos<\/p>\n<p><strong>APOIO INSTITUCIONAL<\/strong><\/p>\n<p><strong>Sociedade Brasileira de Direito Internacional do Meio Ambiente (SBDIMA)<\/strong><br \/>\nIntegrante<\/p>\n<p><a href=\"https:\/\/www.regions4.org\/\" target=\"_blank\" rel=\"noopener\"><img loading=\"lazy\" decoding=\"async\" class=\"alignnone wp-image-226 size-medium\" src=\"https:\/\/www.unisantos.br\/congressodireitoambiental2023\/wp-content\/uploads\/sites\/6\/2020\/03\/Regions4-Main-Logo-CMYK-2.jpg_1292982762-300x122.jpg\" alt=\"\" width=\"300\" height=\"122\" srcset=\"https:\/\/www.unisantos.br\/congressodireitoambiental2023\/wp-content\/uploads\/sites\/6\/2020\/03\/Regions4-Main-Logo-CMYK-2.jpg_1292982762-300x122.jpg 300w, https:\/\/www.unisantos.br\/congressodireitoambiental2023\/wp-content\/uploads\/sites\/6\/2020\/03\/Regions4-Main-Logo-CMYK-2.jpg_1292982762.jpg 450w\" sizes=\"(max-width: 300px) 100vw, 300px\" \/><\/a> <a href=\"https:\/\/www.iucn.org\/\" target=\"_blank\" rel=\"noopener\"><img loading=\"lazy\" decoding=\"async\" class=\"alignnone wp-image-227 size-thumbnail\" src=\"https:\/\/www.unisantos.br\/congressodireitoambiental2023\/wp-content\/uploads\/sites\/6\/2020\/03\/iucn-150x150.jpg\" alt=\"\" width=\"150\" height=\"150\" \/><\/a><\/p>\n<p>&nbsp;<\/p>\n<p><strong>REALIZA\u00c7\u00c3O<\/strong><\/p>\n<p><strong>Universidade Cat\u00f3lica de Santos<\/strong><\/p>\n<p><strong><a href=\"https:\/\/www.unisantos.br\/\" target=\"_blank\" rel=\"noopener\"><img loading=\"lazy\" decoding=\"async\" class=\"alignnone wp-image-233 size-full\" src=\"https:\/\/www.unisantos.br\/congressodireitoambiental2023\/wp-content\/uploads\/sites\/6\/2020\/03\/unisantos.jpg\" alt=\"\" width=\"225\" height=\"225\" srcset=\"https:\/\/www.unisantos.br\/congressodireitoambiental2023\/wp-content\/uploads\/sites\/6\/2020\/03\/unisantos.jpg 225w, https:\/\/www.unisantos.br\/congressodireitoambiental2023\/wp-content\/uploads\/sites\/6\/2020\/03\/unisantos-150x150.jpg 150w\" sizes=\"(max-width: 225px) 100vw, 225px\" \/>\u00a0<\/a><\/strong><\/p>\n<p>&nbsp;<\/p>\n","protected":false},"excerpt":{"rendered":"<p>O debate sobre como enfrentar determinadas quest\u00f5es ambientais, seja em nossa regi\u00e3o, seja em dimens\u00f5es continentais e globais, se tornou t\u00e3o importante que dificilmente encontramos encaminhamentos que n\u00e3o passem por processos de participa\u00e7\u00e3o ampliada, de aut\u00eantica governan\u00e7a. Neste sentido, o envolvimento de organismos internacionais, institui\u00e7\u00f5es p\u00fablicas e privadas e da sociedade nesse debate e nesse [&hellip;]<\/p>\n","protected":false},"author":1,"featured_media":0,"parent":0,"menu_order":0,"comment_status":"closed","ping_status":"closed","template":"","meta":{"footnotes":""},"_links":{"self":[{"href":"https:\/\/www.unisantos.br\/congressodireitoambiental2023\/wp-json\/wp\/v2\/pages\/31"}],"collection":[{"href":"https:\/\/www.unisantos.br\/congressodireitoambiental2023\/wp-json\/wp\/v2\/pages"}],"about":[{"href":"https:\/\/www.unisantos.br\/congressodireitoambiental2023\/wp-json\/wp\/v2\/types\/page"}],"author":[{"embeddable":true,"href":"https:\/\/www.unisantos.br\/congressodireitoambiental2023\/wp-json\/wp\/v2\/users\/1"}],"replies":[{"embeddable":true,"href":"https:\/\/www.unisantos.br\/congressodireitoambiental2023\/wp-json\/wp\/v2\/comments?post=31"}],"version-history":[{"count":45,"href":"https:\/\/www.unisantos.br\/congressodireitoambiental2023\/wp-json\/wp\/v2\/pages\/31\/revisions"}],"predecessor-version":[{"id":570,"href":"https:\/\/www.unisantos.br\/congressodireitoambiental2023\/wp-json\/wp\/v2\/pages\/31\/revisions\/570"}],"wp:attachment":[{"href":"https:\/\/www.unisantos.br\/congressodireitoambiental2023\/wp-json\/wp\/v2\/media?parent=31"}],"curies":[{"name":"wp","href":"https:\/\/api.w.org\/{rel}","templated":true}]}}